{"id":736026,"date":"2025-08-27T22:59:29","date_gmt":"2025-08-27T19:59:29","guid":{"rendered":"https:\/\/roveyayinevi.com.tr\/index.php\/urun\/beyin-nedirden-yasam-nedire-ciltli\/"},"modified":"2026-04-16T02:44:43","modified_gmt":"2026-04-15T23:44:43","slug":"beyin-nedirden-yasam-nedire-ciltli","status":"publish","type":"product","link":"https:\/\/roveyayinevi.com.tr\/index.php\/urun\/beyin-nedirden-yasam-nedire-ciltli\/","title":{"rendered":"Beyin Nedir&#8217;den Ya\u015fam Nedir&#8217;e (Ciltli)"},"content":{"rendered":"<p>\u201cANLAMAKTAN DO\u011eAN SEV\u0130N\u00c7\u201d\u0130 \u00d6\u011eRENMEK Prof. Dr. T\u00fcrker K\u0131l\u0131\u00e7 hem \u00e7ok bizden hem de bize \u00e7ok farkl\u0131 bir d\u00fcnyadan. Zaten elinizdeki kitab\u0131 farkl\u0131la\u015ft\u0131ran da \u201cbizden\u201d bir ailenin \u201chep farkl\u0131 sorular\u201d soran \u00e7ocu\u011funun, nas\u0131l giderek d\u00fcnyan\u0131n en se\u00e7kin beyin cerrahlar\u0131ndan ve yeni bir bilim felsefesini aralayan beyinbilimcilerinden biri h\u00e2line gelmesinin \u00f6yk\u00fcs\u00fc olmas\u0131\u2026 T\u00fcrker K\u0131l\u0131\u00e7, Balkanlar\u2019dan Bursa\u2019ya g\u00f6\u00e7 eden orta halli bir ailenin ilk \u00e7ocu\u011fu olarak d\u00fcnyaya geldi. \u00c7evresinden farkl\u0131yd\u0131 ve hen\u00fcz ilkokul s\u0131ralar\u0131nda i\u00e7ine d\u00fc\u015fen bilim a\u015fk\u0131yla, insan beyninin gizemlerini ara\u015ft\u0131rmaya ba\u015flad\u0131. K\u0131l\u0131\u00e7\u2019\u0131n \u00e7ok \u00e7al\u0131\u015farak, \u00e7ok okuyarak, \u00e7ok anlayarak ve \u00e7ok ara\u015ft\u0131rarak var etmeyi ba\u015fard\u0131\u011f\u0131 \u201ccevher\u201d ise her girdi\u011fi okulda, ortamda fark edildi. Hen\u00fcz \u00e7ocuk ya\u015fta kendi yolunu \u00e7izmeye karar verdi\u011finde ise Muradiye Mahallesi\u2019nde ba\u015flayan ser\u00fcven Harvard\u2019a, oradan da Avrupa Bilim ve Sanat Akademisi\u2019ne kadar uzanacakt\u0131. K\u0131l\u0131\u00e7, en zor ko\u015fullarda bile pes etmiyor, vazge\u00e7miyordu. Daha iyi bir ya\u015fam ve daha iyi bir d\u00fcnya i\u00e7in kafa yorarken iyi bir bilim insan\u0131, iyi bir cerrah ve iyi bir e\u011fitimci olman\u0131n yan\u0131 s\u0131ra iyi bir aile babas\u0131 olmay\u0131 ba\u015fard\u0131. Ya\u015fam\u0131n\u0131n her d\u00f6nemi \u00f6rnek ba\u015far\u0131larla dolu bir bilim insan\u0131 olan Prof. Dr. T\u00fcrker K\u0131l\u0131\u00e7, yeni bilimsel paradigmadan do\u011facak \u201cyeni uygarl\u0131k\u201d\u0131n \u015fifrelerini, insan beyni ve n\u00f6ronal ba\u011flant\u0131 \u00fczerinden ortaya koydu. Prof. Dr. K\u0131l\u0131\u00e7\u2019\u0131n gelece\u011fin bilim insanlar\u0131na \u00f6rnek olacak s\u0131rad\u0131\u015f\u0131 ya\u015fam \u00f6yk\u00fcs\u00fc, ayn\u0131 zamanda ba\u015far\u0131ya giden s\u00fcrecin yol haritas\u0131n\u0131 da T\u00fcrkiye\u2019nin gelece\u011fini yaratacak gen\u00e7 bilim insanlar\u0131na sunuyor. Yeni bilimsel anlay\u0131\u015f\u0131n ortaya \u00e7\u0131k\u0131\u015f \u00f6yk\u00fcs\u00fc, her yetkin d\u00fc\u015f\u00fcn\u00fcrde oldu\u011fu gibi Prof. Dr. K\u0131l\u0131\u00e7\u2019\u0131n kendi ya\u015fam\u0131yla birlikte ilerliyor. Ba\u011flant\u0131sal B\u00fct\u00fcnsellik d\u00fc\u015f\u00fcncesi, sadece insan beyninin s\u0131rlar\u0131n\u0131, beynin nas\u0131l d\u00fc\u015f\u00fcnce \u00fcretti\u011fini de\u011fil, evrendeki madde, enerji, canl\u0131, cans\u0131z her par\u00e7an\u0131n ileti\u015fim i\u00e7inde varoldu\u011funu ortaya koyuyor. \u2022 Yeni bilimin y\u00f6nteminin \u201cBa\u011flant\u0131sall\u0131k\u201d, yeni k\u00fclt\u00fcr\u00fcn ise \u201cYa\u015famda\u015fl\u0131k\u201d olmas\u0131 neden \u00f6nemli?\u2022 \u201cNas\u0131l daha iyi ve g\u00fczel bir ya\u015fam kurabiliriz?\u201d sorusuna ki\u015fisel bir yan\u0131t\u0131m\u0131z\u0131n olmas\u0131 hayat\u0131m\u0131z\u0131 nas\u0131l farkl\u0131la\u015ft\u0131r\u0131yor?\u2022 Bilim en yetkin bilgi i\u015fleme sisteminin insan beyni oldu\u011funu varsayarken, asl\u0131nda en yetkin bilgi i\u015fleme sisteminin ya\u015fam\u0131n kendisi oldu\u011fu sonucu nas\u0131l ortaya \u00e7\u0131kt\u0131?\u2022 Biyolojik bilgi i\u015fleme sistemi olan insan beyni nas\u0131l d\u00fc\u015f\u00fcnce \u00fcretip zihin evrenimizi olu\u015fturuyor?\u2022 Yeni bilimsel y\u00f6ntemin ortaya \u00e7\u0131karaca\u011f\u0131 k\u00fclt\u00fcrel kodlarda neler sakl\u0131?\u2022 Bilimsel devrimin ard\u0131ndan kurumlar, e\u011fitim, inan\u00e7lar hayat\u0131m\u0131zda nas\u0131l konumlanacak?\u2022 Yapay zek\u00e2, insanl\u0131\u011f\u0131n sonunu mu getirecek yoksa ya\u015fam\u0131 zenginle\u015ftirecek mi?\u2022 Covid-19 salg\u0131n s\u00fcreciyle birlikte nas\u0131l bir d\u00fc\u015f\u00fcnsel de\u011fi\u015fim ya\u015fanacak?<\/p>\n","protected":false},"excerpt":{"rendered":"<p>\u201cANLAMAKTAN DO\u011eAN SEV\u0130N\u00c7\u201d\u0130 \u00d6\u011eRENMEK Prof. Dr. T\u00fcrker K\u0131l\u0131\u00e7 hem \u00e7ok bizden hem de bize \u00e7ok farkl\u0131 bir d\u00fcnyadan. Zaten elinizdeki kitab\u0131 farkl\u0131la\u015ft\u0131ran da \u201cbizden\u201d bir ailenin<span class=\"excerpt-hellip\"> [\u2026]<\/span><\/p>\n","protected":false},"featured_media":0,"template":"","meta":{"_monsterinsights_skip_tracking":false,"_monsterinsights_sitenote_active":false,"_monsterinsights_sitenote_note":"","_monsterinsights_sitenote_category":0},"product_brand":[],"product_cat":[13701,12291],"product_tag":[],"class_list":{"0":"post-736026","1":"product","2":"type-product","3":"status-publish","5":"product_cat-ani-mektup-gunluk","6":"product_cat-edebiyat","7":"pa_cilt-ciltli","8":"pa_tur-kitap","9":"pa_yayinevi-epsilon-yayinlari","10":"pa_yazar-mert-inan","12":"first","13":"instock","14":"sale","15":"shipping-taxable","16":"purchasable","17":"product-type-simple"},"_links":{"self":[{"href":"https:\/\/roveyayinevi.com.tr\/index.php\/wp-json\/wp\/v2\/product\/736026","targetHints":{"allow":["GET"]}}],"collection":[{"href":"https:\/\/roveyayinevi.com.tr\/index.php\/wp-json\/wp\/v2\/product"}],"about":[{"href":"https:\/\/roveyayinevi.com.tr\/index.php\/wp-json\/wp\/v2\/types\/product"}],"wp:attachment":[{"href":"https:\/\/roveyayinevi.com.tr\/index.php\/wp-json\/wp\/v2\/media?parent=736026"}],"wp:term":[{"taxonomy":"product_brand","embeddable":true,"href":"https:\/\/roveyayinevi.com.tr\/index.php\/wp-json\/wp\/v2\/product_brand?post=736026"},{"taxonomy":"product_cat","embeddable":true,"href":"https:\/\/roveyayinevi.com.tr\/index.php\/wp-json\/wp\/v2\/product_cat?post=736026"},{"taxonomy":"product_tag","embeddable":true,"href":"https:\/\/roveyayinevi.com.tr\/index.php\/wp-json\/wp\/v2\/product_tag?post=736026"}],"curies":[{"name":"wp","href":"https:\/\/api.w.org\/{rel}","templated":true}]}}