{"id":736024,"date":"2025-08-27T22:59:27","date_gmt":"2025-08-27T19:59:27","guid":{"rendered":"https:\/\/roveyayinevi.com.tr\/index.php\/urun\/saman-kral-3-cilt\/"},"modified":"2026-04-16T02:44:43","modified_gmt":"2026-04-15T23:44:43","slug":"saman-kral-3-cilt","status":"publish","type":"product","link":"https:\/\/roveyayinevi.com.tr\/index.php\/urun\/saman-kral-3-cilt\/","title":{"rendered":"\u015eaman Kral &#8211; 3. Cilt"},"content":{"rendered":"<p>600 y\u0131l \u00f6nce kendisini \u00f6ld\u00fcren samuray Amidamaru&#8217;dan intikam almak i\u00e7in yan\u0131p tutu\u015fan ruh Tokageroh i\u015f ba\u015f\u0131nda. Kullanmak i\u00e7in kendine bir v\u00fccut ararken, Yoh\u2019a duydu\u011fu \u00f6fkeyle g\u00f6z\u00fc d\u00f6nm\u00fc\u015f Tahta K\u0131l\u0131\u00e7 Ryu tam istedi\u011fi kurban olur. D\u00fc\u015fmanlar\u0131na kar\u015f\u0131 koz olarak kullanabilece\u011fi bir yemi de tesad\u00fcf eseri eline ge\u00e7irince hemen i\u015fe koyulur. Amidamaru\u2019yu derinden sarsacak gizli bir plan\u0131 olan Tokageroh kar\u015f\u0131s\u0131nda hem samuray\u0131 hem de Yoh\u2019u zorlu bir m\u00fccadele bekliyor.   Yazar ve \u00e7izer Hiroyuki Takei\u2019nin yaratt\u0131\u011f\u0131 Shaman King, heyecanl\u0131 ve bir an bile d\u00fc\u015fmeyen temposuyla sizi esir alacak bir macera! <\/p>\n","protected":false},"excerpt":{"rendered":"<p>600 y\u0131l \u00f6nce kendisini \u00f6ld\u00fcren samuray Amidamaru&#8217;dan intikam almak i\u00e7in yan\u0131p tutu\u015fan ruh Tokageroh i\u015f ba\u015f\u0131nda. Kullanmak i\u00e7in kendine bir v\u00fccut ararken, Yoh\u2019a duydu\u011fu \u00f6fkeyle g\u00f6z\u00fc<span class=\"excerpt-hellip\"> [\u2026]<\/span><\/p>\n","protected":false},"featured_media":0,"template":"","meta":{"_monsterinsights_skip_tracking":false,"_monsterinsights_sitenote_active":false,"_monsterinsights_sitenote_note":"","_monsterinsights_sitenote_category":0},"product_brand":[],"product_cat":[12416,12291],"product_tag":[],"class_list":{"0":"post-736024","1":"product","2":"type-product","3":"status-publish","5":"product_cat-cizgi-roman","6":"product_cat-edebiyat","7":"pa_cilt-ciltsiz","8":"pa_tur-kitap","9":"pa_yayinevi-akil-celen-kitaplar","10":"pa_yazar-hiroyuki-takei","12":"first","13":"instock","14":"sale","15":"shipping-taxable","16":"purchasable","17":"product-type-simple"},"_links":{"self":[{"href":"https:\/\/roveyayinevi.com.tr\/index.php\/wp-json\/wp\/v2\/product\/736024","targetHints":{"allow":["GET"]}}],"collection":[{"href":"https:\/\/roveyayinevi.com.tr\/index.php\/wp-json\/wp\/v2\/product"}],"about":[{"href":"https:\/\/roveyayinevi.com.tr\/index.php\/wp-json\/wp\/v2\/types\/product"}],"wp:attachment":[{"href":"https:\/\/roveyayinevi.com.tr\/index.php\/wp-json\/wp\/v2\/media?parent=736024"}],"wp:term":[{"taxonomy":"product_brand","embeddable":true,"href":"https:\/\/roveyayinevi.com.tr\/index.php\/wp-json\/wp\/v2\/product_brand?post=736024"},{"taxonomy":"product_cat","embeddable":true,"href":"https:\/\/roveyayinevi.com.tr\/index.php\/wp-json\/wp\/v2\/product_cat?post=736024"},{"taxonomy":"product_tag","embeddable":true,"href":"https:\/\/roveyayinevi.com.tr\/index.php\/wp-json\/wp\/v2\/product_tag?post=736024"}],"curies":[{"name":"wp","href":"https:\/\/api.w.org\/{rel}","templated":true}]}}