{"id":736023,"date":"2025-08-27T22:59:26","date_gmt":"2025-08-27T19:59:26","guid":{"rendered":"https:\/\/roveyayinevi.com.tr\/index.php\/urun\/zeki-velidi-togan\/"},"modified":"2026-04-16T02:44:43","modified_gmt":"2026-04-15T23:44:43","slug":"zeki-velidi-togan","status":"publish","type":"product","link":"https:\/\/roveyayinevi.com.tr\/index.php\/urun\/zeki-velidi-togan\/","title":{"rendered":"Zeki Velidi Togan"},"content":{"rendered":"<p>T\u00fcrkiye, Rusya, \u0130ran ve \u00c7in gibi zengin ve k\u00f6kl\u00fc tarihe sahip devletler, modern d\u00fcnyaya uyum sa\u011flamak i\u00e7in \u00e7\u0131rp\u0131n\u0131rken pek \u00e7ok \u00e2lim \u015fahsiyet yeti\u015ftirdiler. Hi\u00e7 \u015f\u00fcphe yok ki bunlardan birisi de Rusya mahk\u00fbmu T\u00fcrk boylar\u0131ndan olan Ba\u015fkurtlara mensup Zeki Velidi Togan\u2019d\u0131r. B\u0131rakt\u0131\u011f\u0131 eserlerin ilm\u00ee derinli\u011finden a\u00e7\u0131k\u00e7a anla\u015f\u0131ld\u0131\u011f\u0131 \u00fczere, fevkal\u00e2de kabiliyetli bir kimse olan Togan, erken ya\u015flarda Arap\u00e7a, Fars\u00e7a ve Rus\u00e7a gibi m\u00fchim dilleri \u00f6\u011frenmi\u015f ve daha 21 ya\u015f\u0131nda iken kaleme ald\u0131\u011f\u0131 T\u00fcrk ve Tatar Tarihi isimli kitap sayesinde akademik \u00e7evrelerce tan\u0131nm\u0131\u015f ve kendisine \u201cYa\u015f M\u00fcverrih\u201d (Gen\u00e7 Tarih\u00e7i) unvan\u0131 verilmi\u015ftir.   Hayret uyand\u0131ran karakteri ve yetenekleri, tarihi olaylar\u0131 kavrama kudreti ve b\u00fcy\u00fck tarih\u00e7ilerde bulunmas\u0131 laz\u0131m gelen g\u00fc\u00e7l\u00fc sezgileri sayesinde, zikretti\u011fimiz kaynak dillerini iyi \u00f6\u011frenerek bilgiye do\u011frudan ula\u015fabilen Togan, hem Do\u011fu hem de Bat\u0131 medeniyetlerinin niteliklerini lay\u0131k\u0131yla idrak edebilmi\u015ftir. Bu durum kendisine uluslararas\u0131 akademik \u00e7evrelerde b\u00fcy\u00fck ve hakl\u0131 bir \u015f\u00f6hret kazand\u0131rm\u0131\u015ft\u0131r.   B\u00fcy\u00fck bir tarih\u00e7i olma yolunda ilerleyen Togan\u2019\u0131n ki\u015fisel geli\u015fimini sa\u011flam temeller \u00fczerine in\u015fa edebilmesi, 1855-1917 y\u0131llar\u0131 aras\u0131nda alt\u0131n \u00e7a\u011f\u0131n\u0131 ya\u015fayan ve s\u00f6z konusu tarihlerde d\u00fcnyada emsali bulunmayan Rus T\u00fcrkoloji mektebi, \u00f6zellikle de St. Petersburg ulemas\u0131 (en ba\u015fta kendisini varisi olarak g\u00f6rd\u00fc\u011f\u00fc V. V. Bartold) sayesinde m\u00fcmk\u00fcn olmu\u015ftur. Bug\u00fcn itibariyle Togan\u2019\u0131n ilm\u00ee sayg\u0131nl\u0131\u011f\u0131 ve \u015f\u00f6hreti ya\u015fad\u0131\u011f\u0131 d\u00f6nemi fersah fersah a\u015fm\u0131\u015ft\u0131r. Kendisine ve eserlerine g\u00f6sterilen ilgi gerek yurt i\u00e7inde gerekse yurt d\u0131\u015f\u0131nda h\u0131zla artmaktad\u0131r. \u00d6zellikle Sovyetler Birli\u011fi y\u0131k\u0131ld\u0131ktan sonra Ba\u015fkurdistan ve Rusya\u2019da Togan \u00e2deta yeniden ke\u015ffedilmi\u015f ve baz\u0131 eserleri \u0130ngilizce, Rus\u00e7a ve Ba\u015fkurtcaya terc\u00fcme edilmi\u015ftir. Zeki Velidi Togan\u2019\u0131n T\u00fcrk tarih\u00e7ili\u011finde ve T\u00fcrk d\u00fc\u015f\u00fcnce hayat\u0131nda m\u00fcmtaz bir yer i\u015fgal etti\u011fi kesindir. Elinizdeki eserde, d\u00fcnyaca \u00fcnl\u00fc m\u00fcverrihi sadece tarih\u00e7i y\u00f6n\u00fcyle de\u011fil siyas\u00ee faaliyetleri ve hayat\u0131yla da okuma imk\u00e2n\u0131 bulabileceksiniz. Togan\u2019\u0131n her y\u00f6n\u00fcyle ele al\u0131nd\u0131\u011f\u0131 bu kitab\u0131n tamamlanmas\u0131 tam be\u015f y\u0131l s\u00fcrm\u00fc\u015f ve pek \u00e7ok ilim insan\u0131n katk\u0131s\u0131yla ger\u00e7ekle\u015fmi\u015ftir. Eser, otuz d\u00f6rt makaleden ve Zeki Velidi Togan Bibliyografyas\u0131\u2019ndan olu\u015fmaktad\u0131r.<\/p>\n","protected":false},"excerpt":{"rendered":"<p>T\u00fcrkiye, Rusya, \u0130ran ve \u00c7in gibi zengin ve k\u00f6kl\u00fc tarihe sahip devletler, modern d\u00fcnyaya uyum sa\u011flamak i\u00e7in \u00e7\u0131rp\u0131n\u0131rken pek \u00e7ok \u00e2lim \u015fahsiyet yeti\u015ftirdiler. Hi\u00e7 \u015f\u00fcphe yok<span class=\"excerpt-hellip\"> [\u2026]<\/span><\/p>\n","protected":false},"featured_media":0,"template":"","meta":{"_monsterinsights_skip_tracking":false,"_monsterinsights_sitenote_active":false,"_monsterinsights_sitenote_note":"","_monsterinsights_sitenote_category":0},"product_brand":[],"product_cat":[13946,12304],"product_tag":[],"class_list":{"0":"post-736023","1":"product","2":"type-product","3":"status-publish","5":"product_cat-biyografi-otobiyografi","6":"product_cat-tarih","7":"pa_cilt-ciltsiz","8":"pa_tur-kitap","9":"pa_yayinevi-kronik-kitap","10":"pa_yazar-serkan-acar","12":"first","13":"instock","14":"sale","15":"shipping-taxable","16":"purchasable","17":"product-type-simple"},"_links":{"self":[{"href":"https:\/\/roveyayinevi.com.tr\/index.php\/wp-json\/wp\/v2\/product\/736023","targetHints":{"allow":["GET"]}}],"collection":[{"href":"https:\/\/roveyayinevi.com.tr\/index.php\/wp-json\/wp\/v2\/product"}],"about":[{"href":"https:\/\/roveyayinevi.com.tr\/index.php\/wp-json\/wp\/v2\/types\/product"}],"wp:attachment":[{"href":"https:\/\/roveyayinevi.com.tr\/index.php\/wp-json\/wp\/v2\/media?parent=736023"}],"wp:term":[{"taxonomy":"product_brand","embeddable":true,"href":"https:\/\/roveyayinevi.com.tr\/index.php\/wp-json\/wp\/v2\/product_brand?post=736023"},{"taxonomy":"product_cat","embeddable":true,"href":"https:\/\/roveyayinevi.com.tr\/index.php\/wp-json\/wp\/v2\/product_cat?post=736023"},{"taxonomy":"product_tag","embeddable":true,"href":"https:\/\/roveyayinevi.com.tr\/index.php\/wp-json\/wp\/v2\/product_tag?post=736023"}],"curies":[{"name":"wp","href":"https:\/\/api.w.org\/{rel}","templated":true}]}}