{"id":736021,"date":"2025-08-27T22:59:24","date_gmt":"2025-08-27T19:59:24","guid":{"rendered":"https:\/\/roveyayinevi.com.tr\/index.php\/urun\/cicero\/"},"modified":"2026-04-16T02:44:43","modified_gmt":"2026-04-15T23:44:43","slug":"cicero","status":"publish","type":"product","link":"https:\/\/roveyayinevi.com.tr\/index.php\/urun\/cicero\/","title":{"rendered":"Cicero"},"content":{"rendered":"<p>D\u00dcNYA TAR\u0130H\u0130N\u0130N EN ZEK\u0130 S\u0130YAS\u0130 DEHASI: CICERO \u201cEveritt yetenekli, marifetli, a\u00e7\u0131k s\u00f6zl\u00fc ve \u00e7o\u011fu zaman n\u00fcktedan bir yorumcu\u2026 Cicero, Eski\u00e7a\u011f d\u00fcnyas\u0131ndaki yurdundan, g\u00fcn\u00fcm\u00fcz\u00fcn okuyucular\u0131yla ileti\u015fim kurabilen Everitt\u2019i buldu\u011fu i\u00e7in \u015fansl\u0131.\u201d \u2014The Seattle Times \u201cAnthony Everitt, Roma hayat\u0131 ve geleneklerine dair okuru s\u0131kmayan etkileyici bilgilerle dolu, anlat\u0131m\u0131nda m\u00fcthi\u015f derecede temiz ve tutarl\u0131, betimlemesindeyse b\u00fct\u00fcn\u00fcyle ikna edici, Roma siyasetinin karma\u015fas\u0131 i\u00e7in harika bir rehber kaleme alm\u0131\u015f.\u201d \u2014Dublin Sunday Independent   Caesar\u2019a meydan okudu. Gen\u00e7 Brutus\u2019un arkada\u015f\u0131yd\u0131. Pompeius\u2019a dan\u0131\u015fmanl\u0131k yapt\u0131. Marcus Antonius\u2019u kar\u015f\u0131s\u0131na al\u0131p onu azarlayabiliyordu; ona y\u00f6nelik karalama kampanyas\u0131n\u0131n ba\u015f\u0131n\u0131 \u00e7ekti. Zeki, konu\u015fkan, huysuz, siyasi manip\u00fclasyon ustas\u0131yd\u0131, ama ayn\u0131 zamanda ger\u00e7ek bir vatansever ve idealistti. Roma&#8217;n\u0131n en korkulan siyaset\u00e7isi, t\u00fcm zamanlar\u0131n en b\u00fcy\u00fck hukuk\u00e7ular\u0131ndan ve devlet adamlar\u0131ndan biriydi. Machiavelli, Krali\u00e7e Elizabeth, John Adams, Winston Churchill ve daha bir\u00e7ok siyasi fig\u00fcr onun hayat\u0131n\u0131 derinlemesine inceledi. Cicero kurnaz bir siyasi akt\u00f6rd\u00fc. Bir avukat olarak, ya\u015fad\u0131\u011f\u0131 d\u00f6nemde dengi olabilecek neredeyse hi\u00e7 kimse yoktu. Kendisiyle \u00e7ok\u00e7a \u00f6v\u00fcnen, ne yapaca\u011f\u0131na \u00e7o\u011fu zaman karar veremeyen, \u00e7ok sevdi\u011fi k\u0131z\u0131n\u0131n vefat\u0131ndan sonra g\u00fcnlerce a\u011flayarak ormanda dola\u015facak kadar duygusal bir insand\u0131 ancak her \u015feyden \u00f6nemlisi Cumhuriyet Roma\u2019s\u0131n\u0131n ya\u015fad\u0131\u011f\u0131 son g\u00fcnlerin en g\u00fczel konu\u015fan ve en keskin zek\u00e2l\u0131 tan\u0131\u011f\u0131yd\u0131. 26 ya\u015f\u0131nda halk\u0131n \u00f6n\u00fcne \u00e7\u0131kt\u0131 ve neredeyse yar\u0131m y\u00fczy\u0131l boyunca Roma hukuku ve siyasetinde \u00f6nemli rollerde bulundu. Efsanevi Catilina tertibini bozdu, Yak\u0131ndo\u011fu\u2019yu Roma egemenli\u011fine sokan muzaffer general Pompeius\u2019a tavsiyelerde bulundu ve Senato&#8217;yu Caesar\u2019a kar\u015f\u0131 harekete ge\u00e7irmek i\u00e7in sava\u015ft\u0131. Galya\u2019n\u0131n fethine, ard\u0131ndan gelen i\u00e7 sava\u015fa ve Caesar\u2019\u0131n diktat\u00f6rl\u00fc\u011f\u00fcne ve suikast\u0131na tan\u0131k oldu. Cicero, \u00f6mr\u00fc boyunca \u00f6zg\u00fcrl\u00fck savunucusu oldu. Bu dinamik ve ilgi \u00e7ekici biyografide Anthony Everitt, Antik Roma\u2019n\u0131n en g\u00f6rkemli, en b\u00fcy\u00fcleyici, skandallarla dolu d\u00f6nemini ele al\u0131yor. Senato\u2019da senat\u00f6rlerin s\u00fcrekli yasalar\u0131 \u00e7i\u011fnedi\u011fi, birbirlerine komplolar kurdu\u011fu, iftiralar att\u0131\u011f\u0131 ve birbirlerinin itibarlar\u0131n\u0131 d\u00fc\u015f\u00fcrmek ad\u0131na t\u00fcrl\u00fc hilelere ba\u015fvurdu\u011fu bu siyasi ortama Cicero\u2019nun yapt\u0131\u011f\u0131 efsanevi konu\u015fmalar ve yazd\u0131\u011f\u0131 mektuplarla tan\u0131kl\u0131k edi\u015fini b\u00fcy\u00fck bir kalem h\u00fcneriyle bug\u00fcne aktar\u0131yor. Cicero, d\u00fcnya tarihinin en dikkat \u00e7ekici siyasi fig\u00fcrlerinden olan b\u00fcy\u00fck bir yurtseverin, bir \u00f6zg\u00fcrl\u00fck savunucusunun hayat\u0131n\u0131 derinlemesine ve incelikli bir \u015fekilde ele al\u0131rken Roma\u2019daki g\u00fcndelik ya\u015fant\u0131y\u0131 g\u00f6zler \u00f6n\u00fcne serecek bir kap\u0131 a\u00e7\u0131yor. <\/p>\n","protected":false},"excerpt":{"rendered":"<p>D\u00dcNYA TAR\u0130H\u0130N\u0130N EN ZEK\u0130 S\u0130YAS\u0130 DEHASI: CICERO \u201cEveritt yetenekli, marifetli, a\u00e7\u0131k s\u00f6zl\u00fc ve \u00e7o\u011fu zaman n\u00fcktedan bir yorumcu\u2026 Cicero, Eski\u00e7a\u011f d\u00fcnyas\u0131ndaki yurdundan, g\u00fcn\u00fcm\u00fcz\u00fcn okuyucular\u0131yla ileti\u015fim kurabilen<span class=\"excerpt-hellip\"> [\u2026]<\/span><\/p>\n","protected":false},"featured_media":0,"template":"","meta":{"_monsterinsights_skip_tracking":false,"_monsterinsights_sitenote_active":false,"_monsterinsights_sitenote_note":"","_monsterinsights_sitenote_category":0},"product_brand":[],"product_cat":[12370,12304],"product_tag":[],"class_list":{"0":"post-736021","1":"product","2":"type-product","3":"status-publish","5":"product_cat-arastirma-inceleme","6":"product_cat-tarih","7":"pa_cilt-ciltsiz","8":"pa_tur-kitap","9":"pa_yayinevi-kronik-kitap","10":"pa_yazar-anthony-everitt","12":"first","13":"instock","14":"sale","15":"shipping-taxable","16":"purchasable","17":"product-type-simple"},"_links":{"self":[{"href":"https:\/\/roveyayinevi.com.tr\/index.php\/wp-json\/wp\/v2\/product\/736021","targetHints":{"allow":["GET"]}}],"collection":[{"href":"https:\/\/roveyayinevi.com.tr\/index.php\/wp-json\/wp\/v2\/product"}],"about":[{"href":"https:\/\/roveyayinevi.com.tr\/index.php\/wp-json\/wp\/v2\/types\/product"}],"wp:attachment":[{"href":"https:\/\/roveyayinevi.com.tr\/index.php\/wp-json\/wp\/v2\/media?parent=736021"}],"wp:term":[{"taxonomy":"product_brand","embeddable":true,"href":"https:\/\/roveyayinevi.com.tr\/index.php\/wp-json\/wp\/v2\/product_brand?post=736021"},{"taxonomy":"product_cat","embeddable":true,"href":"https:\/\/roveyayinevi.com.tr\/index.php\/wp-json\/wp\/v2\/product_cat?post=736021"},{"taxonomy":"product_tag","embeddable":true,"href":"https:\/\/roveyayinevi.com.tr\/index.php\/wp-json\/wp\/v2\/product_tag?post=736021"}],"curies":[{"name":"wp","href":"https:\/\/api.w.org\/{rel}","templated":true}]}}