{"id":736020,"date":"2025-08-27T22:59:23","date_gmt":"2025-08-27T19:59:23","guid":{"rendered":"https:\/\/roveyayinevi.com.tr\/index.php\/urun\/babamla-doga-yuruyusleri-bir-savascidan-dersler\/"},"modified":"2026-04-16T02:44:43","modified_gmt":"2026-04-15T23:44:43","slug":"babamla-doga-yuruyusleri-bir-savascidan-dersler","status":"publish","type":"product","link":"https:\/\/roveyayinevi.com.tr\/index.php\/urun\/babamla-doga-yuruyusleri-bir-savascidan-dersler\/","title":{"rendered":"Babamla Do\u011fa Y\u00fcr\u00fcy\u00fc\u015fleri &#8211; Bir Sava\u015f\u00e7\u0131&#8217;dan Dersler"},"content":{"rendered":"<p>\u201cO, T\u00fcrkiye\u2019nin \u00e7ocuklar\u0131na t\u0131pk\u0131 kendi \u00e7ocuklar\u0131 gibi kalbinin en derinliklerinden gelen bir sevgi duyuyordu. \u015eimdi an\u0131lar\u0131m sayesinde babam\u0131n okurlar\u0131 onun iki yan\u0131n\u0131 da g\u00f6rebilecekler. Hem tan\u0131d\u0131klar\u0131, sevdikleri taraflar\u0131n\u0131 hem de daha \u00f6nce bilmedikleri, haberdar olmad\u0131klar\u0131 yeni y\u00f6nlerini&#8230; Umuyorum ki bu an\u0131lar anne-babalar\u0131n, \u00f6\u011fretmenlerin, gen\u00e7lerin ve \u00e7ocuklar\u0131n kendi g\u00f6r\u00fc\u015flerini olu\u015fturmalar\u0131na yard\u0131m edecektir.\u201dTimur C\u00fccelo\u011fluBir \u201csava\u015f\u00e7\u0131\u201d olma yolunda ad\u0131m ad\u0131m ilerlerken, d\u00f6n\u00fcp bakt\u0131\u011f\u0131nda g\u00f6zlerini dolduran pek \u00e7ok an\u0131s\u0131 vard\u0131 Do\u011fan C\u00fccelo\u011flu\u2019nun. Yakla\u015f\u0131k d\u00f6rt y\u0131l boyunca \u00e7ocuklar\u0131ndan ayr\u0131 kalsa da i\u00e7inden gelen sesi dinlemi\u015f ve \u00e7ocuklar\u0131yla olan ili\u015fkisinin kaybolup gitmesine izin vermemi\u015fti. \u015e\u00fcphesiz burada, ba\u015fta g\u00fcn\u00fcm\u00fcz ebeveynleri olmak \u00fczere insan insana ili\u015fki arzu eden her yeti\u015fkin i\u00e7in paha bi\u00e7ilmez bir ders vard\u0131. G\u00f6le at\u0131lan bir ta\u015f\u0131n dalga dalga yay\u0131lan etkisi gibi, kendi \u00e7ocuklar\u0131ndan ba\u015flay\u0131p T\u00fcrkiye\u2019nin t\u00fcm \u00e7ocuklar\u0131na ula\u015fma \u00e7abas\u0131yla, insan\u0131n muhte\u015fem potansiyelini ve biricikli\u011fini hi\u00e7 unutmam\u0131\u015f ve unutturmamaya gayret etmi\u015f bir baba ve e\u011fitimciydi Do\u011fan C\u00fccelo\u011flu. \u00c7a\u011f\u0131n\u0131n \u00e7ok \u00f6tesinde fikirleriyle pek \u00e7ok ailenin kalbine dokundu, pek \u00e7ok \u00e7ocu\u011fun kendi bah\u00e7esinde ye\u015fermesini sa\u011flad\u0131. \u015eimdi bu yolculu\u011fun bire bir \u015fahidi Timur C\u00fccelo\u011flu\u2019nun g\u00f6z\u00fcnden, bir baba ve o\u011flun ad\u0131m ad\u0131m iyile\u015fen ili\u015fkisine \u015fahit olacaks\u0131n\u0131z. Bir Sava\u015f\u00e7\u0131\u2019dan Dersler\u2019de \u201cfilozof babas\u0131n\u0131\u201d hayat\u0131n t\u00fcrl\u00fc zorluklar\u0131nda, m\u00fccadelelerinde ve sevin\u00e7lerinde seyreden bir \u00e7ocu\u011fun samimi ve anlaml\u0131 sat\u0131rlar\u0131n\u0131 okurken hayata ve insan olmaya dair pek \u00e7ok k\u0131ymetli de\u011feri de en yal\u0131n ve g\u00fc\u00e7l\u00fc haliyle bulacaks\u0131n\u0131z.<\/p>\n","protected":false},"excerpt":{"rendered":"<p>\u201cO, T\u00fcrkiye\u2019nin \u00e7ocuklar\u0131na t\u0131pk\u0131 kendi \u00e7ocuklar\u0131 gibi kalbinin en derinliklerinden gelen bir sevgi duyuyordu. \u015eimdi an\u0131lar\u0131m sayesinde babam\u0131n okurlar\u0131 onun iki yan\u0131n\u0131 da g\u00f6rebilecekler. Hem tan\u0131d\u0131klar\u0131,<span class=\"excerpt-hellip\"> [\u2026]<\/span><\/p>\n","protected":false},"featured_media":0,"template":"","meta":{"_monsterinsights_skip_tracking":false,"_monsterinsights_sitenote_active":false,"_monsterinsights_sitenote_note":"","_monsterinsights_sitenote_category":0},"product_brand":[],"product_cat":[12364,12376],"product_tag":[],"class_list":{"0":"post-736020","1":"product","2":"type-product","3":"status-publish","5":"product_cat-genel-konular","6":"product_cat-kisisel-gelisim","7":"pa_cilt-ciltsiz","8":"pa_tur-kitap","9":"pa_yayinevi-kronik-kitap","10":"pa_yazar-timur-cuceloglu","12":"first","13":"instock","14":"sale","15":"shipping-taxable","16":"purchasable","17":"product-type-simple"},"_links":{"self":[{"href":"https:\/\/roveyayinevi.com.tr\/index.php\/wp-json\/wp\/v2\/product\/736020","targetHints":{"allow":["GET"]}}],"collection":[{"href":"https:\/\/roveyayinevi.com.tr\/index.php\/wp-json\/wp\/v2\/product"}],"about":[{"href":"https:\/\/roveyayinevi.com.tr\/index.php\/wp-json\/wp\/v2\/types\/product"}],"wp:attachment":[{"href":"https:\/\/roveyayinevi.com.tr\/index.php\/wp-json\/wp\/v2\/media?parent=736020"}],"wp:term":[{"taxonomy":"product_brand","embeddable":true,"href":"https:\/\/roveyayinevi.com.tr\/index.php\/wp-json\/wp\/v2\/product_brand?post=736020"},{"taxonomy":"product_cat","embeddable":true,"href":"https:\/\/roveyayinevi.com.tr\/index.php\/wp-json\/wp\/v2\/product_cat?post=736020"},{"taxonomy":"product_tag","embeddable":true,"href":"https:\/\/roveyayinevi.com.tr\/index.php\/wp-json\/wp\/v2\/product_tag?post=736020"}],"curies":[{"name":"wp","href":"https:\/\/api.w.org\/{rel}","templated":true}]}}