{"id":736018,"date":"2025-08-27T22:59:22","date_gmt":"2025-08-27T19:59:22","guid":{"rendered":"https:\/\/roveyayinevi.com.tr\/index.php\/urun\/ebeveynler-icin-konusma-dersleri\/"},"modified":"2026-04-16T02:44:43","modified_gmt":"2026-04-15T23:44:43","slug":"ebeveynler-icin-konusma-dersleri","status":"publish","type":"product","link":"https:\/\/roveyayinevi.com.tr\/index.php\/urun\/ebeveynler-icin-konusma-dersleri\/","title":{"rendered":"Ebeveynler \u0130\u00e7in Konu\u015fma Dersleri"},"content":{"rendered":"<p>\u00c7ocuklar\u0131n\u0131zla tart\u0131\u015fmaktan yoruldunuz mu? Kendinizi s\u00fcrekli ayn\u0131 \u015feyleri tekrar tekrar s\u00f6ylerken mi buluyorsunuz? Ya da belki \u00e7ocuklar\u0131n\u0131zla ileti\u015fim kurmaya \u00e7abalamaktan tamamen vazge\u00e7tiniz?   Ba\u015far\u0131l\u0131 ebeveynli\u011fin anahtar\u0131 ileti\u015fim kurma bi\u00e7iminizdir.   Ebeveynlerin \u00e7o\u011fu \u00e7ocuklar\u0131yla konu\u015furken s\u0131k s\u0131k, sesleri y\u00fckselen ve yalvaran, \u00f6fkeli, yaral\u0131 ki\u015filer olarak kar\u015f\u0131m\u0131za \u00e7\u0131karlar. Ses tonlar\u0131 ve beden dilleriyle \u201c\u00e7ocuk gibi davrand\u0131\u011f\u0131nda bunu kald\u0131ram\u0131yorum\u201d sinyali verirler. Ses tonu ve konu\u015fma tarz\u0131ndaki basit bir de\u011fi\u015fiklikse \u00e7ocuklar\u0131n sakinle\u015fmesini, daha dikkatli dinlemesini ve daha s\u0131cak, sayg\u0131l\u0131 ve i\u00e7ten ileti\u015fim kurmas\u0131n\u0131 sa\u011flar. Otuz y\u0131l\u0131 a\u015fk\u0131n s\u00fcredir ebeveynlik uzman\u0131 olan Dr. Wendy Mogel, Ebeveynler i\u00e7in Konu\u015fma Dersleri\u2019nde n\u00f6robilim, peri masallar\u0131 ve antropoloji gibi \u00e7e\u015fitli kaynaklardan yararlanarak \u00e7ocu\u011funuzla ili\u015fkinizi d\u00f6n\u00fc\u015ft\u00fcrmek i\u00e7in atabilece\u011finiz ad\u0131mlar\u0131 g\u00f6steren temel ve ger\u00e7ek\u00e7i bir rehber sunuyor.   D\u0131rd\u0131r ve ba\u011f\u0131rma d\u00f6ng\u00fcs\u00fcn\u00fc nas\u0131l k\u0131rars\u0131n\u0131z? \u00c7ocu\u011funuzla \u00f6l\u00fcm ve cinsellik gibi zor konular hakk\u0131nda nas\u0131l konu\u015fabilirsiniz? \u00c7ocu\u011funuzun size s\u00f6ylemeye \u00e7al\u0131\u015ft\u0131\u011f\u0131 \u015feyi nas\u0131l dinlemelisiniz? Dijital cihazlar\u0131n hem sizin hem de \u00e7ocu\u011funuz i\u00e7in neden oldu\u011fu dikkat da\u011f\u0131n\u0131kl\u0131\u011f\u0131n\u0131n \u00fcstesinden nas\u0131l gelirsiniz?   Hayat\u0131n\u0131z\u0131n her a\u015famas\u0131n\u0131n \u00e7ocuklar\u0131n\u0131zla daha iyi bir ili\u015fki kurmak i\u00e7in yeni f\u0131rsatlar getirdi\u011fini ortaya koyan bu kitap \u00e7ocu\u011funuzla nas\u0131l konu\u015faca\u011f\u0131n\u0131z, ebeveynlik hayal k\u0131r\u0131kl\u0131klar\u0131n\u0131 nas\u0131l yenece\u011finiz ve anlaml\u0131, kal\u0131c\u0131 aile ili\u015fkilerini nas\u0131l \u015fekillendirece\u011finiz konusunda size yol g\u00f6sterecek.     \u201cHer ya\u015ftan \u00e7ocu\u011fun ebeveynleri i\u00e7in yol g\u00f6sterici bir kaynak. Klinik Psikolog Wendy Mogel, en sevdi\u011finiz varl\u0131klarla ileti\u015fim kurman\u0131n sanat\u0131n\u0131 ve bilimini a\u00e7\u0131kl\u0131yor.\u201d \u2013Angela Duckworth, Azim: Sab\u0131r, Tutku ve Kararl\u0131l\u0131\u011f\u0131n G\u00fcc\u00fc\u2019n\u00fcn yazar\u0131   \u201c\u2018Amerika&#8217;n\u0131n en sayg\u0131n klinik psikologlar\u0131ndan biri\u2019 olan Dr. Mogel\u2019\u0131n bilimin ve ailelerle tecr\u00fcbesine dayanan deneyimlerinin \u0131\u015f\u0131\u011f\u0131nda sundu\u011fu tavsiyeler yaln\u0131zca \u00e7ocu\u011funuzun de\u011fil, sizin de ya\u015fam\u0131n\u0131z\u0131 iyile\u015ftirecek.\u201d \u2013Telegraph   \u201cC\u00f6mert ve bilge&#8230; Wendy Mogel ebeveynlik sorunlar\u0131n\u0131n \u00e7\u00f6z\u00fcmlerini ender rastlanan ve rahatlat\u0131c\u0131 bir yakla\u015f\u0131mla, tepeden inme kurallar olarak de\u011fil, zek\u00e2m\u0131za de\u011fer veren ve benliklerimizin en iyi taraflar\u0131n\u0131 ortaya \u00e7\u0131karan bir dizi i\u00e7g\u00f6r\u00fc olarak sunuyor.\u201d \u2013Pamela Druckerman, Bebe\u011finize Frans\u0131z Kal\u0131n\u2019\u0131n yazar\u0131<\/p>\n","protected":false},"excerpt":{"rendered":"<p>\u00c7ocuklar\u0131n\u0131zla tart\u0131\u015fmaktan yoruldunuz mu? Kendinizi s\u00fcrekli ayn\u0131 \u015feyleri tekrar tekrar s\u00f6ylerken mi buluyorsunuz? Ya da belki \u00e7ocuklar\u0131n\u0131zla ileti\u015fim kurmaya \u00e7abalamaktan tamamen vazge\u00e7tiniz? Ba\u015far\u0131l\u0131 ebeveynli\u011fin anahtar\u0131 ileti\u015fim<span class=\"excerpt-hellip\"> [\u2026]<\/span><\/p>\n","protected":false},"featured_media":0,"template":"","meta":{"_monsterinsights_skip_tracking":false,"_monsterinsights_sitenote_active":false,"_monsterinsights_sitenote_note":"","_monsterinsights_sitenote_category":0},"product_brand":[],"product_cat":[17996,12364],"product_tag":[],"class_list":{"0":"post-736018","1":"product","2":"type-product","3":"status-publish","5":"product_cat-ebeveyn-kitaplari","6":"product_cat-genel-konular","7":"pa_cilt-ciltsiz","8":"pa_tur-kitap","9":"pa_yayinevi-nova-kitap","10":"pa_yazar-wendy-mogel","12":"first","13":"instock","14":"sale","15":"shipping-taxable","16":"purchasable","17":"product-type-simple"},"_links":{"self":[{"href":"https:\/\/roveyayinevi.com.tr\/index.php\/wp-json\/wp\/v2\/product\/736018","targetHints":{"allow":["GET"]}}],"collection":[{"href":"https:\/\/roveyayinevi.com.tr\/index.php\/wp-json\/wp\/v2\/product"}],"about":[{"href":"https:\/\/roveyayinevi.com.tr\/index.php\/wp-json\/wp\/v2\/types\/product"}],"wp:attachment":[{"href":"https:\/\/roveyayinevi.com.tr\/index.php\/wp-json\/wp\/v2\/media?parent=736018"}],"wp:term":[{"taxonomy":"product_brand","embeddable":true,"href":"https:\/\/roveyayinevi.com.tr\/index.php\/wp-json\/wp\/v2\/product_brand?post=736018"},{"taxonomy":"product_cat","embeddable":true,"href":"https:\/\/roveyayinevi.com.tr\/index.php\/wp-json\/wp\/v2\/product_cat?post=736018"},{"taxonomy":"product_tag","embeddable":true,"href":"https:\/\/roveyayinevi.com.tr\/index.php\/wp-json\/wp\/v2\/product_tag?post=736018"}],"curies":[{"name":"wp","href":"https:\/\/api.w.org\/{rel}","templated":true}]}}