{"id":736017,"date":"2025-08-27T22:59:21","date_gmt":"2025-08-27T19:59:21","guid":{"rendered":"https:\/\/roveyayinevi.com.tr\/index.php\/urun\/muhtemel-imkansizliklar\/"},"modified":"2026-04-16T02:44:43","modified_gmt":"2026-04-15T23:44:43","slug":"muhtemel-imkansizliklar","status":"publish","type":"product","link":"https:\/\/roveyayinevi.com.tr\/index.php\/urun\/muhtemel-imkansizliklar\/","title":{"rendered":"Muhtemel \u0130mkans\u0131zl\u0131klar"},"content":{"rendered":"<p>\u00dcnl\u00fc bilim insan\u0131 ve yazar Alan Lightman\u2019dan hi\u00e7lik ve sonsuzlu\u011fun imk\u00e2n ve imk\u00e2ns\u0131zl\u0131klar\u0131na, kozmostaki yerimizin bu ikisi aras\u0131ndaki sal\u0131n\u0131p durmas\u0131na dair derinlikli denemeler.  Uzam nihayetsiz olarak gitgide daha k\u00fc\u00e7\u00fck birimlere b\u00f6l\u00fcnebilir mi? Ya da sonsuzlu\u011fa var\u0131ncaya dek gitgide daha b\u00fcy\u00fck alanlar\u0131 kapsayacak \u015fekilde geni\u015flemekte midir? Bilin\u00e7 dedi\u011fimiz \u015fey, tamamen maddeden olu\u015fan beynimize ve beyindeki n\u00f6ronlara indirgenebilir mi? Hayat\u0131n k\u00f6keni nedir ve biyologlar laboratuvar ortam\u0131nda s\u0131f\u0131rdan ya\u015fam yaratabilir mi? The Washington Post\u2019un \u201cbilim yazarlar\u0131n\u0131n ba\u015f \u015fairi\u201d diye niteledi\u011fi fizik\u00e7i ve roman yazar\u0131 Alan Lightman, Muhtemel \u0130mk\u00e2ns\u0131zl\u0131klar\u2019da bu sorular\u0131 ve g\u00fcl\u00fcmsemenin anatomisinden haf\u0131zan\u0131n \u00f6ng\u00f6r\u00fclemezli\u011fine, evrende ya\u015fam\u0131n asl\u0131nda \u00e7ok \u00f6zel bir \u015fey olu\u015fundan B\u00fcy\u00fck Patlama\u2019n\u0131n \u00f6ncesinde neler oldu\u011funa kadar pek \u00e7ok ilgin\u00e7 meseleyi yer yer felsefi bir bak\u0131\u015fla, ama bilim insan\u0131 kimli\u011fini asla b\u0131rakmadan tart\u0131\u015f\u0131yor. Muhtemel \u0130mk\u00e2ns\u0131zl\u0131klar, evren hakk\u0131nda, ya\u015fam ve zihin hakk\u0131nda, bizlerden son derece b\u00fcy\u00fck ve son derece k\u00fc\u00e7\u00fck \u015feyler hakk\u0131nda okurlar\u0131 derin bir tefekk\u00fcre davet ediyor.   <\/p>\n","protected":false},"excerpt":{"rendered":"<p>\u00dcnl\u00fc bilim insan\u0131 ve yazar Alan Lightman\u2019dan hi\u00e7lik ve sonsuzlu\u011fun imk\u00e2n ve imk\u00e2ns\u0131zl\u0131klar\u0131na, kozmostaki yerimizin bu ikisi aras\u0131ndaki sal\u0131n\u0131p durmas\u0131na dair derinlikli denemeler. Uzam nihayetsiz olarak<span class=\"excerpt-hellip\"> [\u2026]<\/span><\/p>\n","protected":false},"featured_media":0,"template":"","meta":{"_monsterinsights_skip_tracking":false,"_monsterinsights_sitenote_active":false,"_monsterinsights_sitenote_note":"","_monsterinsights_sitenote_category":0},"product_brand":[],"product_cat":[13005,13006],"product_tag":[],"class_list":{"0":"post-736017","1":"product","2":"type-product","3":"status-publish","5":"product_cat-bilim-muhendislik","6":"product_cat-populer-bilim","7":"pa_cilt-ciltsiz","8":"pa_tur-kitap","9":"pa_yayinevi-minotor-kitap","10":"pa_yazar-alan-lightman","12":"first","13":"instock","14":"sale","15":"shipping-taxable","16":"purchasable","17":"product-type-simple"},"_links":{"self":[{"href":"https:\/\/roveyayinevi.com.tr\/index.php\/wp-json\/wp\/v2\/product\/736017","targetHints":{"allow":["GET"]}}],"collection":[{"href":"https:\/\/roveyayinevi.com.tr\/index.php\/wp-json\/wp\/v2\/product"}],"about":[{"href":"https:\/\/roveyayinevi.com.tr\/index.php\/wp-json\/wp\/v2\/types\/product"}],"wp:attachment":[{"href":"https:\/\/roveyayinevi.com.tr\/index.php\/wp-json\/wp\/v2\/media?parent=736017"}],"wp:term":[{"taxonomy":"product_brand","embeddable":true,"href":"https:\/\/roveyayinevi.com.tr\/index.php\/wp-json\/wp\/v2\/product_brand?post=736017"},{"taxonomy":"product_cat","embeddable":true,"href":"https:\/\/roveyayinevi.com.tr\/index.php\/wp-json\/wp\/v2\/product_cat?post=736017"},{"taxonomy":"product_tag","embeddable":true,"href":"https:\/\/roveyayinevi.com.tr\/index.php\/wp-json\/wp\/v2\/product_tag?post=736017"}],"curies":[{"name":"wp","href":"https:\/\/api.w.org\/{rel}","templated":true}]}}