{"id":736012,"date":"2025-08-27T22:59:16","date_gmt":"2025-08-27T19:59:16","guid":{"rendered":"https:\/\/roveyayinevi.com.tr\/index.php\/urun\/aynali\/"},"modified":"2026-04-16T02:44:43","modified_gmt":"2026-04-15T23:44:43","slug":"aynali","status":"publish","type":"product","link":"https:\/\/roveyayinevi.com.tr\/index.php\/urun\/aynali\/","title":{"rendered":"Aynal\u0131"},"content":{"rendered":"<p>Kenar Mahalle\u2019nin \u00e7e\u015fit \u00e7e\u015fit yollar\u0131, o yollarda kimi iyi kimi k\u00f6t\u00fc, kimi dertli kimi gams\u0131z yolcu. \u0130\u00e7lerinde bir \u015fey, biri kalp diyor \u00f6teki y\u00fcrek. Bozac\u0131s\u0131 hurdac\u0131s\u0131, tezg\u00e2htar\u0131 i\u015fsizi, hademesi \u00f6\u011fretmeni, dillisi dilsizi, Yetim\u2019i Leblebi\u2019si, kad\u0131n\u0131 erke\u011fi, genci ve ya\u015fl\u0131s\u0131 koyun koyuna.   Fuat Sevimay, Aynal\u0131 roman\u0131yla insan\u0131 t\u00fcm y\u00f6nleriyle ele al\u0131rken sonunu kimsenin kestiremeyece\u011fi bir hik\u00e2ye sunuyor okura. \u00c7arp\u0131c\u0131 konusu, ustaca \u00f6r\u00fclm\u00fc\u015f kurgusu ve \u00f6zenli diliyle \u00fcst\u00fcnde durulmas\u0131 gereken, uzun zaman unutulmayacak bir roman.   \u201cAynal\u0131\u2019dan yans\u0131yan sensin. Zeynep\u2019in kaderi senin kaderin. Kalender\u2019in a\u015fk\u0131 senin a\u015fk\u0131n. Kaderi ve a\u015fk\u0131 sorgulayacaks\u0131n. Sorgulamamay\u0131 \u00f6\u011freneceksin.Ve sonra yine sorgulayacaks\u0131n.Ve sonra&#8230;. Ve sonra&#8230;\u201d <\/p>\n","protected":false},"excerpt":{"rendered":"<p>Kenar Mahalle\u2019nin \u00e7e\u015fit \u00e7e\u015fit yollar\u0131, o yollarda kimi iyi kimi k\u00f6t\u00fc, kimi dertli kimi gams\u0131z yolcu. \u0130\u00e7lerinde bir \u015fey, biri kalp diyor \u00f6teki y\u00fcrek. Bozac\u0131s\u0131 hurdac\u0131s\u0131,<span class=\"excerpt-hellip\"> [\u2026]<\/span><\/p>\n","protected":false},"featured_media":0,"template":"","meta":{"_monsterinsights_skip_tracking":false,"_monsterinsights_sitenote_active":false,"_monsterinsights_sitenote_note":"","_monsterinsights_sitenote_category":0},"product_brand":[],"product_cat":[12291,12711],"product_tag":[],"class_list":{"0":"post-736012","1":"product","2":"type-product","3":"status-publish","5":"product_cat-edebiyat","6":"product_cat-roman-oyku","7":"pa_cilt-ciltsiz","8":"pa_tur-kitap","9":"pa_yayinevi-ithaki-yayinlari","10":"pa_yazar-fuat-sevimay","12":"first","13":"instock","14":"sale","15":"shipping-taxable","16":"purchasable","17":"product-type-simple"},"_links":{"self":[{"href":"https:\/\/roveyayinevi.com.tr\/index.php\/wp-json\/wp\/v2\/product\/736012","targetHints":{"allow":["GET"]}}],"collection":[{"href":"https:\/\/roveyayinevi.com.tr\/index.php\/wp-json\/wp\/v2\/product"}],"about":[{"href":"https:\/\/roveyayinevi.com.tr\/index.php\/wp-json\/wp\/v2\/types\/product"}],"wp:attachment":[{"href":"https:\/\/roveyayinevi.com.tr\/index.php\/wp-json\/wp\/v2\/media?parent=736012"}],"wp:term":[{"taxonomy":"product_brand","embeddable":true,"href":"https:\/\/roveyayinevi.com.tr\/index.php\/wp-json\/wp\/v2\/product_brand?post=736012"},{"taxonomy":"product_cat","embeddable":true,"href":"https:\/\/roveyayinevi.com.tr\/index.php\/wp-json\/wp\/v2\/product_cat?post=736012"},{"taxonomy":"product_tag","embeddable":true,"href":"https:\/\/roveyayinevi.com.tr\/index.php\/wp-json\/wp\/v2\/product_tag?post=736012"}],"curies":[{"name":"wp","href":"https:\/\/api.w.org\/{rel}","templated":true}]}}