{"id":736010,"date":"2025-08-27T22:59:13","date_gmt":"2025-08-27T19:59:13","guid":{"rendered":"https:\/\/roveyayinevi.com.tr\/index.php\/urun\/hashas-savasi-hashas-savasi-uclemesi-1-ciltli\/"},"modified":"2026-04-16T02:44:43","modified_gmt":"2026-04-15T23:44:43","slug":"hashas-savasi-hashas-savasi-uclemesi-1-ciltli","status":"publish","type":"product","link":"https:\/\/roveyayinevi.com.tr\/index.php\/urun\/hashas-savasi-hashas-savasi-uclemesi-1-ciltli\/","title":{"rendered":"Ha\u015fha\u015f Sava\u015f\u0131 &#8211; Ha\u015fha\u015f Sava\u015f\u0131 \u00dc\u00e7lemesi 1 (Ciltli)"},"content":{"rendered":"<p>Nebula En \u0130yi Roman Aday\u0131 \/ Locus En \u0130yi \u0130lk Roman Aday\u0131 \/ D\u00fcnya Fantazi En \u0130yi Roman Aday\u0131   ONU SAVA\u015eA HAZIRLADILAR. O \u0130SE SAVA\u015eI B\u0130T\u0130RMEY\u0130 PLANLIYOR.   \u00c7in\u2019in kanl\u0131 yirminci y\u00fczy\u0131l\u0131ndan ilham alan, ihanet ve b\u00fcy\u00fc dolu bu epik fantastik roman, hayal g\u00fcc\u00fc kuvvetli bir yazar\u0131n heyecan verici ilk kitab\u0131.   Rin\u2019in, \u0130mparatorluk \u00e7ap\u0131nda d\u00fczenlenen Akademi\u2019ye giri\u015f s\u0131nav\u0131n\u0131 ge\u00e7mesine herkes \u015fa\u015f\u0131rm\u0131\u015ft\u0131. En \u00e7ok da Rin. Nikan\u2019\u0131n en prestijli askeri okulu olan Sinegard\u2019a girmesi ise daha da \u015fa\u015f\u0131rt\u0131c\u0131yd\u0131.    Ama s\u00fcrprizler her zaman iyi sonu\u00e7lanmazd\u0131.   Sinegard\u2019da koyu tenli, g\u00fcneyli bir k\u00f6yl\u00fc k\u0131z\u0131 olmak kolay de\u011fildi. Teni, fakirli\u011fi ve cinsiyeti y\u00fcz\u00fcnden s\u0131n\u0131f arkada\u015flar\u0131n\u0131n alay konusuna d\u00f6n\u00fc\u015fen Rin, do\u011fa\u00fcst\u00fc ve \u00f6l\u00fcmc\u00fcl bir g\u00fcce sahip oldu\u011funu fark etti \u2013 efsanelerdeki gibi \u015famanik g\u00fc\u00e7leri vard\u0131. Bu yetene\u011finin boyutunu, g\u00f6r\u00fcn\u00fc\u015fte deli olan hocas\u0131 ve psikoaktif maddeler yard\u0131m\u0131yla ke\u015ffe \u00e7\u0131kan Rin, uzun zamand\u0131r \u00f6l\u00fc oldu\u011fu d\u00fc\u015f\u00fcn\u00fclen tanr\u0131lar\u0131n h\u00e2l\u00e2 ya\u015fad\u0131\u011f\u0131n\u0131 \u00f6\u011frenecekti. Bu g\u00fcc\u00fc kontrol alt\u0131na almas\u0131, sadece Rin\u2019in hayat\u0131n\u0131 de\u011fil, ayn\u0131 zamanda bir imparatorlu\u011fun kaderini de de\u011fi\u015ftirecekti.   \u201cFantastik edebiyat\u0131n ola\u011fan\u00fcst\u00fc yeni kalemi.\u201d \u2013Peter V. Brett   \u201c2018\u2019in en iyi fantazi \u00e7\u0131k\u0131\u015f roman\u0131\u2026 Bu y\u0131l\u0131n Harry Potter\u2019\u0131.\u201d \u2012Wired   \u201cHa\u015fha\u015f Sava\u015f\u0131\u2019nda, R.F. Kuang tarih ve mitolojiden esinlenerek sava\u015f\u0131n, intikam\u0131n, g\u00fcc\u00fcn ve delili\u011fin ac\u0131mas\u0131z bir hik\u00e2yesini anlat\u0131yor. Kendinizi haz\u0131rlay\u0131n.\u201d \u2012Fonda Lee <\/p>\n","protected":false},"excerpt":{"rendered":"<p>Nebula En \u0130yi Roman Aday\u0131 \/ Locus En \u0130yi \u0130lk Roman Aday\u0131 \/ D\u00fcnya Fantazi En \u0130yi Roman Aday\u0131 ONU SAVA\u015eA HAZIRLADILAR. O \u0130SE SAVA\u015eI B\u0130T\u0130RMEY\u0130<span class=\"excerpt-hellip\"> [\u2026]<\/span><\/p>\n","protected":false},"featured_media":0,"template":"","meta":{"_monsterinsights_skip_tracking":false,"_monsterinsights_sitenote_active":false,"_monsterinsights_sitenote_note":"","_monsterinsights_sitenote_category":0},"product_brand":[],"product_cat":[12291,14777],"product_tag":[],"class_list":{"0":"post-736010","1":"product","2":"type-product","3":"status-publish","5":"product_cat-edebiyat","6":"product_cat-fantastik","7":"pa_cilt-ciltli","8":"pa_tur-kitap","9":"pa_yayinevi-ithaki-yayinlari","10":"pa_yazar-r-f-kuang","12":"first","13":"instock","14":"sale","15":"shipping-taxable","16":"purchasable","17":"product-type-simple"},"_links":{"self":[{"href":"https:\/\/roveyayinevi.com.tr\/index.php\/wp-json\/wp\/v2\/product\/736010","targetHints":{"allow":["GET"]}}],"collection":[{"href":"https:\/\/roveyayinevi.com.tr\/index.php\/wp-json\/wp\/v2\/product"}],"about":[{"href":"https:\/\/roveyayinevi.com.tr\/index.php\/wp-json\/wp\/v2\/types\/product"}],"wp:attachment":[{"href":"https:\/\/roveyayinevi.com.tr\/index.php\/wp-json\/wp\/v2\/media?parent=736010"}],"wp:term":[{"taxonomy":"product_brand","embeddable":true,"href":"https:\/\/roveyayinevi.com.tr\/index.php\/wp-json\/wp\/v2\/product_brand?post=736010"},{"taxonomy":"product_cat","embeddable":true,"href":"https:\/\/roveyayinevi.com.tr\/index.php\/wp-json\/wp\/v2\/product_cat?post=736010"},{"taxonomy":"product_tag","embeddable":true,"href":"https:\/\/roveyayinevi.com.tr\/index.php\/wp-json\/wp\/v2\/product_tag?post=736010"}],"curies":[{"name":"wp","href":"https:\/\/api.w.org\/{rel}","templated":true}]}}