{"id":736005,"date":"2025-08-27T22:59:08","date_gmt":"2025-08-27T19:59:08","guid":{"rendered":"https:\/\/roveyayinevi.com.tr\/index.php\/urun\/iki-keman-icin-turku-demeti\/"},"modified":"2026-04-16T02:44:43","modified_gmt":"2026-04-15T23:44:43","slug":"iki-keman-icin-turku-demeti","status":"publish","type":"product","link":"https:\/\/roveyayinevi.com.tr\/index.php\/urun\/iki-keman-icin-turku-demeti\/","title":{"rendered":"\u0130ki Keman \u0130\u00e7in T\u00fcrk\u00fc Demeti"},"content":{"rendered":"<p>Bu kitapta ulusal halk m\u00fczi\u011fimizin e\u015fsiz \u00f6rneklerinden se\u00e7ilen 10 t\u00fcrk\u00fcn\u00fcn iki keman i\u00e7in d\u00fczenlemesine yer verilmi\u015ftir. Kitap, keman e\u011fitimi s\u00fcrecinin ba\u015flang\u0131\u00e7 a\u015famas\u0131n\u0131 tamamlam\u0131\u015f \u00f6\u011frencilerin \u00f6\u011fretmenleri ile birlikte seslendirebilece\u011fi bir oda m\u00fczi\u011fi da\u011farc\u0131\u011f\u0131 olarak tasarlanm\u0131\u015ft\u0131r. Bu bak\u0131mdan hem keman e\u011fitiminde faydalan\u0131labilecek bir kaynak hem de konser programlar\u0131nda seslendirilebilecek yap\u0131dad\u0131r. Kitapta\u201cMendilinde Kar Getir\u201d, \u201cTersaneden Kalkt\u0131\u201d, \u201c\u00dc\u00e7 K\u0131z Bir Ana\u201d, \u201cEski\u015fehir Zeybe\u011fi\u201d, \u201cHelliyden Da\u011flar Kam\u0131\u015f\u201d, \u201c\u0130zmir\u2019in \u0130\u00e7inde Al Ye\u015fil Bayrak\u201d, \u201cGitme Hamdi\u2019m\u201d, \u201cEkinler Ekilirken\u201d, \u201cHarmana Kuyu Kazd\u0131m\u201d, \u201cEvleri Kayal\u0131kta\u201d adl\u0131 t\u00fcrk\u00fcler yer almaktad\u0131r.Eserlerin tamam\u0131 keman e\u011fitimi s\u00fcrecinde \u00f6\u011frencilerin m\u00fczikal ve teknik a\u00e7\u0131dan geli\u015fimlerine katk\u0131 sa\u011flayacak niteliktedir. Kitapta yer alan I. keman partisi \u00f6\u011frencinin seslendirmesi i\u00e7in 1. pozisyonda kalarak \u00e7al\u0131nabilecek \u015fekilde ve ana ezgiyi yans\u0131tan parti olarak ele al\u0131nm\u0131\u015ft\u0131r. II. keman partisi ise \u00f6\u011fretmen taraf\u0131ndan \u00e7al\u0131nabilecek d\u00fczeyde ve e\u015flik niteli\u011findedir. Kitapta yer alan d\u00fczenlemelerin seslendirili\u015fleri \u00f6rnek olmas\u0131 bak\u0131m\u0131ndan kitapla birlikte sunulmu\u015ftur. Bu noktada \u00f6\u011frencilerin \u00e7al\u0131\u015fma esnas\u0131nda yararlanabilecekleri hem iki keman (kitab\u0131n en ba\u015f\u0131nda) hem de e\u015flik kay\u0131tlar\u0131n\u0131n bulundu\u011fu kare kodlara (her eserin sayfa ba\u015f\u0131nda) yer verilmi\u015ftir. Bu kare kodlar\u0131 cep telefonunuz ile okutarak eserlerin ses kay\u0131tlar\u0131na do\u011frudan eri\u015febilirsiniz.<\/p>\n","protected":false},"excerpt":{"rendered":"<p>Bu kitapta ulusal halk m\u00fczi\u011fimizin e\u015fsiz \u00f6rneklerinden se\u00e7ilen 10 t\u00fcrk\u00fcn\u00fcn iki keman i\u00e7in d\u00fczenlemesine yer verilmi\u015ftir. Kitap, keman e\u011fitimi s\u00fcrecinin ba\u015flang\u0131\u00e7 a\u015famas\u0131n\u0131 tamamlam\u0131\u015f \u00f6\u011frencilerin \u00f6\u011fretmenleri ile<span class=\"excerpt-hellip\"> [\u2026]<\/span><\/p>\n","protected":false},"featured_media":0,"template":"","meta":{"_monsterinsights_skip_tracking":false,"_monsterinsights_sitenote_active":false,"_monsterinsights_sitenote_note":"","_monsterinsights_sitenote_category":0},"product_brand":[],"product_cat":[14556,20810],"product_tag":[],"class_list":{"0":"post-736005","1":"product","2":"type-product","3":"status-publish","5":"product_cat-muzik","6":"product_cat-ogrenim-kitaplari","7":"pa_cilt-ciltsiz","8":"pa_tur-kitap","9":"pa_yayinevi-muzik-egitimi-yayinlari","10":"pa_yazar-yildiz-mutlu-yildiz","12":"first","13":"instock","14":"sale","15":"shipping-taxable","16":"purchasable","17":"product-type-simple"},"_links":{"self":[{"href":"https:\/\/roveyayinevi.com.tr\/index.php\/wp-json\/wp\/v2\/product\/736005","targetHints":{"allow":["GET"]}}],"collection":[{"href":"https:\/\/roveyayinevi.com.tr\/index.php\/wp-json\/wp\/v2\/product"}],"about":[{"href":"https:\/\/roveyayinevi.com.tr\/index.php\/wp-json\/wp\/v2\/types\/product"}],"wp:attachment":[{"href":"https:\/\/roveyayinevi.com.tr\/index.php\/wp-json\/wp\/v2\/media?parent=736005"}],"wp:term":[{"taxonomy":"product_brand","embeddable":true,"href":"https:\/\/roveyayinevi.com.tr\/index.php\/wp-json\/wp\/v2\/product_brand?post=736005"},{"taxonomy":"product_cat","embeddable":true,"href":"https:\/\/roveyayinevi.com.tr\/index.php\/wp-json\/wp\/v2\/product_cat?post=736005"},{"taxonomy":"product_tag","embeddable":true,"href":"https:\/\/roveyayinevi.com.tr\/index.php\/wp-json\/wp\/v2\/product_tag?post=736005"}],"curies":[{"name":"wp","href":"https:\/\/api.w.org\/{rel}","templated":true}]}}