{"id":736004,"date":"2025-08-27T22:59:07","date_gmt":"2025-08-27T19:59:07","guid":{"rendered":"https:\/\/roveyayinevi.com.tr\/index.php\/urun\/dogadaki-isteme-uzerine\/"},"modified":"2026-04-16T02:44:43","modified_gmt":"2026-04-15T23:44:43","slug":"dogadaki-isteme-uzerine","status":"publish","type":"product","link":"https:\/\/roveyayinevi.com.tr\/index.php\/urun\/dogadaki-isteme-uzerine\/","title":{"rendered":"Do\u011fadaki \u0130steme \u00dczerine"},"content":{"rendered":"<p>Schopenhauer, 1819 y\u0131l\u0131nda Berlin \u00dcniversitesine yapt\u0131\u011f\u0131 ba\u015fvurudaki \u00f6zge\u00e7mi\u015finde kendini \u201cyersiz yurtsuz\u201d olarak tan\u0131mlar. Ger\u00e7ekten de onun ya\u015fam\u0131n\u0131n ilk 45 y\u0131l\u0131 bir g\u00f6\u00e7ebe hayat\u0131n\u0131 and\u0131rmaktad\u0131r. Ayn\u0131 zamanda Schopenhauer, ana eseri \u0130steme ve Tasavvur Olarak D\u00fcnya\u2019n\u0131n bas\u0131lmas\u0131n\u0131n ard\u0131ndan tam 17 sene hi\u00e7bir \u015fey yay\u0131mlamaz. Fakat t\u00fcm bunlar Schopenhauer\u2019\u0131n 1833 y\u0131l\u0131nda 45 ya\u015f\u0131ndayken Frankfurt\u2019a yerle\u015fmesiyle de\u011fi\u015fir: Hem \u00f6lene dek buradan hi\u00e7 ayr\u0131lmayacak hem de art\u0131k belirli bir yaln\u0131zl\u0131k ve m\u00fcnzevilik i\u00e7inde yay\u0131n hayat\u0131na d\u00f6necektir. \u0130\u015fte onun bu d\u00f6neminin ilk meyvesi, 1836 y\u0131l\u0131nda bas\u0131lan Do\u011fadaki \u0130steme \u00dczerine\u2019dir. Schopenhauer, bu kitapta ana eserinde ortaya koydu\u011fu metafizik ile empirik bilimlerin sonu\u00e7lar\u0131n\u0131n uyum i\u00e7inde oldu\u011funu g\u00f6stermek istemektedir. Bunu yaparken bilim d\u00fcnyas\u0131ndaki geli\u015fmelerin sadece bir takip\u00e7isi ve kay\u0131t\u00e7\u0131s\u0131 de\u011fil, bunlar\u0131n m\u00fcthi\u015f bir yorumcusudur da. Kitapta evrime dair tart\u0131\u015fmas\u0131ndan \u00c7in\u2019in tanr\u0131s\u0131z dinlerine, bitki fizyolojisinden dilbilime pek \u00e7ok konu parlak bir bi\u00e7imde i\u015flenmektedir. * * * T\u0131pk\u0131 \u0130steme ve Tasavvur Olarak D\u00fcnya ve Yeterli Temel \u0130lkesinin D\u00f6rtl\u00fc \u00dczerine\u2019de oldu\u011fu gibi T\u00fcrk\u00e7eye kazand\u0131rarak yay\u0131mlad\u0131\u011f\u0131m\u0131z Do\u011fadaki \u0130steme \u00dczerine ile birlikte Schopenhauer\u2019\u0131n felsefesinin \u2013pop\u00fclerli\u011fi de\u011fil\u2013 tan\u0131n\u0131rl\u0131\u011f\u0131 ad\u0131na dev bir ad\u0131m daha atm\u0131\u015f oluyoruz. A. Onur Akta\u015f\u2019\u0131n tutarl\u0131 ve okurun merak edebilece\u011fi her noktada a\u00e7\u0131kl\u0131k sunan \u00e7evirileri T\u00fcrk\u00e7e Schopenhauer \u00e7al\u0131\u015fmalar\u0131na ivme kazand\u0131rmaya devam ediyor. <\/p>\n","protected":false},"excerpt":{"rendered":"<p>Schopenhauer, 1819 y\u0131l\u0131nda Berlin \u00dcniversitesine yapt\u0131\u011f\u0131 ba\u015fvurudaki \u00f6zge\u00e7mi\u015finde kendini \u201cyersiz yurtsuz\u201d olarak tan\u0131mlar. Ger\u00e7ekten de onun ya\u015fam\u0131n\u0131n ilk 45 y\u0131l\u0131 bir g\u00f6\u00e7ebe hayat\u0131n\u0131 and\u0131rmaktad\u0131r. Ayn\u0131 zamanda<span class=\"excerpt-hellip\"> [\u2026]<\/span><\/p>\n","protected":false},"featured_media":0,"template":"","meta":{"_monsterinsights_skip_tracking":false,"_monsterinsights_sitenote_active":false,"_monsterinsights_sitenote_note":"","_monsterinsights_sitenote_category":0},"product_brand":[],"product_cat":[12389,12388],"product_tag":[],"class_list":{"0":"post-736004","1":"product","2":"type-product","3":"status-publish","5":"product_cat-diger-felsefe","6":"product_cat-felsefe","7":"pa_cilt-ciltsiz","8":"pa_tur-kitap","9":"pa_yayinevi-dogu-bati-yayinlari","10":"pa_yazar-arthur-schopenhauer","12":"first","13":"instock","14":"sale","15":"shipping-taxable","16":"purchasable","17":"product-type-simple"},"_links":{"self":[{"href":"https:\/\/roveyayinevi.com.tr\/index.php\/wp-json\/wp\/v2\/product\/736004","targetHints":{"allow":["GET"]}}],"collection":[{"href":"https:\/\/roveyayinevi.com.tr\/index.php\/wp-json\/wp\/v2\/product"}],"about":[{"href":"https:\/\/roveyayinevi.com.tr\/index.php\/wp-json\/wp\/v2\/types\/product"}],"wp:attachment":[{"href":"https:\/\/roveyayinevi.com.tr\/index.php\/wp-json\/wp\/v2\/media?parent=736004"}],"wp:term":[{"taxonomy":"product_brand","embeddable":true,"href":"https:\/\/roveyayinevi.com.tr\/index.php\/wp-json\/wp\/v2\/product_brand?post=736004"},{"taxonomy":"product_cat","embeddable":true,"href":"https:\/\/roveyayinevi.com.tr\/index.php\/wp-json\/wp\/v2\/product_cat?post=736004"},{"taxonomy":"product_tag","embeddable":true,"href":"https:\/\/roveyayinevi.com.tr\/index.php\/wp-json\/wp\/v2\/product_tag?post=736004"}],"curies":[{"name":"wp","href":"https:\/\/api.w.org\/{rel}","templated":true}]}}