{"id":736002,"date":"2025-08-27T22:59:05","date_gmt":"2025-08-27T19:59:05","guid":{"rendered":"https:\/\/roveyayinevi.com.tr\/index.php\/urun\/mavi-tebesir\/"},"modified":"2026-04-16T02:44:42","modified_gmt":"2026-04-15T23:44:42","slug":"mavi-tebesir","status":"publish","type":"product","link":"https:\/\/roveyayinevi.com.tr\/index.php\/urun\/mavi-tebesir\/","title":{"rendered":"Mavi Tebe\u015fir"},"content":{"rendered":"<p>Ne zaman ger\u00e7ek olaylardan al\u0131nt\u0131lanm\u0131\u015f bir hik\u00e2ye okusam, ger\u00e7eklik alg\u0131m\u0131 sorgulamaya ba\u015flar\u0131m. \u00c7o\u011fumuzun ger\u00e7ek hayat olarak g\u00f6rd\u00fc\u011f\u00fc ya\u015famlar\u0131m\u0131z, asl\u0131nda s\u0131radan olmaktan ileri gitmez. Ama baz\u0131 hayatlar vard\u0131r ki kendi hayatlar\u0131m\u0131zla kar\u015f\u0131la\u015ft\u0131rd\u0131\u011f\u0131m\u0131zda \u00fctopik bir peri masal\u0131ndan farks\u0131zd\u0131r. \u0130\u015fte bu hayatlar, biz s\u0131radan insanlar\u0131n ald\u0131\u011f\u0131 \u00f6nemli kararlarda b\u00fcy\u00fck rol oynarlar. Bizim tercih edemeyece\u011fimiz se\u00e7imleri yapm\u0131\u015flard\u0131r. Asla veremeyece\u011fimiz kararlar\u0131 uygulam\u0131\u015flard\u0131r. Nedenini sorgulamaya ba\u015flad\u0131\u011f\u0131m\u0131z an, do\u011fru ile yanl\u0131\u015f\u0131, ger\u00e7ek ile sahteyi ay\u0131rt etmeye ba\u015flar\u0131z. Bu kitapta, k\u00fc\u00e7\u00fcc\u00fck bir Anadolu k\u00f6y\u00fcnde basit bir \u00e7ift\u00e7i olarak ya\u015fayan b\u00fcy\u00fck dedem Mehmet\u2019in \u00c7anakkale Cephesi\u2019ne gitmesiyle ba\u015flayan yolculu\u011fu i\u00e7inde, zamanla Aborjin Mehmet\u2019e ve sonras\u0131nda Avustralyal\u0131 Logan Faraway\u2019e d\u00f6n\u00fc\u015f\u00fcm\u00fcn\u00fc g\u00f6rece\u011fiz. Bazen iradesi d\u0131\u015f\u0131nda bazen de kendi verdi\u011fi kararlar nedeniyle hayat\u0131n\u0131n nas\u0131l evrildi\u011fini izleyece\u011fiz. Sava\u015f\u0131n, vah\u015fetin, dostlu\u011fun, a\u015fk\u0131n, merhametin, sevginin ve umudun yo\u011fruldu\u011fu hayat\u0131n\u0131n i\u00e7inde bir yolculu\u011fa \u00e7\u0131kaca\u011f\u0131z. Belki de bu s\u00fcrprizlerle dolu maceran\u0131n sonunda oturup s\u0131radan hayatlar\u0131m\u0131z\u0131 sorgulayaca\u011f\u0131z. En az\u0131ndan ben b\u00f6yle yapt\u0131m\u2026 \u201cBir yaral\u0131dan ba\u015fka bir yaral\u0131ya ko\u015far ad\u0131mlarla ilerleyen Doktor Hudson, cepheden gelen her askerin genel durumuna bak\u0131yor, acil m\u00fcdahale ile kurtulabilecek yaral\u0131lar\u0131 mavi tebe\u015firle, kurtar\u0131lmas\u0131n\u0131 m\u00fcmk\u00fcn g\u00f6rmedi\u011fi yaral\u0131lar\u0131 da k\u0131rm\u0131z\u0131 tebe\u015firle i\u015faretliyordu. Bir tanr\u0131 gibi, \u00f6lecek veya ya\u015fayacak insanlar\u0131 se\u00e7iyordu. K\u0131rm\u0131z\u0131 tebe\u015fir neredeyse \u00f6l\u00fcm demekti, mavi tebe\u015fir ise belki ya\u015fam.\u201d <\/p>\n","protected":false},"excerpt":{"rendered":"<p>Ne zaman ger\u00e7ek olaylardan al\u0131nt\u0131lanm\u0131\u015f bir hik\u00e2ye okusam, ger\u00e7eklik alg\u0131m\u0131 sorgulamaya ba\u015flar\u0131m. \u00c7o\u011fumuzun ger\u00e7ek hayat olarak g\u00f6rd\u00fc\u011f\u00fc ya\u015famlar\u0131m\u0131z, asl\u0131nda s\u0131radan olmaktan ileri gitmez. Ama baz\u0131 hayatlar<span class=\"excerpt-hellip\"> [\u2026]<\/span><\/p>\n","protected":false},"featured_media":0,"template":"","meta":{"_monsterinsights_skip_tracking":false,"_monsterinsights_sitenote_active":false,"_monsterinsights_sitenote_note":"","_monsterinsights_sitenote_category":0},"product_brand":[],"product_cat":[12291,12711],"product_tag":[],"class_list":{"0":"post-736002","1":"product","2":"type-product","3":"status-publish","5":"product_cat-edebiyat","6":"product_cat-roman-oyku","7":"pa_cilt-ciltsiz","8":"pa_tur-kitap","9":"pa_yayinevi-luna-yayinlari","10":"pa_yazar-vedat-akyol","12":"first","13":"instock","14":"sale","15":"shipping-taxable","16":"purchasable","17":"product-type-simple"},"_links":{"self":[{"href":"https:\/\/roveyayinevi.com.tr\/index.php\/wp-json\/wp\/v2\/product\/736002","targetHints":{"allow":["GET"]}}],"collection":[{"href":"https:\/\/roveyayinevi.com.tr\/index.php\/wp-json\/wp\/v2\/product"}],"about":[{"href":"https:\/\/roveyayinevi.com.tr\/index.php\/wp-json\/wp\/v2\/types\/product"}],"wp:attachment":[{"href":"https:\/\/roveyayinevi.com.tr\/index.php\/wp-json\/wp\/v2\/media?parent=736002"}],"wp:term":[{"taxonomy":"product_brand","embeddable":true,"href":"https:\/\/roveyayinevi.com.tr\/index.php\/wp-json\/wp\/v2\/product_brand?post=736002"},{"taxonomy":"product_cat","embeddable":true,"href":"https:\/\/roveyayinevi.com.tr\/index.php\/wp-json\/wp\/v2\/product_cat?post=736002"},{"taxonomy":"product_tag","embeddable":true,"href":"https:\/\/roveyayinevi.com.tr\/index.php\/wp-json\/wp\/v2\/product_tag?post=736002"}],"curies":[{"name":"wp","href":"https:\/\/api.w.org\/{rel}","templated":true}]}}