{"id":735999,"date":"2025-08-27T22:59:01","date_gmt":"2025-08-27T19:59:01","guid":{"rendered":"https:\/\/roveyayinevi.com.tr\/index.php\/urun\/yukio-mishima-curuyen-melek\/"},"modified":"2026-04-16T02:44:42","modified_gmt":"2026-04-15T23:44:42","slug":"yukio-mishima-curuyen-melek","status":"publish","type":"product","link":"https:\/\/roveyayinevi.com.tr\/index.php\/urun\/yukio-mishima-curuyen-melek\/","title":{"rendered":"Yukio Mishima &#8211; \u00c7\u00fcr\u00fcyen Melek"},"content":{"rendered":"<p>Yukio Mishima, yaln\u0131z Japon edebiyat\u0131nda de\u011fil d\u00fcnya edebiyat\u0131nda da \u00f6nemli bir yere sahiptir. Japon k\u00fclt\u00fcr\u00fcn\u00fc kendine \u00f6zg\u00fcn olan dili ve kurdu\u011fu hik\u00e2yeleriyle Bat\u0131 okuruyla aras\u0131na bir k\u00f6pr\u00fc kurmay\u0131 ba\u015farm\u0131\u015ft\u0131r. Bu doyumsuz yazar yaln\u0131zca edebi t\u00fcrlerle de yetinmemi\u015f, sinema, tiyatro, spor, m\u00fczik, oyunculuk gibi u\u011fra\u015flar\u0131yla da kimli\u011fini beslemi\u015f ve \u00f6zellikle de 1950\u2019lerden sonra isminden s\u0131k\u00e7a s\u00f6z ettirmeyi ba\u015farm\u0131\u015ft\u0131r. Elbette d\u00fcnya g\u00f6r\u00fc\u015f\u00fc, idealleri, ait oldu\u011funu hissetti\u011fi i\u00e7in yazarl\u0131\u011f\u0131yla birle\u015ftirdi\u011fi bu\u015fido felsefesinin do\u011frultusunda eserlerini vermi\u015f ve eylemlerini ger\u00e7ekle\u015ftirmi\u015ftir.Bu \u00e7al\u0131\u015fman\u0131n amac\u0131 \u00fczerine her ge\u00e7en g\u00fcn yeni \u015feyler s\u00f6ylenen bir yazar\u0131 hakk\u0131yla tan\u0131tmaya \u00e7al\u0131\u015fmakt\u0131r. Bat\u0131l\u0131 pek \u00e7ok yazar\u0131n d\u00fc\u015ft\u00fc\u011f\u00fc bir tuzak olarak d\u00fc\u015f\u00fcnd\u00fc\u011f\u00fcm oryantalist bak\u0131\u015f a\u00e7\u0131s\u0131ndan ziyade Japon k\u00fclt\u00fcr\u00fcn\u00fc, Japon dilini, Japon tarihini ve yazar\u0131n kendine yak\u0131n g\u00f6rd\u00fc\u011f\u00fc bu\u015fido d\u00fc\u015f\u00fcncesini hakim oldu\u011fum kadar\u0131yla ele almak i\u00e7in \u00e7abalad\u0131m. Umar\u0131m gelecekte Mishima\u2019n\u0131n hem eserleri hem d\u00fc\u015f\u00fcnceleri hem de eyleminin birbirinden ba\u011f\u0131ms\u0131z olmad\u0131\u011f\u0131 asl\u0131nda hepsinin i\u00e7 i\u00e7e ge\u00e7mi\u015f bir b\u00fct\u00fcn olarak okunmas\u0131 gerekti\u011fi konusunda ortak bir g\u00f6r\u00fc\u015f hakim olur. Aksi h\u00e2lde tek ba\u011flaml\u0131 bak\u0131\u015f a\u00e7\u0131lar\u0131 yazar\u0131 anlamak i\u00e7in her zaman eksik kalacakt\u0131r.<\/p>\n","protected":false},"excerpt":{"rendered":"<p>Yukio Mishima, yaln\u0131z Japon edebiyat\u0131nda de\u011fil d\u00fcnya edebiyat\u0131nda da \u00f6nemli bir yere sahiptir. Japon k\u00fclt\u00fcr\u00fcn\u00fc kendine \u00f6zg\u00fcn olan dili ve kurdu\u011fu hik\u00e2yeleriyle Bat\u0131 okuruyla aras\u0131na bir<span class=\"excerpt-hellip\"> [\u2026]<\/span><\/p>\n","protected":false},"featured_media":0,"template":"","meta":{"_monsterinsights_skip_tracking":false,"_monsterinsights_sitenote_active":false,"_monsterinsights_sitenote_note":"","_monsterinsights_sitenote_category":0},"product_brand":[],"product_cat":[14009,12291],"product_tag":[],"class_list":{"0":"post-735999","1":"product","2":"type-product","3":"status-publish","5":"product_cat-biyografi-otobiyografi-edebiyat","6":"product_cat-edebiyat","7":"pa_cilt-ciltsiz","8":"pa_tur-kitap","9":"pa_yayinevi-japon-yayinlari","10":"pa_yazar-ata-egemen-cakil","12":"first","13":"instock","14":"sale","15":"shipping-taxable","16":"purchasable","17":"product-type-simple"},"_links":{"self":[{"href":"https:\/\/roveyayinevi.com.tr\/index.php\/wp-json\/wp\/v2\/product\/735999","targetHints":{"allow":["GET"]}}],"collection":[{"href":"https:\/\/roveyayinevi.com.tr\/index.php\/wp-json\/wp\/v2\/product"}],"about":[{"href":"https:\/\/roveyayinevi.com.tr\/index.php\/wp-json\/wp\/v2\/types\/product"}],"wp:attachment":[{"href":"https:\/\/roveyayinevi.com.tr\/index.php\/wp-json\/wp\/v2\/media?parent=735999"}],"wp:term":[{"taxonomy":"product_brand","embeddable":true,"href":"https:\/\/roveyayinevi.com.tr\/index.php\/wp-json\/wp\/v2\/product_brand?post=735999"},{"taxonomy":"product_cat","embeddable":true,"href":"https:\/\/roveyayinevi.com.tr\/index.php\/wp-json\/wp\/v2\/product_cat?post=735999"},{"taxonomy":"product_tag","embeddable":true,"href":"https:\/\/roveyayinevi.com.tr\/index.php\/wp-json\/wp\/v2\/product_tag?post=735999"}],"curies":[{"name":"wp","href":"https:\/\/api.w.org\/{rel}","templated":true}]}}