{"id":735998,"date":"2025-08-27T22:59:01","date_gmt":"2025-08-27T19:59:01","guid":{"rendered":"https:\/\/roveyayinevi.com.tr\/index.php\/urun\/kibir-bakir-tufek\/"},"modified":"2026-04-16T02:44:42","modified_gmt":"2026-04-15T23:44:42","slug":"kibir-bakir-tufek","status":"publish","type":"product","link":"https:\/\/roveyayinevi.com.tr\/index.php\/urun\/kibir-bakir-tufek\/","title":{"rendered":"Kibir, Bak\u0131r, T\u00fcfek"},"content":{"rendered":"<p>1543-1650 tarihleri aras\u0131nda Bat\u0131l\u0131lar\u0131n ve dinleri olan Hristiyanl\u0131\u011f\u0131n Japonya\u2019ya geli\u015fini inceleyen kitap, konu edindi\u011fi d\u00f6nem bak\u0131m\u0131ndan derinlemesine yaz\u0131lm\u0131\u015f birka\u00e7 T\u00fcrk\u00e7e kaynaktan biri. K\u0131z\u0131lo\u011flu kitab\u0131nda, Japonlar\u0131n barutlu silahlara olan merak\u0131yla beraber, Bat\u0131l\u0131lar\u0131n Japonlara bak\u0131\u015f\u0131n\u0131 ve yakla\u015f\u0131m\u0131n\u0131 da inceliyor. Japonlar\u0131n ilk \u00fcrettikleri t\u00fcfe\u011fin yap\u0131l\u0131\u015f\u0131ndan, son Hristiyanlar\u0131n g\u00f6nderili\u015fini kapsayan bu s\u00fcre\u00e7te, Bat\u0131l\u0131lar ve Japonlar aras\u0131ndaki k\u00fclt\u00fcrel m\u00fccadele derinlemesine kaleme al\u0131nm\u0131\u015f. Karma\u015f\u0131k iktidar ili\u015fkileri ve dini m\u00fccadelelerin yan\u0131 s\u0131ra; k\u00fclt\u00fcrel, sanatsal, felsefi, askeri, sosyolojik, iktisadi ve teolojik meseleler yak\u0131ndan inceleniyor.<\/p>\n","protected":false},"excerpt":{"rendered":"<p>1543-1650 tarihleri aras\u0131nda Bat\u0131l\u0131lar\u0131n ve dinleri olan Hristiyanl\u0131\u011f\u0131n Japonya\u2019ya geli\u015fini inceleyen kitap, konu edindi\u011fi d\u00f6nem bak\u0131m\u0131ndan derinlemesine yaz\u0131lm\u0131\u015f birka\u00e7 T\u00fcrk\u00e7e kaynaktan biri. K\u0131z\u0131lo\u011flu kitab\u0131nda, Japonlar\u0131n barutlu<span class=\"excerpt-hellip\"> [\u2026]<\/span><\/p>\n","protected":false},"featured_media":0,"template":"","meta":{"_monsterinsights_skip_tracking":false,"_monsterinsights_sitenote_active":false,"_monsterinsights_sitenote_note":"","_monsterinsights_sitenote_category":0},"product_brand":[],"product_cat":[12370,12304],"product_tag":[],"class_list":{"0":"post-735998","1":"product","2":"type-product","3":"status-publish","5":"product_cat-arastirma-inceleme","6":"product_cat-tarih","7":"pa_cilt-ciltsiz","8":"pa_tur-kitap","9":"pa_yayinevi-japon-yayinlari","10":"pa_yazar-onur-kiziloglu","12":"first","13":"instock","14":"sale","15":"shipping-taxable","16":"purchasable","17":"product-type-simple"},"_links":{"self":[{"href":"https:\/\/roveyayinevi.com.tr\/index.php\/wp-json\/wp\/v2\/product\/735998","targetHints":{"allow":["GET"]}}],"collection":[{"href":"https:\/\/roveyayinevi.com.tr\/index.php\/wp-json\/wp\/v2\/product"}],"about":[{"href":"https:\/\/roveyayinevi.com.tr\/index.php\/wp-json\/wp\/v2\/types\/product"}],"wp:attachment":[{"href":"https:\/\/roveyayinevi.com.tr\/index.php\/wp-json\/wp\/v2\/media?parent=735998"}],"wp:term":[{"taxonomy":"product_brand","embeddable":true,"href":"https:\/\/roveyayinevi.com.tr\/index.php\/wp-json\/wp\/v2\/product_brand?post=735998"},{"taxonomy":"product_cat","embeddable":true,"href":"https:\/\/roveyayinevi.com.tr\/index.php\/wp-json\/wp\/v2\/product_cat?post=735998"},{"taxonomy":"product_tag","embeddable":true,"href":"https:\/\/roveyayinevi.com.tr\/index.php\/wp-json\/wp\/v2\/product_tag?post=735998"}],"curies":[{"name":"wp","href":"https:\/\/api.w.org\/{rel}","templated":true}]}}