{"id":735996,"date":"2025-08-27T22:58:59","date_gmt":"2025-08-27T19:58:59","guid":{"rendered":"https:\/\/roveyayinevi.com.tr\/index.php\/urun\/kadindan-ressam-olmaz\/"},"modified":"2026-03-12T02:54:45","modified_gmt":"2026-03-11T23:54:45","slug":"kadindan-ressam-olmaz","status":"publish","type":"product","link":"https:\/\/roveyayinevi.com.tr\/index.php\/urun\/kadindan-ressam-olmaz\/","title":{"rendered":"Kad\u0131ndan Ressam Olmaz"},"content":{"rendered":"<p>Erkekler eserlerini imzalad\u0131klar\u0131nda eserlerinin de\u011feri artarken kad\u0131nlar imzalad\u0131klar\u0131nda de\u011feri d\u00fc\u015fer. Cinsiyet ve de\u011fere ili\u015fkin bu \u00e7\u0131\u011f\u0131r a\u00e7\u0131c\u0131 \u00e7al\u0131\u015fmas\u0131yla Helen G\u00f8rrill, sanat d\u00fcnyas\u0131nda bu t\u00fcr e\u015fitsizli\u011fin son derece yayg\u0131n oldu\u011funu ileri s\u00fcr\u00fcyor. Yeni, istatistiksel bir y\u00f6ntem kullanarak G\u00f8rrill, erkeklerin ve kad\u0131nlar\u0131n resimleri aras\u0131nda pek az estetik fark oldu\u011funu fakat erkeklerin eserlerinin kad\u0131nlar\u0131nkinden y\u00fczde 80 oran\u0131nda daha de\u011ferli bulundu\u011funu g\u00f6steren bir veritaban\u0131 olu\u015fturmu\u015ftur. Yazar, m\u00fczelerin kad\u0131n sanat\u00e7\u0131lardan numuneci bir tav\u0131rla eser sat\u0131n almak suretiyle onlar\u0131n piyasa de\u011ferini d\u00fc\u015f\u00fcrerek bu k\u0131s\u0131r d\u00f6ng\u00fcye su\u00e7 orta\u011f\u0131 olduklar\u0131n\u0131 ispatlamaktad\u0131r. Bu k\u0131\u015fk\u0131rt\u0131c\u0131 kitap \u00f6\u011frenciler, e\u011fitimciler, ara\u015ft\u0131rmac\u0131lar ve bizzat sanat\u00e7\u0131lar i\u00e7in zaruri olup bug\u00fcne dek kad\u0131nlar\u0131n sanat d\u00fcnyas\u0131ndaki rollerini belirlemi\u015f y\u00f6ntemlere meydan okumaktad\u0131r. Ayr\u0131ca kad\u0131n olman\u0131n sosyal, sembolik, k\u00fclt\u00fcrel ya da ekonomik, sanatsal takas\u0131n her a\u015famas\u0131n\u0131 etkiledi\u011fine ili\u015fkin \u00e7arp\u0131c\u0131 kan\u0131tlar sunan de\u011ferli bir kaynakt\u0131r.   Bula\u015f\u0131c\u0131 bir \u015fevkle yaz\u0131lan Kad\u0131ndan Ressam Olmaz, \u015fovenizmini \u201ckalite\u201d kisvesi ard\u0131na gizlemeye \u00e7al\u0131\u015fan b\u00fct\u00fcn akademisyenlerin, sanat\u00e7\u0131lar\u0131n, k\u00fcrat\u00f6rlerin, koleksiyoncular\u0131n ve kurumlar\u0131n y\u00fcz\u00fcnde patlayan bir tokatt\u0131r. \u0130nk\u00e2r edilemeyecek ger\u00e7eklerle ve say\u0131larla dolu kitap, okuyucular\u0131n sanat alan\u0131ndaki de\u011ferlerin kad\u0131nlar\u0131, farkl\u0131 \u0131rka mensup sanat\u00e7\u0131lar\u0131 ve \u00e7ok dar, Avrupa merkezli bir kanonun s\u0131n\u0131rlar\u0131n\u0131 a\u015fan eserleri d\u0131\u015flayacak \u015fekilde in\u015fa edilme bi\u00e7imlerini incelemesinde \u0131srarc\u0131d\u0131r. G\u00f8rrill\u2019in bu tart\u0131\u015fmal\u0131 \u00e7al\u0131\u015fmas\u0131n\u0131n kimilerini k\u0131zd\u0131rmas\u0131 m\u00fcmk\u00fcnd\u00fcr, \u00e7ok daha fazla insan\u0131 uzun vadede de\u011fi\u015fimi getirmek \u00fczere g\u00fc\u00e7lendirmesi ise \u00e7ok daha muhtemeldir.  MARSHA MESKIMMON, LOUGHBOROUGH \u00dcN\u0130VERS\u0130TES\u0130, BK <\/p>\n","protected":false},"excerpt":{"rendered":"<p>Erkekler eserlerini imzalad\u0131klar\u0131nda eserlerinin de\u011feri artarken kad\u0131nlar imzalad\u0131klar\u0131nda de\u011feri d\u00fc\u015fer. Cinsiyet ve de\u011fere ili\u015fkin bu \u00e7\u0131\u011f\u0131r a\u00e7\u0131c\u0131 \u00e7al\u0131\u015fmas\u0131yla Helen G\u00f8rrill, sanat d\u00fcnyas\u0131nda bu t\u00fcr e\u015fitsizli\u011fin son<span class=\"excerpt-hellip\"> [\u2026]<\/span><\/p>\n","protected":false},"featured_media":0,"template":"","meta":{"_monsterinsights_skip_tracking":false,"_monsterinsights_sitenote_active":false,"_monsterinsights_sitenote_note":"","_monsterinsights_sitenote_category":0},"product_brand":[],"product_cat":[44608,12408],"product_tag":[],"class_list":{"0":"post-735996","1":"product","2":"type-product","3":"status-publish","5":"product_cat-diger-sanat","6":"product_cat-sanat","7":"pa_cilt-ciltsiz","8":"pa_tur-kitap","9":"pa_yayinevi-hayalperest-yayinlari","10":"pa_yazar-helen-gorrill","12":"first","13":"instock","14":"sale","15":"shipping-taxable","16":"purchasable","17":"product-type-simple"},"_links":{"self":[{"href":"https:\/\/roveyayinevi.com.tr\/index.php\/wp-json\/wp\/v2\/product\/735996","targetHints":{"allow":["GET"]}}],"collection":[{"href":"https:\/\/roveyayinevi.com.tr\/index.php\/wp-json\/wp\/v2\/product"}],"about":[{"href":"https:\/\/roveyayinevi.com.tr\/index.php\/wp-json\/wp\/v2\/types\/product"}],"wp:attachment":[{"href":"https:\/\/roveyayinevi.com.tr\/index.php\/wp-json\/wp\/v2\/media?parent=735996"}],"wp:term":[{"taxonomy":"product_brand","embeddable":true,"href":"https:\/\/roveyayinevi.com.tr\/index.php\/wp-json\/wp\/v2\/product_brand?post=735996"},{"taxonomy":"product_cat","embeddable":true,"href":"https:\/\/roveyayinevi.com.tr\/index.php\/wp-json\/wp\/v2\/product_cat?post=735996"},{"taxonomy":"product_tag","embeddable":true,"href":"https:\/\/roveyayinevi.com.tr\/index.php\/wp-json\/wp\/v2\/product_tag?post=735996"}],"curies":[{"name":"wp","href":"https:\/\/api.w.org\/{rel}","templated":true}]}}