{"id":735992,"date":"2025-08-27T22:58:54","date_gmt":"2025-08-27T19:58:54","guid":{"rendered":"https:\/\/roveyayinevi.com.tr\/index.php\/urun\/ates-bocegi-sozu\/"},"modified":"2026-04-16T02:44:42","modified_gmt":"2026-04-15T23:44:42","slug":"ates-bocegi-sozu","status":"publish","type":"product","link":"https:\/\/roveyayinevi.com.tr\/index.php\/urun\/ates-bocegi-sozu\/","title":{"rendered":"Ate\u015f B\u00f6ce\u011fi S\u00f6z\u00fc"},"content":{"rendered":"<p>I\u015f\u0131kl\u0131 Yol Orman\u0131\u2019nda ya\u015fayan t\u00fcm ate\u015f b\u00f6ceklerini yaz mevsiminin gelmesiyle birlikte tatl\u0131 bir tela\u015f sarm\u0131\u015ft\u0131. Tarih 21 Haziran\u2019\u0131 g\u00f6sterdi\u011finde ate\u015f b\u00f6cekleri bir s\u00f6z verecekti ormandaki t\u00fcm dostlar\u0131na. Oysa orman\u0131n g\u00f6zbebe\u011fi k\u00fc\u00e7\u00fck \u0130lma\u2019n\u0131n \u0131\u015f\u0131\u011f\u0131 her ge\u00e7en g\u00fcn azal\u0131yordu. Ate\u015f b\u00f6ce\u011fi s\u00f6z\u00fc verece\u011fi t\u00f6rene kadar yeniden \u0131\u015f\u0131k sa\u00e7may\u0131 ba\u015farabilecek miydi? <\/p>\n","protected":false},"excerpt":{"rendered":"<p>I\u015f\u0131kl\u0131 Yol Orman\u0131\u2019nda ya\u015fayan t\u00fcm ate\u015f b\u00f6ceklerini yaz mevsiminin gelmesiyle birlikte tatl\u0131 bir tela\u015f sarm\u0131\u015ft\u0131. Tarih 21 Haziran\u2019\u0131 g\u00f6sterdi\u011finde ate\u015f b\u00f6cekleri bir s\u00f6z verecekti ormandaki t\u00fcm<span class=\"excerpt-hellip\"> [\u2026]<\/span><\/p>\n","protected":false},"featured_media":0,"template":"","meta":{"_monsterinsights_skip_tracking":false,"_monsterinsights_sitenote_active":false,"_monsterinsights_sitenote_note":"","_monsterinsights_sitenote_category":0},"product_brand":[],"product_cat":[12275,12274],"product_tag":[],"class_list":{"0":"post-735992","1":"product","2":"type-product","3":"status-publish","5":"product_cat-6-12-yas-kitaplari","6":"product_cat-cocuk-ve-genclik-kitaplari","7":"pa_cilt-ciltsiz","8":"pa_tur-kitap","9":"pa_yayinevi-dogan-cocuk","10":"pa_yazar-aysel-turgut","12":"first","13":"instock","14":"sale","15":"shipping-taxable","16":"purchasable","17":"product-type-simple"},"_links":{"self":[{"href":"https:\/\/roveyayinevi.com.tr\/index.php\/wp-json\/wp\/v2\/product\/735992","targetHints":{"allow":["GET"]}}],"collection":[{"href":"https:\/\/roveyayinevi.com.tr\/index.php\/wp-json\/wp\/v2\/product"}],"about":[{"href":"https:\/\/roveyayinevi.com.tr\/index.php\/wp-json\/wp\/v2\/types\/product"}],"wp:attachment":[{"href":"https:\/\/roveyayinevi.com.tr\/index.php\/wp-json\/wp\/v2\/media?parent=735992"}],"wp:term":[{"taxonomy":"product_brand","embeddable":true,"href":"https:\/\/roveyayinevi.com.tr\/index.php\/wp-json\/wp\/v2\/product_brand?post=735992"},{"taxonomy":"product_cat","embeddable":true,"href":"https:\/\/roveyayinevi.com.tr\/index.php\/wp-json\/wp\/v2\/product_cat?post=735992"},{"taxonomy":"product_tag","embeddable":true,"href":"https:\/\/roveyayinevi.com.tr\/index.php\/wp-json\/wp\/v2\/product_tag?post=735992"}],"curies":[{"name":"wp","href":"https:\/\/api.w.org\/{rel}","templated":true}]}}