{"id":735991,"date":"2025-08-27T22:58:53","date_gmt":"2025-08-27T19:58:53","guid":{"rendered":"https:\/\/roveyayinevi.com.tr\/index.php\/urun\/kadim-bursadan-inciler\/"},"modified":"2026-03-13T02:43:46","modified_gmt":"2026-03-12T23:43:46","slug":"kadim-bursadan-inciler","status":"publish","type":"product","link":"https:\/\/roveyayinevi.com.tr\/index.php\/urun\/kadim-bursadan-inciler\/","title":{"rendered":"Kadim Bursa&#8217;dan \u0130nciler"},"content":{"rendered":"<p>Merhaba dostlar, bu kitab\u0131 yazarken \u00e7ok g\u00fczel olmas\u0131na de\u011fil, i\u00e7inde yazanlar\u0131n hepimizin hayat\u0131ndan kesitler sunmas\u0131na \u00f6nem verdik. Bu kitab\u0131 yazan hepimiziz. Yamal\u0131 pantolonlarda b\u00fcy\u00fcyenler, en iyi \u00fcniversitede okuyanlar, Marmara Denizi&#8217;nin mavili\u011fini, zeytin a\u011fac\u0131n\u0131n ye\u015filini i\u00e7inde ya\u015fatanlar, ge\u00e7mi\u015fin g\u00fczelli\u011finde seyahat ederken sevgiyi, d\u00fcr\u00fcstl\u00fc\u011f\u00fc unutmam\u0131\u015f insanlar\u0131n manifestosudur bu k\u00fc\u00e7\u00fcc\u00fck kitap&#8230; Bu kitab\u0131 kimseye vermeyin. K\u0131z\u0131n\u0131z\u0131n \u00e7eyiz sand\u0131\u011f\u0131na ya da o\u011flunuzun en sevdi\u011fi e\u015fyan\u0131n yan\u0131na koyun. Bu kitap, zaman\u0131 geldi\u011finde mutlaka okunacakt\u0131r. Bu kitap, sizin d\u00fcnyaya b\u0131rakaca\u011f\u0131n\u0131z en de\u011ferli an\u0131d\u0131r. \u00c7\u00fcnk\u00fc sizin ya\u015fam\u0131n\u0131zd\u0131r. Sa\u011fl\u0131kla ya\u015fay\u0131n\u2026   Levent G\u00d6\u00c7MEN\u00d6Z <\/p>\n","protected":false},"excerpt":{"rendered":"<p>Merhaba dostlar, bu kitab\u0131 yazarken \u00e7ok g\u00fczel olmas\u0131na de\u011fil, i\u00e7inde yazanlar\u0131n hepimizin hayat\u0131ndan kesitler sunmas\u0131na \u00f6nem verdik. Bu kitab\u0131 yazan hepimiziz. Yamal\u0131 pantolonlarda b\u00fcy\u00fcyenler, en iyi<span class=\"excerpt-hellip\"> [\u2026]<\/span><\/p>\n","protected":false},"featured_media":0,"template":"","meta":{"_monsterinsights_skip_tracking":false,"_monsterinsights_sitenote_active":false,"_monsterinsights_sitenote_note":"","_monsterinsights_sitenote_category":0},"product_brand":[],"product_cat":[12777,12291],"product_tag":[],"class_list":{"0":"post-735991","1":"product","2":"type-product","3":"status-publish","5":"product_cat-deneme","6":"product_cat-edebiyat","7":"pa_cilt-ciltsiz","8":"pa_tur-kitap","9":"pa_yayinevi-karina-yayinevi","10":"pa_yazar-levent-gocmenoz","12":"first","13":"instock","14":"sale","15":"shipping-taxable","16":"purchasable","17":"product-type-simple"},"_links":{"self":[{"href":"https:\/\/roveyayinevi.com.tr\/index.php\/wp-json\/wp\/v2\/product\/735991","targetHints":{"allow":["GET"]}}],"collection":[{"href":"https:\/\/roveyayinevi.com.tr\/index.php\/wp-json\/wp\/v2\/product"}],"about":[{"href":"https:\/\/roveyayinevi.com.tr\/index.php\/wp-json\/wp\/v2\/types\/product"}],"wp:attachment":[{"href":"https:\/\/roveyayinevi.com.tr\/index.php\/wp-json\/wp\/v2\/media?parent=735991"}],"wp:term":[{"taxonomy":"product_brand","embeddable":true,"href":"https:\/\/roveyayinevi.com.tr\/index.php\/wp-json\/wp\/v2\/product_brand?post=735991"},{"taxonomy":"product_cat","embeddable":true,"href":"https:\/\/roveyayinevi.com.tr\/index.php\/wp-json\/wp\/v2\/product_cat?post=735991"},{"taxonomy":"product_tag","embeddable":true,"href":"https:\/\/roveyayinevi.com.tr\/index.php\/wp-json\/wp\/v2\/product_tag?post=735991"}],"curies":[{"name":"wp","href":"https:\/\/api.w.org\/{rel}","templated":true}]}}