{"id":735990,"date":"2025-08-27T22:58:52","date_gmt":"2025-08-27T19:58:52","guid":{"rendered":"https:\/\/roveyayinevi.com.tr\/index.php\/urun\/dunya-cocukla-kardes-dunya-cocuklari-siir-atlasi-1\/"},"modified":"2026-04-16T02:44:42","modified_gmt":"2026-04-15T23:44:42","slug":"dunya-cocukla-kardes-dunya-cocuklari-siir-atlasi-1","status":"publish","type":"product","link":"https:\/\/roveyayinevi.com.tr\/index.php\/urun\/dunya-cocukla-kardes-dunya-cocuklari-siir-atlasi-1\/","title":{"rendered":"D\u00fcnya \u00c7ocukla Karde\u015f &#8211; D\u00fcnya \u00c7ocuklar\u0131 \u015eiir Atlas\u0131 1"},"content":{"rendered":"<p>Bu kitap, Mustafa Ruhi \u015eirin\u2019in \u201cD\u00fcnya \u00c7ocuklar\u0131 \u015eiir Atlas\u0131\u201d alt ba\u015fl\u0131\u011f\u0131 alt\u0131nda toplad\u0131\u011f\u0131 \u00fc\u00e7lemenin ilk b\u00f6l\u00fcm\u00fc. \u00dc\u00e7leme, Afrika T\u00fcrk\u00fcs\u00fc ve Sevgidir U\u00e7urtma ba\u015fl\u0131kl\u0131 kitaplar\u0131 ile insan\u0131n d\u00fcnya \u00fczerindeki varl\u0131\u011f\u0131n\u0131n, yarad\u0131l\u0131\u015f \u00f6yk\u00fcs\u00fcyle ba\u015flay\u0131p, g\u00fcn\u00fcm\u00fcze s\u00fcregelen b\u00fcy\u00fck destan\u0131n\u0131n \u015fiirsel anlat\u0131m\u0131. Bu \u00fc\u00e7leme, \u015eirin\u2019in \u00e7ocuklar i\u00e7in \u015fiir yolculu\u011funda yapt\u0131\u011f\u0131 ve \u00e7ocuk yaz\u0131n\u0131m\u0131zda destans\u0131 anlat\u0131ma iyi bir \u00f6rnek \u00e7al\u0131\u015fma oldu\u011fu kadar b\u00fct\u00fcnl\u00fckl\u00fc bir \u015fiirler demeti. \u0130lk \u00e7ocukla ba\u015flayan tarihsel s\u00fcreci izlerken de \u015fiirleri s\u0131ras\u0131z okudu\u011funuzda da hi\u00e7bir eksiklik duyumsam\u0131yorsunuz. Her biri \u00f6zenle s\u0131ralanm\u0131\u015f dizelerle dolu \u015fiirler sizi sar\u0131p sarmalay\u0131p bitimsiz bir yolculu\u011fa \u00e7\u0131kar\u0131yor. Bu yolculuk imgeleri, \u015eirin\u2019in, duyarl\u0131, \u015fair yan\u0131n\u0131 belle\u011finize birer birer kaz\u0131yor. Bana da yapt\u0131\u011f\u0131 gibi: \u201cHer gece r\u00fcyada bir ser\u00e7e olmak\u201d, \u201cG\u00fcne\u015fin kayboldu\u011fu gecelerde, Simbad\u2019\u0131n lambas\u0131yla ayd\u0131nlanan bir \u015fairi g\u00f6rmek\u201d, \u201cKu\u015flar\u0131n izinden \u00e7\u0131kan harflerle yaz\u0131lm\u0131\u015f bu \u015fiirlerin \u015fairi\u201d, \u201cD\u00fcnyay\u0131 sobeledi\u011fi gibi\u201d sizleri de bu \u00fc\u00e7lemesiyle sobeleyecek&#8230; Yalva\u00e7 Ural<\/p>\n","protected":false},"excerpt":{"rendered":"<p>Bu kitap, Mustafa Ruhi \u015eirin\u2019in \u201cD\u00fcnya \u00c7ocuklar\u0131 \u015eiir Atlas\u0131\u201d alt ba\u015fl\u0131\u011f\u0131 alt\u0131nda toplad\u0131\u011f\u0131 \u00fc\u00e7lemenin ilk b\u00f6l\u00fcm\u00fc. \u00dc\u00e7leme, Afrika T\u00fcrk\u00fcs\u00fc ve Sevgidir U\u00e7urtma ba\u015fl\u0131kl\u0131 kitaplar\u0131 ile insan\u0131n<span class=\"excerpt-hellip\"> [\u2026]<\/span><\/p>\n","protected":false},"featured_media":0,"template":"","meta":{"_monsterinsights_skip_tracking":false,"_monsterinsights_sitenote_active":false,"_monsterinsights_sitenote_note":"","_monsterinsights_sitenote_category":0},"product_brand":[],"product_cat":[12275,12274],"product_tag":[],"class_list":{"0":"post-735990","1":"product","2":"type-product","3":"status-publish","5":"product_cat-6-12-yas-kitaplari","6":"product_cat-cocuk-ve-genclik-kitaplari","7":"pa_cilt-ciltsiz","8":"pa_tur-kitap","9":"pa_yayinevi-turkuvaz-kitap","10":"pa_yazar-mustafa-ruhi-sirin","12":"first","13":"instock","14":"sale","15":"shipping-taxable","16":"purchasable","17":"product-type-simple"},"_links":{"self":[{"href":"https:\/\/roveyayinevi.com.tr\/index.php\/wp-json\/wp\/v2\/product\/735990","targetHints":{"allow":["GET"]}}],"collection":[{"href":"https:\/\/roveyayinevi.com.tr\/index.php\/wp-json\/wp\/v2\/product"}],"about":[{"href":"https:\/\/roveyayinevi.com.tr\/index.php\/wp-json\/wp\/v2\/types\/product"}],"wp:attachment":[{"href":"https:\/\/roveyayinevi.com.tr\/index.php\/wp-json\/wp\/v2\/media?parent=735990"}],"wp:term":[{"taxonomy":"product_brand","embeddable":true,"href":"https:\/\/roveyayinevi.com.tr\/index.php\/wp-json\/wp\/v2\/product_brand?post=735990"},{"taxonomy":"product_cat","embeddable":true,"href":"https:\/\/roveyayinevi.com.tr\/index.php\/wp-json\/wp\/v2\/product_cat?post=735990"},{"taxonomy":"product_tag","embeddable":true,"href":"https:\/\/roveyayinevi.com.tr\/index.php\/wp-json\/wp\/v2\/product_tag?post=735990"}],"curies":[{"name":"wp","href":"https:\/\/api.w.org\/{rel}","templated":true}]}}