{"id":735989,"date":"2025-08-27T22:58:51","date_gmt":"2025-08-27T19:58:51","guid":{"rendered":"https:\/\/roveyayinevi.com.tr\/index.php\/urun\/nereden-cikti-bu-kardes\/"},"modified":"2026-04-16T02:44:42","modified_gmt":"2026-04-15T23:44:42","slug":"nereden-cikti-bu-kardes","status":"publish","type":"product","link":"https:\/\/roveyayinevi.com.tr\/index.php\/urun\/nereden-cikti-bu-kardes\/","title":{"rendered":"Nereden \u00c7\u0131kt\u0131 Bu Karde\u015f!"},"content":{"rendered":"<p>\u00c7ocu\u011funuz i\u00e7in resimli bir \u00f6yk\u00fc, sizin i\u00e7inse bir rehber: B\u00fcy\u00fcrken kar\u015f\u0131la\u015faca\u011f\u0131 zorluklar\u0131 a\u015fmada \u00e7ocu\u011funuza nas\u0131l yard\u0131mc\u0131 olacaks\u0131n\u0131z? K\u00fc\u00e7\u00fck bir karde\u015fin geli\u015fine art\u0131k \u00e7ok az zaman kald\u0131. B\u00fcy\u00fck \u00e7ocu\u011funuz, art\u0131k ailenin tek \u00e7ocu\u011fu olmad\u0131\u011f\u0131n\u0131 kolay kolay kabullenmeyebilir. Ama oyuncaklar, sar\u0131lmalar, kahkahalar ve sevginiz herkes i\u00e7in yeterli olacakt\u0131r. Ne Zormu\u015f B\u00fcy\u00fcmek serisinin yedinci kitab\u0131 Nereden \u00c7\u0131kt\u0131 Bu Karde\u015f! bol resimli ve kafiyeli anlat\u0131m\u0131yla \u00e7ocu\u011funuzun karde\u015fi ile ilgili endi\u015felerini giderecek, etkinlik \u00f6nerileriyle de sizlerin \u00e7ocu\u011funuzla do\u011fru ileti\u015fim kurman\u0131z\u0131 sa\u011flayacak<\/p>\n","protected":false},"excerpt":{"rendered":"<p>\u00c7ocu\u011funuz i\u00e7in resimli bir \u00f6yk\u00fc, sizin i\u00e7inse bir rehber: B\u00fcy\u00fcrken kar\u015f\u0131la\u015faca\u011f\u0131 zorluklar\u0131 a\u015fmada \u00e7ocu\u011funuza nas\u0131l yard\u0131mc\u0131 olacaks\u0131n\u0131z? K\u00fc\u00e7\u00fck bir karde\u015fin geli\u015fine art\u0131k \u00e7ok az zaman kald\u0131.<span class=\"excerpt-hellip\"> [\u2026]<\/span><\/p>\n","protected":false},"featured_media":0,"template":"","meta":{"_monsterinsights_skip_tracking":false,"_monsterinsights_sitenote_active":false,"_monsterinsights_sitenote_note":"","_monsterinsights_sitenote_category":0},"product_brand":[],"product_cat":[12913,12274],"product_tag":[],"class_list":{"0":"post-735989","1":"product","2":"type-product","3":"status-publish","5":"product_cat-3-6-yas-kitaplari","6":"product_cat-cocuk-ve-genclik-kitaplari","7":"pa_cilt-ciltsiz","8":"pa_tur-kitap","9":"pa_yayinevi-turkuvaz-kitap","10":"pa_yazar-alberto-pellai","12":"first","13":"instock","14":"sale","15":"shipping-taxable","16":"purchasable","17":"product-type-simple"},"_links":{"self":[{"href":"https:\/\/roveyayinevi.com.tr\/index.php\/wp-json\/wp\/v2\/product\/735989","targetHints":{"allow":["GET"]}}],"collection":[{"href":"https:\/\/roveyayinevi.com.tr\/index.php\/wp-json\/wp\/v2\/product"}],"about":[{"href":"https:\/\/roveyayinevi.com.tr\/index.php\/wp-json\/wp\/v2\/types\/product"}],"wp:attachment":[{"href":"https:\/\/roveyayinevi.com.tr\/index.php\/wp-json\/wp\/v2\/media?parent=735989"}],"wp:term":[{"taxonomy":"product_brand","embeddable":true,"href":"https:\/\/roveyayinevi.com.tr\/index.php\/wp-json\/wp\/v2\/product_brand?post=735989"},{"taxonomy":"product_cat","embeddable":true,"href":"https:\/\/roveyayinevi.com.tr\/index.php\/wp-json\/wp\/v2\/product_cat?post=735989"},{"taxonomy":"product_tag","embeddable":true,"href":"https:\/\/roveyayinevi.com.tr\/index.php\/wp-json\/wp\/v2\/product_tag?post=735989"}],"curies":[{"name":"wp","href":"https:\/\/api.w.org\/{rel}","templated":true}]}}