{"id":735988,"date":"2025-08-27T22:58:50","date_gmt":"2025-08-27T19:58:50","guid":{"rendered":"https:\/\/roveyayinevi.com.tr\/index.php\/urun\/bulusmalar-2\/"},"modified":"2026-04-16T02:44:42","modified_gmt":"2026-04-15T23:44:42","slug":"bulusmalar-2","status":"publish","type":"product","link":"https:\/\/roveyayinevi.com.tr\/index.php\/urun\/bulusmalar-2\/","title":{"rendered":"Bulu\u015fmalar"},"content":{"rendered":"<p>\u00c7i\u011fdem \u00dclker bu denemelerde insana dair kal\u0131c\u0131 olan\u0131; ya\u015fad\u0131\u011f\u0131m\u0131z \u00e7a\u011f\u0131n edebiyata, sinemaya, kentlere yans\u0131yan y\u00fcz\u00fcn\u00fc ke\u015ffetme amac\u0131yla yola \u00e7\u0131k\u0131yor. T\u00fcrk ve D\u00fcnya edebiyat\u0131n\u0131n klasik ve g\u00fcncel kimi eserleri, kentlerin ve \u00fclkelerin yaratt\u0131\u011f\u0131 izlenimler, sineman\u0131n has yap\u0131tlar\u0131 edebiyat\u00e7\u0131 g\u00f6z\u00fcyle de\u011ferlendirilerek bir araya geliyor. Bulu\u015fmalar, gelece\u011fin d\u00fcnyas\u0131yla bulu\u015fma yolundaki sonsuz bir \u00e7aban\u0131n 2020\u2019lerdeki yank\u0131lar\u0131n\u0131 g\u00f6zler \u00f6n\u00fcne seriyor.<\/p>\n","protected":false},"excerpt":{"rendered":"<p>\u00c7i\u011fdem \u00dclker bu denemelerde insana dair kal\u0131c\u0131 olan\u0131; ya\u015fad\u0131\u011f\u0131m\u0131z \u00e7a\u011f\u0131n edebiyata, sinemaya, kentlere yans\u0131yan y\u00fcz\u00fcn\u00fc ke\u015ffetme amac\u0131yla yola \u00e7\u0131k\u0131yor. T\u00fcrk ve D\u00fcnya edebiyat\u0131n\u0131n klasik ve g\u00fcncel<span class=\"excerpt-hellip\"> [\u2026]<\/span><\/p>\n","protected":false},"featured_media":0,"template":"","meta":{"_monsterinsights_skip_tracking":false,"_monsterinsights_sitenote_active":false,"_monsterinsights_sitenote_note":"","_monsterinsights_sitenote_category":0},"product_brand":[],"product_cat":[12777,12291],"product_tag":[],"class_list":{"0":"post-735988","1":"product","2":"type-product","3":"status-publish","5":"product_cat-deneme","6":"product_cat-edebiyat","7":"pa_cilt-ciltsiz","8":"pa_tur-kitap","9":"pa_yayinevi-remzi-kitabevi","10":"pa_yazar-cigdem-ulker","12":"first","13":"instock","14":"sale","15":"shipping-taxable","16":"purchasable","17":"product-type-simple"},"_links":{"self":[{"href":"https:\/\/roveyayinevi.com.tr\/index.php\/wp-json\/wp\/v2\/product\/735988","targetHints":{"allow":["GET"]}}],"collection":[{"href":"https:\/\/roveyayinevi.com.tr\/index.php\/wp-json\/wp\/v2\/product"}],"about":[{"href":"https:\/\/roveyayinevi.com.tr\/index.php\/wp-json\/wp\/v2\/types\/product"}],"wp:attachment":[{"href":"https:\/\/roveyayinevi.com.tr\/index.php\/wp-json\/wp\/v2\/media?parent=735988"}],"wp:term":[{"taxonomy":"product_brand","embeddable":true,"href":"https:\/\/roveyayinevi.com.tr\/index.php\/wp-json\/wp\/v2\/product_brand?post=735988"},{"taxonomy":"product_cat","embeddable":true,"href":"https:\/\/roveyayinevi.com.tr\/index.php\/wp-json\/wp\/v2\/product_cat?post=735988"},{"taxonomy":"product_tag","embeddable":true,"href":"https:\/\/roveyayinevi.com.tr\/index.php\/wp-json\/wp\/v2\/product_tag?post=735988"}],"curies":[{"name":"wp","href":"https:\/\/api.w.org\/{rel}","templated":true}]}}