{"id":735987,"date":"2025-08-27T22:58:48","date_gmt":"2025-08-27T19:58:48","guid":{"rendered":"https:\/\/roveyayinevi.com.tr\/index.php\/urun\/sinirsiz-arcanum\/"},"modified":"2026-04-16T02:44:42","modified_gmt":"2026-04-15T23:44:42","slug":"sinirsiz-arcanum","status":"publish","type":"product","link":"https:\/\/roveyayinevi.com.tr\/index.php\/urun\/sinirsiz-arcanum\/","title":{"rendered":"S\u0131n\u0131rs\u0131z Arcanum"},"content":{"rendered":"<p>The New York Times \u00c7ok Satanlar Listesi\u2019nin gediklisi Brandon Sanderson\u2019un ilk k\u0131sa hik\u00e2yeler derlemesi!   Aslen ayr\u0131 ayr\u0131 yay\u0131nlanm\u0131\u015f olan bu muhte\u015fem eserler ilk kez bir araya getiriliyor ve hi\u00e7 \u015f\u00fcphe yok ki Kozmer\u2019in ger\u00e7ek boyutlar\u0131n\u0131 kavraman\u0131za yard\u0131mc\u0131 olacaklar.   Hugo \u00d6d\u00fcll\u00fc \u0130mparatorun Ruhu isimli hik\u00e2yeyi, Beyaz Kum isimli \u00e7izgi romandan bir al\u0131nt\u0131y\u0131 ve ilk kez yay\u0131nlanan Huduta\u015far isimli hik\u00e2yeyi de i\u00e7eren S\u0131n\u0131rs\u0131z Arcanum, bizlere heyecan dolu maceralar vadetmenin yan\u0131 s\u0131ra b\u00fcnyesinde bar\u0131nd\u0131rd\u0131\u011f\u0131 makaleler, notlar ve \u00e7izimler sayesinde hik\u00e2yelerin ge\u00e7ti\u011fi d\u00fcnyalar hakk\u0131ndaki anlay\u0131\u015f\u0131m\u0131z\u0131 da art\u0131r\u0131yor.   S\u0131n\u0131rs\u0131z Arcanum, fantastik edebiyat\u0131 seven ve Brandon Sanderson\u2019un yap\u0131tlar\u0131ndan keyif alanlar i\u00e7in ger\u00e7ek bir hazine. <\/p>\n","protected":false},"excerpt":{"rendered":"<p>The New York Times \u00c7ok Satanlar Listesi\u2019nin gediklisi Brandon Sanderson\u2019un ilk k\u0131sa hik\u00e2yeler derlemesi! Aslen ayr\u0131 ayr\u0131 yay\u0131nlanm\u0131\u015f olan bu muhte\u015fem eserler ilk kez bir araya<span class=\"excerpt-hellip\"> [\u2026]<\/span><\/p>\n","protected":false},"featured_media":0,"template":"","meta":{"_monsterinsights_skip_tracking":false,"_monsterinsights_sitenote_active":false,"_monsterinsights_sitenote_note":"","_monsterinsights_sitenote_category":0},"product_brand":[],"product_cat":[12291,14777],"product_tag":[],"class_list":{"0":"post-735987","1":"product","2":"type-product","3":"status-publish","5":"product_cat-edebiyat","6":"product_cat-fantastik","7":"pa_cilt-ciltsiz","8":"pa_tur-kitap","9":"pa_yayinevi-akil-celen-kitaplar","10":"pa_yazar-brandon-sanderson","12":"first","13":"instock","14":"sale","15":"shipping-taxable","16":"purchasable","17":"product-type-simple"},"_links":{"self":[{"href":"https:\/\/roveyayinevi.com.tr\/index.php\/wp-json\/wp\/v2\/product\/735987","targetHints":{"allow":["GET"]}}],"collection":[{"href":"https:\/\/roveyayinevi.com.tr\/index.php\/wp-json\/wp\/v2\/product"}],"about":[{"href":"https:\/\/roveyayinevi.com.tr\/index.php\/wp-json\/wp\/v2\/types\/product"}],"wp:attachment":[{"href":"https:\/\/roveyayinevi.com.tr\/index.php\/wp-json\/wp\/v2\/media?parent=735987"}],"wp:term":[{"taxonomy":"product_brand","embeddable":true,"href":"https:\/\/roveyayinevi.com.tr\/index.php\/wp-json\/wp\/v2\/product_brand?post=735987"},{"taxonomy":"product_cat","embeddable":true,"href":"https:\/\/roveyayinevi.com.tr\/index.php\/wp-json\/wp\/v2\/product_cat?post=735987"},{"taxonomy":"product_tag","embeddable":true,"href":"https:\/\/roveyayinevi.com.tr\/index.php\/wp-json\/wp\/v2\/product_tag?post=735987"}],"curies":[{"name":"wp","href":"https:\/\/api.w.org\/{rel}","templated":true}]}}