{"id":735986,"date":"2025-08-27T22:58:48","date_gmt":"2025-08-27T19:58:48","guid":{"rendered":"https:\/\/roveyayinevi.com.tr\/index.php\/urun\/anadolu-arkeolojisiyle-harmanlanmis-bir-omur-mehmet-karaosmanogluna-armagan\/"},"modified":"2026-04-16T02:44:42","modified_gmt":"2026-04-15T23:44:42","slug":"anadolu-arkeolojisiyle-harmanlanmis-bir-omur-mehmet-karaosmanogluna-armagan","status":"publish","type":"product","link":"https:\/\/roveyayinevi.com.tr\/index.php\/urun\/anadolu-arkeolojisiyle-harmanlanmis-bir-omur-mehmet-karaosmanogluna-armagan\/","title":{"rendered":"Anadolu Arkeolojisiyle Harmanlanm\u0131\u015f Bir \u00d6m\u00fcr &#8211; Mehmet Karaosmano\u011flu&#8217;na Arma\u011fan"},"content":{"rendered":"<p>1973 y\u0131l\u0131nda kurulan Atat\u00fcrk \u00dcniversitesi Arkeoloji B\u00f6l\u00fcm\u00fcn\u00fcn ilk \u00f6\u011frencisi, ilk mezunu, ilk asistan\u0131 Mehmet Karaosmano\u011flu\u2019na meslekta\u015flar\u0131 ve \u00f6\u011frencileri taraf\u0131ndan haz\u0131rlanan bu arma\u011fan kitap prehistorik \u00e7a\u011flardan Osmanl\u0131 d\u00f6nemine uzanan geni\u015f bir kronolojik kapsamdaki 43 bilimsel makaleyi i\u00e7ermektedir.<\/p>\n","protected":false},"excerpt":{"rendered":"<p>1973 y\u0131l\u0131nda kurulan Atat\u00fcrk \u00dcniversitesi Arkeoloji B\u00f6l\u00fcm\u00fcn\u00fcn ilk \u00f6\u011frencisi, ilk mezunu, ilk asistan\u0131 Mehmet Karaosmano\u011flu\u2019na meslekta\u015flar\u0131 ve \u00f6\u011frencileri taraf\u0131ndan haz\u0131rlanan bu arma\u011fan kitap prehistorik \u00e7a\u011flardan Osmanl\u0131<span class=\"excerpt-hellip\"> [\u2026]<\/span><\/p>\n","protected":false},"featured_media":0,"template":"","meta":{"_monsterinsights_skip_tracking":false,"_monsterinsights_sitenote_active":false,"_monsterinsights_sitenote_note":"","_monsterinsights_sitenote_category":0},"product_brand":[],"product_cat":[52477,52478],"product_tag":[],"class_list":{"0":"post-735986","1":"product","2":"type-product","3":"status-publish","5":"product_cat-arastirma","6":"product_cat-arkeoloji","7":"pa_cilt-ciltsiz","8":"pa_tur-kitap","9":"pa_yayinevi-bilgin-kultur-sanat","10":"pa_yazar-bilgin-kultur-sanat-kolektif","12":"first","13":"instock","14":"sale","15":"shipping-taxable","16":"purchasable","17":"product-type-simple"},"_links":{"self":[{"href":"https:\/\/roveyayinevi.com.tr\/index.php\/wp-json\/wp\/v2\/product\/735986","targetHints":{"allow":["GET"]}}],"collection":[{"href":"https:\/\/roveyayinevi.com.tr\/index.php\/wp-json\/wp\/v2\/product"}],"about":[{"href":"https:\/\/roveyayinevi.com.tr\/index.php\/wp-json\/wp\/v2\/types\/product"}],"wp:attachment":[{"href":"https:\/\/roveyayinevi.com.tr\/index.php\/wp-json\/wp\/v2\/media?parent=735986"}],"wp:term":[{"taxonomy":"product_brand","embeddable":true,"href":"https:\/\/roveyayinevi.com.tr\/index.php\/wp-json\/wp\/v2\/product_brand?post=735986"},{"taxonomy":"product_cat","embeddable":true,"href":"https:\/\/roveyayinevi.com.tr\/index.php\/wp-json\/wp\/v2\/product_cat?post=735986"},{"taxonomy":"product_tag","embeddable":true,"href":"https:\/\/roveyayinevi.com.tr\/index.php\/wp-json\/wp\/v2\/product_tag?post=735986"}],"curies":[{"name":"wp","href":"https:\/\/api.w.org\/{rel}","templated":true}]}}