{"id":735984,"date":"2025-08-27T22:58:45","date_gmt":"2025-08-27T19:58:45","guid":{"rendered":"https:\/\/roveyayinevi.com.tr\/index.php\/urun\/etrafimizdaki-cemberler\/"},"modified":"2026-04-16T02:44:42","modified_gmt":"2026-04-15T23:44:42","slug":"etrafimizdaki-cemberler","status":"publish","type":"product","link":"https:\/\/roveyayinevi.com.tr\/index.php\/urun\/etrafimizdaki-cemberler\/","title":{"rendered":"Etraf\u0131m\u0131zdaki \u00c7emberler"},"content":{"rendered":"<p>\u201cBizi sarmalayan \u00e7emberlerde, gitti\u011fimiz her yerde bir fark yaratabilir ve herkese sevgimizi g\u00f6sterebiliriz. \u00c7emberlerimiz geni\u015flerken ve onlar\u0131 merakl\u0131 g\u00f6zlerle izlerken kendi i\u00e7indeki sevgiyle ba\u015flayan O ilk \u00e7emberi hat\u0131rla.\u201d   Bebeklerin annelerine ait \u00e7embere ortak olarak ba\u015flayan ya\u015famlar\u0131, burada i\u00e7selle\u015ftirilen g\u00fcven ve sevgi duygular\u0131n\u0131n katk\u0131lar\u0131yla, b\u00fcy\u00fcd\u00fcklerinde kendi biricik \u00e7emberlerini yaratabilmeye do\u011fru evrilir. Sadece bir ki\u015fi i\u00e7in g\u00fcvenli, minik bir yer olan ilk \u00e7ember epey ki\u015fisel deneyimlerle doludur\u2026 Arzular, korkular, endi\u015feler, hazlar ve en mahrem an\u0131lar bu alan\u0131n i\u00e7inde sakl\u0131d\u0131r. Bu ilk minik \u00e7ember zaman i\u00e7inde \u00e7evresine \u00e7izilen yeni \u00e7emberlerle b\u00fcy\u00fcmeye ve geni\u015flemeye ba\u015flar. \u00c7ocu\u011fun hayat\u0131na giren her yeni bir aile \u00fcyesi, evcil hayvan, arkada\u015f ve di\u011fer \u00f6nemli ki\u015filer yak\u0131nl\u0131klar\u0131na g\u00f6re farkl\u0131 halkalar\u0131n i\u00e7inde yerlerini edinmeye ba\u015flarlar. Bu katman katman geni\u015fleyen \u00e7ember dalgas\u0131, ki\u015fisel ve toplumsal alanlar\u0131n ke\u015ffi ve s\u0131n\u0131rlar\u0131n tan\u0131nmas\u0131 a\u00e7\u0131s\u0131ndan b\u00fcy\u00fck \u00f6nem ta\u015f\u0131r.   Etraf\u0131m\u0131zdaki \u00c7emberler, bizlere ve \u00f6tekilere ait olan \u201calan\u201d gibi soyut bir kavram\u0131, epey anla\u015f\u0131l\u0131r  bir dille anlat\u0131rken, etkileyici g\u00f6rselleri arac\u0131l\u0131\u011f\u0131yla iyice somutla\u015ft\u0131r\u0131yor. \u00d6zellikle son y\u0131llarda herkes i\u00e7in \u00f6nem kazanmaya ba\u015flayan mesafe ve bireysel alan gibi s\u00f6zc\u00fcklerin ya\u015famlar\u0131m\u0131zdaki izd\u00fc\u015f\u00fcmlerini inceliyor. T\u0131pk\u0131 kesi\u015fen k\u00fcmeler gibi hepimizin ayr\u0131 ve ortak olan deneyimlerimizi birbirimizle payla\u015f\u0131rken, bireysel farkl\u0131l\u0131klara sayg\u0131n\u0131n ve ho\u015fg\u00f6r\u00fcn\u00fcn \u00f6neminin alt\u0131n\u0131 \u00e7iziyor. Kendi \u00e7emberimizde yaln\u0131z kalmak \u00e7o\u011fu zaman rahatlat\u0131c\u0131 olsa da zaman zaman bu konfor alan\u0131ndan \u00e7\u0131kman\u0131n neler kazand\u0131raca\u011f\u0131 \u00fczerine d\u00fc\u015f\u00fcnd\u00fcr\u00fcyor, ayn\u0131 zamanda ortak alanlar\u0131 payla\u015fman\u0131n zorluklar\u0131n\u0131 da dile getiriyor.   T\u00fcm bu \u00f6zellikleriyle, minicik bir \u00e7emberde ba\u015flayan hayat\u0131m\u0131z\u0131n zaman i\u00e7inde d\u00f6n\u00fc\u015ferek nas\u0131l karma\u015f\u0131k hale geldi\u011fini, bir taraf\u0131yla da karma\u015fan\u0131n ruhsal d\u00fcnyam\u0131z\u0131 nas\u0131l zenginle\u015ftirdi\u011fini bizlere sunan Etraf\u0131m\u0131zdaki \u00c7emberler, Ba\u015fak \u00d6nsal Demir&#8217;in e\u015fsiz \u00e7evirisi ve Petek Halman&#8217;\u0131n edit\u00f6rl\u00fc\u011f\u00fcyle T\u00fcrk\u00e7ede&#8230; <\/p>\n","protected":false},"excerpt":{"rendered":"<p>\u201cBizi sarmalayan \u00e7emberlerde, gitti\u011fimiz her yerde bir fark yaratabilir ve herkese sevgimizi g\u00f6sterebiliriz. \u00c7emberlerimiz geni\u015flerken ve onlar\u0131 merakl\u0131 g\u00f6zlerle izlerken kendi i\u00e7indeki sevgiyle ba\u015flayan O ilk<span class=\"excerpt-hellip\"> [\u2026]<\/span><\/p>\n","protected":false},"featured_media":0,"template":"","meta":{"_monsterinsights_skip_tracking":false,"_monsterinsights_sitenote_active":false,"_monsterinsights_sitenote_note":"","_monsterinsights_sitenote_category":0},"product_brand":[],"product_cat":[12274,12284],"product_tag":[],"class_list":{"0":"post-735984","1":"product","2":"type-product","3":"status-publish","5":"product_cat-cocuk-ve-genclik-kitaplari","6":"product_cat-hikayeler","7":"pa_cilt-ciltsiz","8":"pa_tur-kitap","9":"pa_yayinevi-okuyan-koala","10":"pa_yazar-brad-montague","12":"first","13":"instock","14":"sale","15":"shipping-taxable","16":"purchasable","17":"product-type-simple"},"_links":{"self":[{"href":"https:\/\/roveyayinevi.com.tr\/index.php\/wp-json\/wp\/v2\/product\/735984","targetHints":{"allow":["GET"]}}],"collection":[{"href":"https:\/\/roveyayinevi.com.tr\/index.php\/wp-json\/wp\/v2\/product"}],"about":[{"href":"https:\/\/roveyayinevi.com.tr\/index.php\/wp-json\/wp\/v2\/types\/product"}],"wp:attachment":[{"href":"https:\/\/roveyayinevi.com.tr\/index.php\/wp-json\/wp\/v2\/media?parent=735984"}],"wp:term":[{"taxonomy":"product_brand","embeddable":true,"href":"https:\/\/roveyayinevi.com.tr\/index.php\/wp-json\/wp\/v2\/product_brand?post=735984"},{"taxonomy":"product_cat","embeddable":true,"href":"https:\/\/roveyayinevi.com.tr\/index.php\/wp-json\/wp\/v2\/product_cat?post=735984"},{"taxonomy":"product_tag","embeddable":true,"href":"https:\/\/roveyayinevi.com.tr\/index.php\/wp-json\/wp\/v2\/product_tag?post=735984"}],"curies":[{"name":"wp","href":"https:\/\/api.w.org\/{rel}","templated":true}]}}