{"id":735983,"date":"2025-08-27T22:58:44","date_gmt":"2025-08-27T19:58:44","guid":{"rendered":"https:\/\/roveyayinevi.com.tr\/index.php\/urun\/bir-siginak-olarak-tuvalet\/"},"modified":"2026-04-16T02:44:42","modified_gmt":"2026-04-15T23:44:42","slug":"bir-siginak-olarak-tuvalet","status":"publish","type":"product","link":"https:\/\/roveyayinevi.com.tr\/index.php\/urun\/bir-siginak-olarak-tuvalet\/","title":{"rendered":"Bir S\u0131\u011f\u0131nak olarak Tuvalet"},"content":{"rendered":"<p>Birazc\u0131k huzur bulabilmek ad\u0131na tuvalete ka\u00e7an herkesin ihtiyac\u0131: Bir S\u0131\u011f\u0131nak Olarak Tuvalet Kitab\u0131! Sessizlik anlar\u0131ndan nefret ediyor, herhangi bir sohbeti kibarca sonland\u0131ram\u0131yor ya da i\u015fe ara vermek zorunda kald\u0131\u011f\u0131nda ne yapaca\u011f\u0131n\u0131 bilemiyor musun? Kalabal\u0131k bir bayram ziyaretinde \u201cBence biraz ara vermeliyiz\u201d mesaj\u0131 m\u0131 ald\u0131n? Az evvel \u00fccretsiz izne \u00e7\u0131kar\u0131ld\u0131\u011f\u0131n\u0131 m\u0131 \u00f6\u011frendin? Yoksa mesanen mi k\u00fc\u00e7\u00fck? T\u00fcm bu nedenlerden \u00f6t\u00fcr\u00fc s\u0131k s\u0131k tuvalete ka\u00e7\u0131p nefes almak i\u00e7in klozete t\u00fcn\u00fcyor ya da deterjanlar\u0131n \u00fczerindeki yaz\u0131lar\u0131 okurken zaman\u0131n nas\u0131l ge\u00e7ti\u011fini anlam\u0131yorsan bu kitap tam sana g\u00f6re! Mustarip oldu\u011fun sosyal kayg\u0131yla ba\u015fa \u00e7\u0131kmaya \u00e7al\u0131\u015f\u0131rken, rehber niteli\u011findeki bu \u00e7izgi roman tuvalet d\u0131\u015f\u0131ndaki d\u00fcnyaya yeniden kat\u0131labilmen i\u00e7in sana yard\u0131mc\u0131 olacak. Joe Pera\u2019n\u0131n mizahi dili ve Joe Bennett\u2019in e\u011flenceli ill\u00fcstrasyonlar\u0131yla daha az yaln\u0131z hissedeceksin. Dil ve uzunluk bak\u0131m\u0131ndan bir tuvalet molas\u0131 s\u00fcresinde bitirilebilecek, ak\u0131ll\u0131 telefonla tuvalete girmeye son verecek ve en \u00f6nemlisi bulundu\u011fu tuvalette eline alan herkesi kayg\u0131lar\u0131ndan ar\u0131nd\u0131rabilecek Bir S\u0131\u011f\u0131nak Olarak Tuvalet Kitab\u0131, Erkam Evlice\u2019nin e\u015fsiz \u00e7evirisiyle herkesi nefes almaya davet ediyor.   Klas biri oldu\u011funuzu misafirlerinize belli etmenin en iyi yolu, tuvaletinizde bu Joe Pera kitab\u0131n\u0131 bulundurman\u0131zd\u0131r. \u2014Seth Meyers, Late Night with Seth Meyers sunucusu   Hayat\u0131m boyunca yapt\u0131\u011f\u0131m bir \u015fey \u00fczerine g\u00fczel ve e\u011flenceli bir kitap. Te\u015fekk\u00fcrler Bay Joseph Pera! \u2014Aidy Bryant, Saturday Night Live komedyeni ve oyuncusu   Joe Bennett s\u0131\u011f \u015feylerdeki derinli\u011fi yakalamay\u0131 hep iyi becerir, en ba\u015f\u0131ndan beri g\u00f6z\u00fcm\u00fcze baya\u011f\u0131 gelen \u015feylerde sakl\u0131 olan manay\u0131 g\u00f6rmemizi sa\u011flar.  \u2014Brad Neely, \u00e7izgi roman yazar\u0131 ve China, IL\u2019in yarat\u0131c\u0131s\u0131  Muhte\u015fem bir \u015fey. \u2014Alia Shawkat, Search Party oyuncusu  <\/p>\n","protected":false},"excerpt":{"rendered":"<p>Birazc\u0131k huzur bulabilmek ad\u0131na tuvalete ka\u00e7an herkesin ihtiyac\u0131: Bir S\u0131\u011f\u0131nak Olarak Tuvalet Kitab\u0131! Sessizlik anlar\u0131ndan nefret ediyor, herhangi bir sohbeti kibarca sonland\u0131ram\u0131yor ya da i\u015fe ara<span class=\"excerpt-hellip\"> [\u2026]<\/span><\/p>\n","protected":false},"featured_media":0,"template":"","meta":{"_monsterinsights_skip_tracking":false,"_monsterinsights_sitenote_active":false,"_monsterinsights_sitenote_note":"","_monsterinsights_sitenote_category":0},"product_brand":[],"product_cat":[12291,14825],"product_tag":[],"class_list":{"0":"post-735983","1":"product","2":"type-product","3":"status-publish","5":"product_cat-edebiyat","6":"product_cat-mizah","7":"pa_cilt-ciltsiz","8":"pa_tur-kitap","9":"pa_yayinevi-okuyan-us-yayin","10":"pa_yazar-joe-pera","12":"first","13":"instock","14":"sale","15":"shipping-taxable","16":"purchasable","17":"product-type-simple"},"_links":{"self":[{"href":"https:\/\/roveyayinevi.com.tr\/index.php\/wp-json\/wp\/v2\/product\/735983","targetHints":{"allow":["GET"]}}],"collection":[{"href":"https:\/\/roveyayinevi.com.tr\/index.php\/wp-json\/wp\/v2\/product"}],"about":[{"href":"https:\/\/roveyayinevi.com.tr\/index.php\/wp-json\/wp\/v2\/types\/product"}],"wp:attachment":[{"href":"https:\/\/roveyayinevi.com.tr\/index.php\/wp-json\/wp\/v2\/media?parent=735983"}],"wp:term":[{"taxonomy":"product_brand","embeddable":true,"href":"https:\/\/roveyayinevi.com.tr\/index.php\/wp-json\/wp\/v2\/product_brand?post=735983"},{"taxonomy":"product_cat","embeddable":true,"href":"https:\/\/roveyayinevi.com.tr\/index.php\/wp-json\/wp\/v2\/product_cat?post=735983"},{"taxonomy":"product_tag","embeddable":true,"href":"https:\/\/roveyayinevi.com.tr\/index.php\/wp-json\/wp\/v2\/product_tag?post=735983"}],"curies":[{"name":"wp","href":"https:\/\/api.w.org\/{rel}","templated":true}]}}