{"id":735982,"date":"2025-08-27T22:58:43","date_gmt":"2025-08-27T19:58:43","guid":{"rendered":"https:\/\/roveyayinevi.com.tr\/index.php\/urun\/mezarda-ilk-gece-yasanacaklar\/"},"modified":"2026-04-16T02:44:42","modified_gmt":"2026-04-15T23:44:42","slug":"mezarda-ilk-gece-yasanacaklar","status":"publish","type":"product","link":"https:\/\/roveyayinevi.com.tr\/index.php\/urun\/mezarda-ilk-gece-yasanacaklar\/","title":{"rendered":"Mezarda \u0130lk Gece Ya\u015fanacaklar"},"content":{"rendered":"<p>Y\u00fcz sene sonra kendini nerede g\u00f6r\u00fcyorsun?   Bir K\u00fcrek\u00e7inin Hik\u00e2yesi   En zoru da ne bilir misin?  Sen vefat ettikten sonra sevdiklerin senin \u015fahsi odan\u0131n kap\u0131s\u0131n\u0131 aralamak zorunda kalacaklar. \u00d6zel e\u015fyalar\u0131n\u0131 kar\u0131\u015ft\u0131racaklar. Oda hat\u0131ralarla dolu, ya\u015fanm\u0131\u015fl\u0131klarla dolu&#8230; Kederlere \u015fahit olmu\u015f. Kahkahalar\u0131na e\u015flik etmi\u015f d\u00f6rt duvar.  Ama yine de e\u015fyalar\u0131n\u0131 ortadan kald\u0131rmal\u0131lar&#8230; Sana ait mont, \u00f6zel g\u00fcnlerde giydi\u011fin ayakkab\u0131n, kolyelerin, \u00fczerinde notlar\u0131n olan kitaplar\u0131n, k\u0131\u015f aylar\u0131n\u0131n dostu kahve kupan&#8230; Art\u0131k bunlar, kendilerine ba\u015fka bir sahip bulacak. Biraz da onlar\u0131 oyalayacak.  Yak\u0131nlar\u0131n e\u015fyalar\u0131n\u0131 almak istemiyor. Seni hat\u0131rlatacak \u015feylerin ac\u0131s\u0131ndan kurtulmak i\u00e7in e\u015fyalar\u0131n\u0131 ba\u015fkalar\u0131na veriyorlar. Art\u0131k ayakkab\u0131n\u0131n i\u00e7inde ba\u015fkas\u0131n\u0131n aya\u011f\u0131 var evlat. Montun bamba\u015fka birisini \u0131s\u0131t\u0131yor. Bilekli\u011fin tan\u0131mad\u0131\u011f\u0131n birisine sar\u0131l\u0131yor. Eldivenin hi\u00e7 tan\u0131mad\u0131\u011f\u0131n birinin elini tutuyor&#8230;   Bug\u00fcn do\u011fan kundaktaki bebek dahi b\u00fcy\u00fcy\u00fcp iki metrekarelik evine yerle\u015fecek.  Ka\u00e7\u0131\u015f yok! \u0130stisna yok!  \u0130stisna olaca\u011f\u0131n\u0131 iddia eden dahi yok! <\/p>\n","protected":false},"excerpt":{"rendered":"<p>Y\u00fcz sene sonra kendini nerede g\u00f6r\u00fcyorsun? Bir K\u00fcrek\u00e7inin Hik\u00e2yesi En zoru da ne bilir misin? Sen vefat ettikten sonra sevdiklerin senin \u015fahsi odan\u0131n kap\u0131s\u0131n\u0131 aralamak zorunda<span class=\"excerpt-hellip\"> [\u2026]<\/span><\/p>\n","protected":false},"featured_media":0,"template":"","meta":{"_monsterinsights_skip_tracking":false,"_monsterinsights_sitenote_active":false,"_monsterinsights_sitenote_note":"","_monsterinsights_sitenote_category":0},"product_brand":[],"product_cat":[16789,12718,12719],"product_tag":[],"class_list":{"0":"post-735982","1":"product","2":"type-product","3":"status-publish","5":"product_cat-diger-islam","6":"product_cat-din","7":"product_cat-islam","8":"pa_cilt-ciltsiz","9":"pa_tur-kitap","10":"pa_yayinevi-indigo-kitap","11":"pa_yazar-fatih-yagci","13":"first","14":"instock","15":"sale","16":"shipping-taxable","17":"purchasable","18":"product-type-simple"},"_links":{"self":[{"href":"https:\/\/roveyayinevi.com.tr\/index.php\/wp-json\/wp\/v2\/product\/735982","targetHints":{"allow":["GET"]}}],"collection":[{"href":"https:\/\/roveyayinevi.com.tr\/index.php\/wp-json\/wp\/v2\/product"}],"about":[{"href":"https:\/\/roveyayinevi.com.tr\/index.php\/wp-json\/wp\/v2\/types\/product"}],"wp:attachment":[{"href":"https:\/\/roveyayinevi.com.tr\/index.php\/wp-json\/wp\/v2\/media?parent=735982"}],"wp:term":[{"taxonomy":"product_brand","embeddable":true,"href":"https:\/\/roveyayinevi.com.tr\/index.php\/wp-json\/wp\/v2\/product_brand?post=735982"},{"taxonomy":"product_cat","embeddable":true,"href":"https:\/\/roveyayinevi.com.tr\/index.php\/wp-json\/wp\/v2\/product_cat?post=735982"},{"taxonomy":"product_tag","embeddable":true,"href":"https:\/\/roveyayinevi.com.tr\/index.php\/wp-json\/wp\/v2\/product_tag?post=735982"}],"curies":[{"name":"wp","href":"https:\/\/api.w.org\/{rel}","templated":true}]}}