{"id":735978,"date":"2025-08-27T22:58:40","date_gmt":"2025-08-27T19:58:40","guid":{"rendered":"https:\/\/roveyayinevi.com.tr\/index.php\/urun\/zenginlige-giden-yol\/"},"modified":"2026-04-16T02:44:41","modified_gmt":"2026-04-15T23:44:41","slug":"zenginlige-giden-yol","status":"publish","type":"product","link":"https:\/\/roveyayinevi.com.tr\/index.php\/urun\/zenginlige-giden-yol\/","title":{"rendered":"Zenginli\u011fe Giden Yol"},"content":{"rendered":"<p>\u201cBa\u015far\u0131l\u0131 insanlar k\u0131sa mesailer ve kolay i\u015fler aramazlar \u00e7\u00fcnk\u00fc ger\u00e7ekten ba\u015far\u0131l\u0131larsa, b\u00f6yle bir durumun olmad\u0131\u011f\u0131n\u0131 bilirler. Ba\u015far\u0131l\u0131 insanlar, \u00e7al\u0131\u015fma g\u00fcnlerini k\u0131saltmak yerine her zaman uzatman\u0131n yollar\u0131n\u0131 ararlar.\u201d Hedefe giden yol uzun, zor ve \u00e7etin. Bu yolu sab\u0131rla ve azimle gidecek olanlar ger\u00e7ekten ba\u015far\u0131l\u0131 kimselerdir. T\u00fcm zamanlar\u0131n en \u00e7ok satan klasi\u011fi D\u00fc\u015f\u00fcn ve Zengin Ol\u2019un yazar\u0131 Napoleon Hill\u2019den yine harika bir eser! PEN \u00f6d\u00fcll\u00fc yazar Mitch Horowitz\u2019in edit\u00f6rl\u00fc\u011f\u00fcn\u00fc ve \u00f6zetleme g\u00f6revini \u00fcstlendi\u011fi K\u0131salt\u0131lm\u0131\u015f Klasikler Serisi, \u00e7a\u011f\u0131m\u0131za damgas\u0131n\u0131 vuran ve milyonlar\u0131 etkileyen \u00e7ok de\u011ferli kitaplar\u0131n \u00f6z h\u00e2le getirilmi\u015f versiyonlar\u0131ndan olu\u015fmaktad\u0131r. Bilginin b\u00fcy\u00fck bir h\u0131zla yay\u0131ld\u0131\u011f\u0131 modern \u00e7a\u011fda, vakti s\u0131n\u0131rl\u0131 olmas\u0131na ra\u011fmen kendini geli\u015ftirmek isteyen okurlar d\u00fc\u015f\u00fcn\u00fclerek haz\u0131rlanm\u0131\u015ft\u0131r.<\/p>\n","protected":false},"excerpt":{"rendered":"<p>\u201cBa\u015far\u0131l\u0131 insanlar k\u0131sa mesailer ve kolay i\u015fler aramazlar \u00e7\u00fcnk\u00fc ger\u00e7ekten ba\u015far\u0131l\u0131larsa, b\u00f6yle bir durumun olmad\u0131\u011f\u0131n\u0131 bilirler. Ba\u015far\u0131l\u0131 insanlar, \u00e7al\u0131\u015fma g\u00fcnlerini k\u0131saltmak yerine her zaman uzatman\u0131n yollar\u0131n\u0131<span class=\"excerpt-hellip\"> [\u2026]<\/span><\/p>\n","protected":false},"featured_media":0,"template":"","meta":{"_monsterinsights_skip_tracking":false,"_monsterinsights_sitenote_active":false,"_monsterinsights_sitenote_note":"","_monsterinsights_sitenote_category":0},"product_brand":[],"product_cat":[12364,12376],"product_tag":[],"class_list":{"0":"post-735978","1":"product","2":"type-product","3":"status-publish","5":"product_cat-genel-konular","6":"product_cat-kisisel-gelisim","7":"pa_cilt-ciltsiz","8":"pa_tur-kitap","9":"pa_yayinevi-sola-unitas","10":"pa_yazar-napoleon-hill","12":"first","13":"instock","14":"sale","15":"shipping-taxable","16":"purchasable","17":"product-type-simple"},"_links":{"self":[{"href":"https:\/\/roveyayinevi.com.tr\/index.php\/wp-json\/wp\/v2\/product\/735978","targetHints":{"allow":["GET"]}}],"collection":[{"href":"https:\/\/roveyayinevi.com.tr\/index.php\/wp-json\/wp\/v2\/product"}],"about":[{"href":"https:\/\/roveyayinevi.com.tr\/index.php\/wp-json\/wp\/v2\/types\/product"}],"wp:attachment":[{"href":"https:\/\/roveyayinevi.com.tr\/index.php\/wp-json\/wp\/v2\/media?parent=735978"}],"wp:term":[{"taxonomy":"product_brand","embeddable":true,"href":"https:\/\/roveyayinevi.com.tr\/index.php\/wp-json\/wp\/v2\/product_brand?post=735978"},{"taxonomy":"product_cat","embeddable":true,"href":"https:\/\/roveyayinevi.com.tr\/index.php\/wp-json\/wp\/v2\/product_cat?post=735978"},{"taxonomy":"product_tag","embeddable":true,"href":"https:\/\/roveyayinevi.com.tr\/index.php\/wp-json\/wp\/v2\/product_tag?post=735978"}],"curies":[{"name":"wp","href":"https:\/\/api.w.org\/{rel}","templated":true}]}}