{"id":735974,"date":"2025-08-27T22:58:35","date_gmt":"2025-08-27T19:58:35","guid":{"rendered":"https:\/\/roveyayinevi.com.tr\/index.php\/urun\/covid-19-salgininin-isletmeler-uzerindeki-etkileri-firsatlar-ve-tehditler\/"},"modified":"2026-04-16T02:44:41","modified_gmt":"2026-04-15T23:44:41","slug":"covid-19-salgininin-isletmeler-uzerindeki-etkileri-firsatlar-ve-tehditler","status":"publish","type":"product","link":"https:\/\/roveyayinevi.com.tr\/index.php\/urun\/covid-19-salgininin-isletmeler-uzerindeki-etkileri-firsatlar-ve-tehditler\/","title":{"rendered":"Covid-19 Salg\u0131n\u0131n\u0131n \u0130\u015fletmeler \u00dczerindeki Etkileri F\u0131rsatlar ve Tehditler"},"content":{"rendered":"<p>1.      COVID-19 Perspektifinde Tedarik Zinciri Dayan\u0131kl\u0131l\u0131k Stratejileri 2.      Uluslararas\u0131 \u0130\u015fletmecilik Kapsam\u0131nda COVID-19\u2019un K\u00fcresel Ticarete Etkileri 3.      S\u00fcrd\u00fcr\u00fclebilirlik Ba\u011flam\u0131nda COVID-19 Pandemisinin \u0130\u015fletme Performans\u0131na Etkisi 4.      COVID-19 Salg\u0131n\u0131n Vergi Hukukunda S\u00fcrelere Etkisi Bak\u0131m\u0131ndan De\u011ferlendirilmesi 5.      COVID-19 Pandemisi ve Kriz Y\u00f6netimi 6.      COVID-19 Salg\u0131n\u0131n\u0131n \u00dcretim S\u00fcre\u00e7lerine Etkilerinin Analizi 7.      COVID-19 Pandemisinin Sekt\u00f6rel Etkileri, Al\u0131nan \u00d6nlemler ve Bankac\u0131l\u0131k Sekt\u00f6r\u00fc \u00dczerine Yans\u0131malar\u0131 8.      \u00dcniversiteler i\u00e7in Risk Temelli COVID-19 Kamp\u00fcs Y\u00f6netimi 9.      COVID-19 Salg\u0131n\u0131n\u0131n Firmalar\u0131n Finansal Performans\u0131 \u00dczerine Etkisi 10.  COVID-19 S\u00fcrecinde De\u011fi\u015fen K\u00fcresel Dijital Oyun Pazar\u0131 ve Finansal Yans\u0131malar\u0131 11.  Dijital D\u00f6n\u00fc\u015f\u00fcm ve Geli\u015fim S\u00fcrecinde COVID-19: Uluslararas\u0131 Ekonomik Tehditler 12.  COVID-19 Pandemisinin Kuyumculuk Sekt\u00f6r\u00fcne Etkisi 13.  COVID-19 Salg\u0131n\u0131n\u0131n Turizm Sekt\u00f6r\u00fcne Etkileri 14.  COVID&#8217;19 Pandemi S\u00fcrecinde Panik Sat\u0131nalma Davran\u0131\u015f\u0131n\u0131 Etkileyen Sosyal Fakt\u00f6r \u00dczerine Genel Bir De\u011ferlendirme <\/p>\n","protected":false},"excerpt":{"rendered":"<p>1. COVID-19 Perspektifinde Tedarik Zinciri Dayan\u0131kl\u0131l\u0131k Stratejileri 2. Uluslararas\u0131 \u0130\u015fletmecilik Kapsam\u0131nda COVID-19\u2019un K\u00fcresel Ticarete Etkileri 3. S\u00fcrd\u00fcr\u00fclebilirlik Ba\u011flam\u0131nda COVID-19 Pandemisinin \u0130\u015fletme Performans\u0131na Etkisi 4. COVID-19 Salg\u0131n\u0131n<span class=\"excerpt-hellip\"> [\u2026]<\/span><\/p>\n","protected":false},"featured_media":0,"template":"","meta":{"_monsterinsights_skip_tracking":false,"_monsterinsights_sitenote_active":false,"_monsterinsights_sitenote_note":"","_monsterinsights_sitenote_category":0},"product_brand":[],"product_cat":[13043,14381],"product_tag":[],"class_list":{"0":"post-735974","1":"product","2":"type-product","3":"status-publish","5":"product_cat-ekonomi","6":"product_cat-isletme-muhasebe-maliye","7":"pa_cilt-ciltsiz","8":"pa_tur-kitap","9":"pa_yayinevi-gazi-kitabevi","10":"pa_yazar-ismail-metin-muhammet-enes-akpinar","12":"first","13":"instock","14":"sale","15":"shipping-taxable","16":"purchasable","17":"product-type-simple"},"_links":{"self":[{"href":"https:\/\/roveyayinevi.com.tr\/index.php\/wp-json\/wp\/v2\/product\/735974","targetHints":{"allow":["GET"]}}],"collection":[{"href":"https:\/\/roveyayinevi.com.tr\/index.php\/wp-json\/wp\/v2\/product"}],"about":[{"href":"https:\/\/roveyayinevi.com.tr\/index.php\/wp-json\/wp\/v2\/types\/product"}],"wp:attachment":[{"href":"https:\/\/roveyayinevi.com.tr\/index.php\/wp-json\/wp\/v2\/media?parent=735974"}],"wp:term":[{"taxonomy":"product_brand","embeddable":true,"href":"https:\/\/roveyayinevi.com.tr\/index.php\/wp-json\/wp\/v2\/product_brand?post=735974"},{"taxonomy":"product_cat","embeddable":true,"href":"https:\/\/roveyayinevi.com.tr\/index.php\/wp-json\/wp\/v2\/product_cat?post=735974"},{"taxonomy":"product_tag","embeddable":true,"href":"https:\/\/roveyayinevi.com.tr\/index.php\/wp-json\/wp\/v2\/product_tag?post=735974"}],"curies":[{"name":"wp","href":"https:\/\/api.w.org\/{rel}","templated":true}]}}