{"id":735973,"date":"2025-08-27T22:58:34","date_gmt":"2025-08-27T19:58:34","guid":{"rendered":"https:\/\/roveyayinevi.com.tr\/index.php\/urun\/yoksullastiran-buyume\/"},"modified":"2026-04-16T02:44:41","modified_gmt":"2026-04-15T23:44:41","slug":"yoksullastiran-buyume","status":"publish","type":"product","link":"https:\/\/roveyayinevi.com.tr\/index.php\/urun\/yoksullastiran-buyume\/","title":{"rendered":"Yoksulla\u015ft\u0131ran B\u00fcy\u00fcme"},"content":{"rendered":"<p>1.      \u0130KT\u0130SAD\u0130 B\u00dcY\u00dcME 1.1.   B\u00fcy\u00fcmeye Dair Temel Kavramlar 1.2.   \u0130ktisadi B\u00fcy\u00fcme Modelleri 2.      ULUSLARARASI T\u0130CARET TEOR\u0130LER\u0130 2.1.   Klasik D\u0131\u015f Ticaret Teorileri 2.2.   Neoklasik D\u0131\u015f Ticaret Teorileri 2.3.   Yeni D\u0131\u015f Ticaret Teorileri 2.4.   D\u0131\u015f Ticaret ve \u0130ktisadi B\u00fcy\u00fcme 2.5.   Deval\u00fcasyon ve Esneklik 2.6.   Marshall-Lerner Ko\u015fulu 2.7.   J E\u011frisi 3.      YOKSULLA\u015eTIRAN B\u00dcY\u00dcME TEOR\u0130S\u0130N\u0130N FINDIK VE KURU \u0130NC\u0130R \u0130HRACATI \u00dcZER\u0130NE UYGULANMASI 3.1.   Ekonometrik Modellere \u0130li\u015fkin Teorik Arka Plan 3.2.   Literat\u00fcr \u0130ncelemesi 3.3.   F\u0131nd\u0131k \u0130hracat\u0131 ve Yoksulla\u015ft\u0131ran B\u00fcy\u00fcme 3.4.   Kuru \u0130ncir \u0130hracat\u0131 ve Yoksulla\u015ft\u0131ran B\u00fcy\u00fcme <\/p>\n","protected":false},"excerpt":{"rendered":"<p>1. \u0130KT\u0130SAD\u0130 B\u00dcY\u00dcME 1.1. B\u00fcy\u00fcmeye Dair Temel Kavramlar 1.2. \u0130ktisadi B\u00fcy\u00fcme Modelleri 2. ULUSLARARASI T\u0130CARET TEOR\u0130LER\u0130 2.1. Klasik D\u0131\u015f Ticaret Teorileri 2.2. Neoklasik D\u0131\u015f Ticaret Teorileri<span class=\"excerpt-hellip\"> [\u2026]<\/span><\/p>\n","protected":false},"featured_media":0,"template":"","meta":{"_monsterinsights_skip_tracking":false,"_monsterinsights_sitenote_active":false,"_monsterinsights_sitenote_note":"","_monsterinsights_sitenote_category":0},"product_brand":[],"product_cat":[14841,13043],"product_tag":[],"class_list":{"0":"post-735973","1":"product","2":"type-product","3":"status-publish","5":"product_cat-arastirma-inceleme-kuram","6":"product_cat-ekonomi","7":"pa_cilt-ciltsiz","8":"pa_tur-kitap","9":"pa_yayinevi-gazi-kitabevi","10":"pa_yazar-ibrahim-aytekin-emre-aksoy","12":"first","13":"instock","14":"sale","15":"shipping-taxable","16":"purchasable","17":"product-type-simple"},"_links":{"self":[{"href":"https:\/\/roveyayinevi.com.tr\/index.php\/wp-json\/wp\/v2\/product\/735973","targetHints":{"allow":["GET"]}}],"collection":[{"href":"https:\/\/roveyayinevi.com.tr\/index.php\/wp-json\/wp\/v2\/product"}],"about":[{"href":"https:\/\/roveyayinevi.com.tr\/index.php\/wp-json\/wp\/v2\/types\/product"}],"wp:attachment":[{"href":"https:\/\/roveyayinevi.com.tr\/index.php\/wp-json\/wp\/v2\/media?parent=735973"}],"wp:term":[{"taxonomy":"product_brand","embeddable":true,"href":"https:\/\/roveyayinevi.com.tr\/index.php\/wp-json\/wp\/v2\/product_brand?post=735973"},{"taxonomy":"product_cat","embeddable":true,"href":"https:\/\/roveyayinevi.com.tr\/index.php\/wp-json\/wp\/v2\/product_cat?post=735973"},{"taxonomy":"product_tag","embeddable":true,"href":"https:\/\/roveyayinevi.com.tr\/index.php\/wp-json\/wp\/v2\/product_tag?post=735973"}],"curies":[{"name":"wp","href":"https:\/\/api.w.org\/{rel}","templated":true}]}}