{"id":735972,"date":"2025-08-27T22:58:33","date_gmt":"2025-08-27T19:58:33","guid":{"rendered":"https:\/\/roveyayinevi.com.tr\/index.php\/urun\/golgedeki-yuzler\/"},"modified":"2026-04-16T02:44:41","modified_gmt":"2026-04-15T23:44:41","slug":"golgedeki-yuzler","status":"publish","type":"product","link":"https:\/\/roveyayinevi.com.tr\/index.php\/urun\/golgedeki-yuzler\/","title":{"rendered":"G\u00f6lgedeki Y\u00fczler"},"content":{"rendered":"<p>Temal\u0131 \u00f6yk\u00fclerin yazar\u0131 Ne\u015fe Ko\u00e7ak, edebiyatta ilkleri denemeyi s\u00fcrd\u00fcr\u00fcyor. Uygunsuzlar kitab\u0131nda al\u0131\u015f\u0131lmad\u0131k bi\u00e7imde delilik temas\u0131na odaklanan yazar, yeni \u00f6yk\u00fc kitab\u0131nda heykeltra\u015f kimli\u011fini ve plastik sanatlar alan\u0131ndaki kariyerini de kullanarak \u00fcnl\u00fc sanat\u00e7\u0131lar\u0131n d\u00fcnyas\u0131na uzan\u0131yor.Yazar, G\u00f6lgedeki Y\u00fczler ad\u0131n\u0131 verdi\u011fi ikinci \u00f6yk\u00fc kitab\u0131nda, sanat tarihine ge\u00e7mi\u015f bir d\u00fczine ressam, heykeltra\u015f ve m\u00fczisyenin hayat\u0131ndan dramatik kesitleri, sanat\u00e7\u0131lar\u0131n eserlerinden birini merkeze alarak \u00f6yk\u00fcle\u015ftiriyor.\u00c7aykovski&#8217;nin F\u0131nd\u0131kk\u0131ran Operas\u0131, Rodin&#8217;in \u00d6p\u00fc\u015f heykeli, Mihri M\u00fc\u015ffik&#8217;in Otoportresi, Van Gogh&#8217;un Tutuklular \u00c7emberi gibi se\u00e7ti\u011fi on iki eserden yola \u00e7\u0131karak g\u00f6r\u00fcnt\u00fcn\u00fcn ard\u0131nda yatan b\u00fcy\u00fcl\u00fc ger\u00e7ekli\u011fi ar\u0131yor, bu aray\u0131\u015f\u0131n sonunda heyecan ve merak uyand\u0131ran kurgular geli\u015ftiriyor. Uygunsuzlar adl\u0131 ilk \u00f6yk\u00fc kitab\u0131 b\u00fcy\u00fck be\u011feni toplayan Ne\u015fe Ko\u00e7ak; bu kitab\u0131ndaki \u00f6yk\u00fclerde psikoloji, estetik, felsefe ve sanat\u0131 harmanlayarak karakter yaratma ve kurgulamadaki ba\u015far\u0131s\u0131n\u0131 kan\u0131tl\u0131yor. B\u00f6ylece \u00f6yk\u00fc d\u00fcnyas\u0131na yeni bir soluk getiriyor.<\/p>\n","protected":false},"excerpt":{"rendered":"<p>Temal\u0131 \u00f6yk\u00fclerin yazar\u0131 Ne\u015fe Ko\u00e7ak, edebiyatta ilkleri denemeyi s\u00fcrd\u00fcr\u00fcyor. Uygunsuzlar kitab\u0131nda al\u0131\u015f\u0131lmad\u0131k bi\u00e7imde delilik temas\u0131na odaklanan yazar, yeni \u00f6yk\u00fc kitab\u0131nda heykeltra\u015f kimli\u011fini ve plastik sanatlar alan\u0131ndaki<span class=\"excerpt-hellip\"> [\u2026]<\/span><\/p>\n","protected":false},"featured_media":0,"template":"","meta":{"_monsterinsights_skip_tracking":false,"_monsterinsights_sitenote_active":false,"_monsterinsights_sitenote_note":"","_monsterinsights_sitenote_category":0},"product_brand":[],"product_cat":[12291,12711],"product_tag":[],"class_list":{"0":"post-735972","1":"product","2":"type-product","3":"status-publish","5":"product_cat-edebiyat","6":"product_cat-roman-oyku","7":"pa_cilt-ciltsiz","8":"pa_tur-kitap","9":"pa_yayinevi-yeni-insan-yayinlari","10":"pa_yazar-nese-kocak","12":"first","13":"instock","14":"sale","15":"shipping-taxable","16":"purchasable","17":"product-type-simple"},"_links":{"self":[{"href":"https:\/\/roveyayinevi.com.tr\/index.php\/wp-json\/wp\/v2\/product\/735972","targetHints":{"allow":["GET"]}}],"collection":[{"href":"https:\/\/roveyayinevi.com.tr\/index.php\/wp-json\/wp\/v2\/product"}],"about":[{"href":"https:\/\/roveyayinevi.com.tr\/index.php\/wp-json\/wp\/v2\/types\/product"}],"wp:attachment":[{"href":"https:\/\/roveyayinevi.com.tr\/index.php\/wp-json\/wp\/v2\/media?parent=735972"}],"wp:term":[{"taxonomy":"product_brand","embeddable":true,"href":"https:\/\/roveyayinevi.com.tr\/index.php\/wp-json\/wp\/v2\/product_brand?post=735972"},{"taxonomy":"product_cat","embeddable":true,"href":"https:\/\/roveyayinevi.com.tr\/index.php\/wp-json\/wp\/v2\/product_cat?post=735972"},{"taxonomy":"product_tag","embeddable":true,"href":"https:\/\/roveyayinevi.com.tr\/index.php\/wp-json\/wp\/v2\/product_tag?post=735972"}],"curies":[{"name":"wp","href":"https:\/\/api.w.org\/{rel}","templated":true}]}}