{"id":735969,"date":"2025-08-27T22:58:29","date_gmt":"2025-08-27T19:58:29","guid":{"rendered":"https:\/\/roveyayinevi.com.tr\/index.php\/urun\/komita\/"},"modified":"2026-04-16T02:44:41","modified_gmt":"2026-04-15T23:44:41","slug":"komita","status":"publish","type":"product","link":"https:\/\/roveyayinevi.com.tr\/index.php\/urun\/komita\/","title":{"rendered":"Komita"},"content":{"rendered":"<p>D\u00fcnyaya y\u00f6n veren istihbarat \u00f6rg\u00fct\u00fc\u2026Ve Anadolu\u2019da kimsenin ilgilenmedi\u011fi bir komita\u2026 T\u00fcm k\u0131talar\u0131n planlay\u0131c\u0131lar\u0131 Dat\u00e7a\u2019da, g\u00f6z ard\u0131 edilen kadim sorular e\u015fli\u011finde esrarengiz bir plan\u0131n par\u00e7as\u0131 olduklar\u0131n\u0131 \u00e7ok ge\u00e7meden anlayacaklard\u0131r.Komita, s\u00fcr\u00fckleyici bir Ege polisiyesi. Son \u00e2na kadar heyecan\u0131n\u0131 kaybetmeyen, \u015fa\u015f\u0131rt\u0131c\u0131 tarzda anlat\u0131lan bir ilk roman.Olay \u00f6rg\u00fcs\u00fcn\u00fcn yan\u0131 s\u0131ra varolu\u015fa dair en b\u00fcy\u00fck komplolarla da bir felsefi sarmal.Serdar Budur ilk kitab\u0131nda klasik hik\u00e2ye anlat\u0131c\u0131l\u0131\u011f\u0131n\u0131n s\u0131n\u0131rlar\u0131nda gezinerek felsef\u00ee polisiyenin benzersiz bir \u00f6rne\u011fini sunuyor.<\/p>\n","protected":false},"excerpt":{"rendered":"<p>D\u00fcnyaya y\u00f6n veren istihbarat \u00f6rg\u00fct\u00fc\u2026Ve Anadolu\u2019da kimsenin ilgilenmedi\u011fi bir komita\u2026 T\u00fcm k\u0131talar\u0131n planlay\u0131c\u0131lar\u0131 Dat\u00e7a\u2019da, g\u00f6z ard\u0131 edilen kadim sorular e\u015fli\u011finde esrarengiz bir plan\u0131n par\u00e7as\u0131 olduklar\u0131n\u0131 \u00e7ok<span class=\"excerpt-hellip\"> [\u2026]<\/span><\/p>\n","protected":false},"featured_media":0,"template":"","meta":{"_monsterinsights_skip_tracking":false,"_monsterinsights_sitenote_active":false,"_monsterinsights_sitenote_note":"","_monsterinsights_sitenote_category":0},"product_brand":[],"product_cat":[12291,12711],"product_tag":[],"class_list":{"0":"post-735969","1":"product","2":"type-product","3":"status-publish","5":"product_cat-edebiyat","6":"product_cat-roman-oyku","7":"pa_cilt-ciltsiz","8":"pa_tur-kitap","9":"pa_yayinevi-yeni-insan-yayinlari","10":"pa_yazar-serdar-budur","12":"first","13":"instock","14":"sale","15":"shipping-taxable","16":"purchasable","17":"product-type-simple"},"_links":{"self":[{"href":"https:\/\/roveyayinevi.com.tr\/index.php\/wp-json\/wp\/v2\/product\/735969","targetHints":{"allow":["GET"]}}],"collection":[{"href":"https:\/\/roveyayinevi.com.tr\/index.php\/wp-json\/wp\/v2\/product"}],"about":[{"href":"https:\/\/roveyayinevi.com.tr\/index.php\/wp-json\/wp\/v2\/types\/product"}],"wp:attachment":[{"href":"https:\/\/roveyayinevi.com.tr\/index.php\/wp-json\/wp\/v2\/media?parent=735969"}],"wp:term":[{"taxonomy":"product_brand","embeddable":true,"href":"https:\/\/roveyayinevi.com.tr\/index.php\/wp-json\/wp\/v2\/product_brand?post=735969"},{"taxonomy":"product_cat","embeddable":true,"href":"https:\/\/roveyayinevi.com.tr\/index.php\/wp-json\/wp\/v2\/product_cat?post=735969"},{"taxonomy":"product_tag","embeddable":true,"href":"https:\/\/roveyayinevi.com.tr\/index.php\/wp-json\/wp\/v2\/product_tag?post=735969"}],"curies":[{"name":"wp","href":"https:\/\/api.w.org\/{rel}","templated":true}]}}