{"id":735968,"date":"2025-08-27T22:58:28","date_gmt":"2025-08-27T19:58:28","guid":{"rendered":"https:\/\/roveyayinevi.com.tr\/index.php\/urun\/koku-bombasi-ve-ketcap-surat-porsuklarin-kotulukleri\/"},"modified":"2026-04-16T02:44:41","modified_gmt":"2026-04-15T23:44:41","slug":"koku-bombasi-ve-ketcap-surat-porsuklarin-kotulukleri","status":"publish","type":"product","link":"https:\/\/roveyayinevi.com.tr\/index.php\/urun\/koku-bombasi-ve-ketcap-surat-porsuklarin-kotulukleri\/","title":{"rendered":"Koku Bombas\u0131 ve Ket\u00e7ap Surat &#8211; Porsuklar\u0131n K\u00f6t\u00fcl\u00fckleri"},"content":{"rendered":"<p>HEY SEN! HAYIR, SEN DE\u011e\u0130L. ARKANDAK\u0130. KET\u00c7AP SURAT\u2019IN TUHAFLIKLARLA DOLU E\u011eLENCEL\u0130 D\u00dcNYASINA HO\u015e GELD\u0130N.   Ket\u00e7ap Surat ve Koku Bombas\u0131\u2019n\u0131n tehlikelerle dolu maceras\u0131na kat\u0131lmak istiyorsan bu kitab\u0131n kapa\u011f\u0131n\u0131 aralamal\u0131s\u0131n. <\/p>\n","protected":false},"excerpt":{"rendered":"<p>HEY SEN! HAYIR, SEN DE\u011e\u0130L. ARKANDAK\u0130. KET\u00c7AP SURAT\u2019IN TUHAFLIKLARLA DOLU E\u011eLENCEL\u0130 D\u00dcNYASINA HO\u015e GELD\u0130N. Ket\u00e7ap Surat ve Koku Bombas\u0131\u2019n\u0131n tehlikelerle dolu maceras\u0131na kat\u0131lmak istiyorsan bu kitab\u0131n<span class=\"excerpt-hellip\"> [\u2026]<\/span><\/p>\n","protected":false},"featured_media":0,"template":"","meta":{"_monsterinsights_skip_tracking":false,"_monsterinsights_sitenote_active":false,"_monsterinsights_sitenote_note":"","_monsterinsights_sitenote_category":0},"product_brand":[],"product_cat":[12275,12274],"product_tag":[],"class_list":{"0":"post-735968","1":"product","2":"type-product","3":"status-publish","5":"product_cat-6-12-yas-kitaplari","6":"product_cat-cocuk-ve-genclik-kitaplari","7":"pa_cilt-ciltsiz","8":"pa_tur-kitap","9":"pa_yayinevi-epsilon-yayinlari","10":"pa_yazar-john-dougherty","12":"first","13":"instock","14":"sale","15":"shipping-taxable","16":"purchasable","17":"product-type-simple"},"_links":{"self":[{"href":"https:\/\/roveyayinevi.com.tr\/index.php\/wp-json\/wp\/v2\/product\/735968","targetHints":{"allow":["GET"]}}],"collection":[{"href":"https:\/\/roveyayinevi.com.tr\/index.php\/wp-json\/wp\/v2\/product"}],"about":[{"href":"https:\/\/roveyayinevi.com.tr\/index.php\/wp-json\/wp\/v2\/types\/product"}],"wp:attachment":[{"href":"https:\/\/roveyayinevi.com.tr\/index.php\/wp-json\/wp\/v2\/media?parent=735968"}],"wp:term":[{"taxonomy":"product_brand","embeddable":true,"href":"https:\/\/roveyayinevi.com.tr\/index.php\/wp-json\/wp\/v2\/product_brand?post=735968"},{"taxonomy":"product_cat","embeddable":true,"href":"https:\/\/roveyayinevi.com.tr\/index.php\/wp-json\/wp\/v2\/product_cat?post=735968"},{"taxonomy":"product_tag","embeddable":true,"href":"https:\/\/roveyayinevi.com.tr\/index.php\/wp-json\/wp\/v2\/product_tag?post=735968"}],"curies":[{"name":"wp","href":"https:\/\/api.w.org\/{rel}","templated":true}]}}