{"id":735964,"date":"2025-08-27T22:58:25","date_gmt":"2025-08-27T19:58:25","guid":{"rendered":"https:\/\/roveyayinevi.com.tr\/index.php\/urun\/delirisimizin-tarihcesi\/"},"modified":"2026-04-16T02:44:41","modified_gmt":"2026-04-15T23:44:41","slug":"delirisimizin-tarihcesi","status":"publish","type":"product","link":"https:\/\/roveyayinevi.com.tr\/index.php\/urun\/delirisimizin-tarihcesi\/","title":{"rendered":"Deliri\u015fimizin Tarih\u00e7esi"},"content":{"rendered":"<p>Bir g\u00fcn oturup hasbihal edelim.Fele\u011fin sillesini yiyenler derne\u011fini,Kaderin cilvesine maruz kalanlar cemiyetini kural\u0131m.Deliri\u015fimizin tarih\u00e7ecisini yazal\u0131m birlikte.\u0130ki yakas\u0131 bir araya gelmeyenler senfoni orkestras\u0131 \u00e7als\u0131n,Biz s\u00f6yleyelim.Mesela ihanet takdimimiz k\u00fcrdi makam\u0131ndataksim edelim bu defa.Bir t\u00fcrl\u00fc satamad\u0131\u011f\u0131m\u0131z cakam\u0131z\u0131ku\u011fu g\u00f6l\u00fc balesi e\u015fli\u011finde sunal\u0131m insanlara.Deneyelim\u2026Sempozyum d\u00fczenleyelim \u00f6rne\u011fin!Konumuz incir a\u011fac\u0131n\u0131n oca\u011f\u0131m\u0131zla olanm\u00fcnasebeti olsun.Siz leydim biraz \u00f6zg\u00fcn olun!Sizi hi\u00e7 kimse sevmemi\u015f olamaz.Ya siz lordum Allah a\u015fk\u0131na!B\u00fct\u00fcn kad\u0131nlar namussuz olamaz.<\/p>\n","protected":false},"excerpt":{"rendered":"<p>Bir g\u00fcn oturup hasbihal edelim.Fele\u011fin sillesini yiyenler derne\u011fini,Kaderin cilvesine maruz kalanlar cemiyetini kural\u0131m.Deliri\u015fimizin tarih\u00e7ecisini yazal\u0131m birlikte.\u0130ki yakas\u0131 bir araya gelmeyenler senfoni orkestras\u0131 \u00e7als\u0131n,Biz s\u00f6yleyelim.Mesela ihanet takdimimiz<span class=\"excerpt-hellip\"> [\u2026]<\/span><\/p>\n","protected":false},"featured_media":0,"template":"","meta":{"_monsterinsights_skip_tracking":false,"_monsterinsights_sitenote_active":false,"_monsterinsights_sitenote_note":"","_monsterinsights_sitenote_category":0},"product_brand":[],"product_cat":[12291,12509],"product_tag":[],"class_list":{"0":"post-735964","1":"product","2":"type-product","3":"status-publish","5":"product_cat-edebiyat","6":"product_cat-siir","7":"pa_cilt-ciltsiz","8":"pa_tur-kitap","9":"pa_yayinevi-gulnar-yayinlari","10":"pa_yazar-mehmet-boran","12":"first","13":"instock","14":"sale","15":"shipping-taxable","16":"purchasable","17":"product-type-simple"},"_links":{"self":[{"href":"https:\/\/roveyayinevi.com.tr\/index.php\/wp-json\/wp\/v2\/product\/735964","targetHints":{"allow":["GET"]}}],"collection":[{"href":"https:\/\/roveyayinevi.com.tr\/index.php\/wp-json\/wp\/v2\/product"}],"about":[{"href":"https:\/\/roveyayinevi.com.tr\/index.php\/wp-json\/wp\/v2\/types\/product"}],"wp:attachment":[{"href":"https:\/\/roveyayinevi.com.tr\/index.php\/wp-json\/wp\/v2\/media?parent=735964"}],"wp:term":[{"taxonomy":"product_brand","embeddable":true,"href":"https:\/\/roveyayinevi.com.tr\/index.php\/wp-json\/wp\/v2\/product_brand?post=735964"},{"taxonomy":"product_cat","embeddable":true,"href":"https:\/\/roveyayinevi.com.tr\/index.php\/wp-json\/wp\/v2\/product_cat?post=735964"},{"taxonomy":"product_tag","embeddable":true,"href":"https:\/\/roveyayinevi.com.tr\/index.php\/wp-json\/wp\/v2\/product_tag?post=735964"}],"curies":[{"name":"wp","href":"https:\/\/api.w.org\/{rel}","templated":true}]}}