{"id":735963,"date":"2025-08-27T22:58:24","date_gmt":"2025-08-27T19:58:24","guid":{"rendered":"https:\/\/roveyayinevi.com.tr\/index.php\/urun\/kusur-imzadir-kusursuzluk-bir-yalan\/"},"modified":"2026-04-16T02:44:41","modified_gmt":"2026-04-15T23:44:41","slug":"kusur-imzadir-kusursuzluk-bir-yalan","status":"publish","type":"product","link":"https:\/\/roveyayinevi.com.tr\/index.php\/urun\/kusur-imzadir-kusursuzluk-bir-yalan\/","title":{"rendered":"Kusur \u0130mzad\u0131r Kusursuzluk Bir Yalan!"},"content":{"rendered":"<p>KUSURLARINA RA\u011eMEN B\u0130R\u0130NE \u00c2\u015eIK OLMAK YOKTUR. KUSURLARA \u00c2\u015eIK OLMAK VARDIR.   Noksanl\u0131k, sakatl\u0131k, \u00f6z\u00fcr, bozukluk diye tarif edilir kusur s\u00f6zl\u00fckte. Ancak buna kar\u015f\u0131l\u0131k kusursuzlu\u011fun anla\u015f\u0131l\u0131r, g\u00fc\u00e7l\u00fc ve net bir tarifi yok. Kusursuzluk, bir kusurunun olmamas\u0131 diye a\u00e7\u0131klanabiliyor en g\u00fc\u00e7l\u00fc haliyle. Halbuki kusursuzluk s\u00f6z konusuysa, mesele \u00e7o\u011funlukla alg\u0131yla ilgili&#8230; Ne demek mi istiyorum? Kusur vard\u0131r, ger\u00e7ektir, g\u00fc\u00e7l\u00fcd\u00fcr ve nettir ama kusursuzluk yoktur diyorum. Size kusur diye dayat\u0131lan da asl\u0131nda kusur de\u011fildir. \u00d6zg\u00fcnl\u00fcklerinizin, sizi siz yapan parmak izlerinizin birer kusur oldu\u011funa ikna edilmi\u015fsinizdir sadece. G\u00fczel olan, kusursuz olan de\u011fildir, \u00f6zg\u00fcn oland\u0131r. Kusurlar\u0131n\u0131 karakteristik bir g\u00fcce d\u00f6n\u00fc\u015ft\u00fcrebilendir. Kusur olarak g\u00f6rd\u00fc\u011f\u00fcm\u00fcz \u015fey her ne olursa olsun bunu yap\u0131c\u0131 ve yarat\u0131c\u0131 bir \u00e7\u00f6z\u00fcmle \u00f6zg\u00fcnl\u00fc\u011f\u00fcm\u00fcz haline getirebiliriz. Unutmay\u0131n ki \u201ckusur\u201d tamir edilmesi gereken \u015fey de\u011fildir, do\u011fru de\u011ferlendirilmesi gereken \u015feydir. \u00c7\u00fcnk\u00fc kusur imzad\u0131r. Kusur \u00f6zg\u00fcnl\u00fckt\u00fcr, otantikliktir. <\/p>\n","protected":false},"excerpt":{"rendered":"<p>KUSURLARINA RA\u011eMEN B\u0130R\u0130NE \u00c2\u015eIK OLMAK YOKTUR. KUSURLARA \u00c2\u015eIK OLMAK VARDIR. Noksanl\u0131k, sakatl\u0131k, \u00f6z\u00fcr, bozukluk diye tarif edilir kusur s\u00f6zl\u00fckte. Ancak buna kar\u015f\u0131l\u0131k kusursuzlu\u011fun anla\u015f\u0131l\u0131r, g\u00fc\u00e7l\u00fc ve<span class=\"excerpt-hellip\"> [\u2026]<\/span><\/p>\n","protected":false},"featured_media":0,"template":"","meta":{"_monsterinsights_skip_tracking":false,"_monsterinsights_sitenote_active":false,"_monsterinsights_sitenote_note":"","_monsterinsights_sitenote_category":0},"product_brand":[],"product_cat":[12755,12357],"product_tag":[],"class_list":{"0":"post-735963","1":"product","2":"type-product","3":"status-publish","5":"product_cat-gelisim-psikolojisi","6":"product_cat-psikoloji","7":"pa_cilt-ciltsiz","8":"pa_tur-kitap","9":"pa_yayinevi-destek-yayinlari","10":"pa_yazar-melis-bozkurt","12":"first","13":"instock","14":"sale","15":"shipping-taxable","16":"purchasable","17":"product-type-simple"},"_links":{"self":[{"href":"https:\/\/roveyayinevi.com.tr\/index.php\/wp-json\/wp\/v2\/product\/735963","targetHints":{"allow":["GET"]}}],"collection":[{"href":"https:\/\/roveyayinevi.com.tr\/index.php\/wp-json\/wp\/v2\/product"}],"about":[{"href":"https:\/\/roveyayinevi.com.tr\/index.php\/wp-json\/wp\/v2\/types\/product"}],"wp:attachment":[{"href":"https:\/\/roveyayinevi.com.tr\/index.php\/wp-json\/wp\/v2\/media?parent=735963"}],"wp:term":[{"taxonomy":"product_brand","embeddable":true,"href":"https:\/\/roveyayinevi.com.tr\/index.php\/wp-json\/wp\/v2\/product_brand?post=735963"},{"taxonomy":"product_cat","embeddable":true,"href":"https:\/\/roveyayinevi.com.tr\/index.php\/wp-json\/wp\/v2\/product_cat?post=735963"},{"taxonomy":"product_tag","embeddable":true,"href":"https:\/\/roveyayinevi.com.tr\/index.php\/wp-json\/wp\/v2\/product_tag?post=735963"}],"curies":[{"name":"wp","href":"https:\/\/api.w.org\/{rel}","templated":true}]}}