{"id":735961,"date":"2025-08-27T22:58:22","date_gmt":"2025-08-27T19:58:22","guid":{"rendered":"https:\/\/roveyayinevi.com.tr\/index.php\/urun\/sen-yola-cik-yol-sana-gorunur\/"},"modified":"2026-04-16T02:44:41","modified_gmt":"2026-04-15T23:44:41","slug":"sen-yola-cik-yol-sana-gorunur","status":"publish","type":"product","link":"https:\/\/roveyayinevi.com.tr\/index.php\/urun\/sen-yola-cik-yol-sana-gorunur\/","title":{"rendered":"Sen Yola \u00c7\u0131k Yol Sana G\u00f6r\u00fcn\u00fcr"},"content":{"rendered":"<p>Her \u015eey Vaktini Bekler. Ne G\u00fcl Vaktinden \u00d6nce A\u00e7ar Ne de G\u00fcne\u015f Vaktinden \u00d6nce Do\u011far. Biraz Sabret Senin Olan Sana Gelecektir.   Mevlana 21. y\u00fczy\u0131lda d\u00fcnyan\u0131n ba\u015f\u0131na gelenleri g\u00f6rseydi acaba ne d\u00fc\u015f\u00fcn\u00fcrd\u00fc? Bu h\u0131z \u00e7a\u011f\u0131nda bo\u011fu\u015ftu\u011fumuz sorunlar\u0131 \u00e7\u00f6z\u00fcme ula\u015ft\u0131rmak i\u00e7in bize nas\u0131l yol g\u00f6sterirdi? Hakan Meng\u00fc\u00e7, kaleme ald\u0131\u011f\u0131 bu yeni kitab\u0131nda tam da bu sorular\u0131n yan\u0131t\u0131n\u0131 ar\u0131yor. B\u00fcy\u00fck d\u00fc\u015f\u00fcn\u00fcr, sekiz y\u00fcz y\u0131l \u00f6ncesinden sesleniyor \u00e7a\u011f\u0131m\u0131z\u0131n ac\u0131 \u00e7eken ruhlar\u0131na&#8230; Onlara 21 alt\u0131n kural\u0131 hat\u0131rlat\u0131yor! Hi\u00e7bir \u015feyin \u00e7aresiz ve \u00e7\u00f6z\u00fcms\u00fcz olmad\u0131\u011f\u0131n\u0131, her derdin i\u00e7inde bir derman sakl\u0131 oldu\u011funu f\u0131s\u0131ld\u0131yor. Peki ya o derman\u0131 bulmak m\u00fcmk\u00fcn m\u00fc? Do\u011fru yere bak\u0131nca evet&#8230; Do\u011fru yeri bilen g\u00f6n\u00fcl g\u00f6z\u00fcn\u00fc uyand\u0131rman\u0131n tam zaman\u0131&#8230; Arad\u0131\u011f\u0131n hazine tam olarak durdu\u011fun yerde. Ho\u015f geldin yol arkada\u015f\u0131m. <\/p>\n","protected":false},"excerpt":{"rendered":"<p>Her \u015eey Vaktini Bekler. Ne G\u00fcl Vaktinden \u00d6nce A\u00e7ar Ne de G\u00fcne\u015f Vaktinden \u00d6nce Do\u011far. Biraz Sabret Senin Olan Sana Gelecektir. Mevlana 21. y\u00fczy\u0131lda d\u00fcnyan\u0131n ba\u015f\u0131na<span class=\"excerpt-hellip\"> [\u2026]<\/span><\/p>\n","protected":false},"featured_media":0,"template":"","meta":{"_monsterinsights_skip_tracking":false,"_monsterinsights_sitenote_active":false,"_monsterinsights_sitenote_note":"","_monsterinsights_sitenote_category":0},"product_brand":[],"product_cat":[12364,12376],"product_tag":[],"class_list":{"0":"post-735961","1":"product","2":"type-product","3":"status-publish","5":"product_cat-genel-konular","6":"product_cat-kisisel-gelisim","7":"pa_cilt-ciltsiz","8":"pa_tur-kitap","9":"pa_yayinevi-destek-yayinlari","10":"pa_yazar-hakan-menguc","12":"first","13":"instock","14":"sale","15":"shipping-taxable","16":"purchasable","17":"product-type-simple"},"_links":{"self":[{"href":"https:\/\/roveyayinevi.com.tr\/index.php\/wp-json\/wp\/v2\/product\/735961","targetHints":{"allow":["GET"]}}],"collection":[{"href":"https:\/\/roveyayinevi.com.tr\/index.php\/wp-json\/wp\/v2\/product"}],"about":[{"href":"https:\/\/roveyayinevi.com.tr\/index.php\/wp-json\/wp\/v2\/types\/product"}],"wp:attachment":[{"href":"https:\/\/roveyayinevi.com.tr\/index.php\/wp-json\/wp\/v2\/media?parent=735961"}],"wp:term":[{"taxonomy":"product_brand","embeddable":true,"href":"https:\/\/roveyayinevi.com.tr\/index.php\/wp-json\/wp\/v2\/product_brand?post=735961"},{"taxonomy":"product_cat","embeddable":true,"href":"https:\/\/roveyayinevi.com.tr\/index.php\/wp-json\/wp\/v2\/product_cat?post=735961"},{"taxonomy":"product_tag","embeddable":true,"href":"https:\/\/roveyayinevi.com.tr\/index.php\/wp-json\/wp\/v2\/product_tag?post=735961"}],"curies":[{"name":"wp","href":"https:\/\/api.w.org\/{rel}","templated":true}]}}