{"id":735960,"date":"2025-08-27T22:58:21","date_gmt":"2025-08-27T19:58:21","guid":{"rendered":"https:\/\/roveyayinevi.com.tr\/index.php\/urun\/toprak-annem\/"},"modified":"2026-04-16T02:44:41","modified_gmt":"2026-04-15T23:44:41","slug":"toprak-annem","status":"publish","type":"product","link":"https:\/\/roveyayinevi.com.tr\/index.php\/urun\/toprak-annem\/","title":{"rendered":"Toprak Annem"},"content":{"rendered":"<p>Ninti ve Adepa, her \u015feyin normal ilerledi\u011fi bir ak\u015fam ge\u00e7irip, sabah her zamanki hayatlar\u0131na devam etmek i\u00e7in uyand\u0131klar\u0131nda art\u0131k hi\u00e7bir \u015fey eskisi gibi de\u011fildi\u2026 Bir \u015feyler oluyordu, gezegenlerinde ak\u0131llar\u0131na gelmesi m\u00fcmk\u00fcn olmayan bir \u015feyler ya\u015fan\u0131yordu\u2026 Neler olup bitti\u011fini tam olarak anlamalar\u0131 i\u00e7in ge\u00e7en s\u00fcre sonunda art\u0131k bir s\u00fcr\u00fc hayvan ile bir uzay meki\u011finin i\u00e7erisindeydiler.   Garip olaylar ya\u015fad\u0131klar\u0131 bu s\u00fcre i\u00e7inde, \u00f6\u011frendikleri \u00f6nemli bir \u015fey vard\u0131: Hayat her zaman ikinci bir \u015fans vermeyebilirdi\u2026 Yapt\u0131klar\u0131 se\u00e7imler onlar\u0131 buraya getirmi\u015fti ve art\u0131k son bir se\u00e7im daha yapmalar\u0131 gerekliydi ya da belki de ba\u015fka bir se\u00e7enekleri yoktu\u2026 Peki, \u015fimdi o kara deli\u011fe girecekler miydi?<\/p>\n","protected":false},"excerpt":{"rendered":"<p>Ninti ve Adepa, her \u015feyin normal ilerledi\u011fi bir ak\u015fam ge\u00e7irip, sabah her zamanki hayatlar\u0131na devam etmek i\u00e7in uyand\u0131klar\u0131nda art\u0131k hi\u00e7bir \u015fey eskisi gibi de\u011fildi\u2026 Bir \u015feyler<span class=\"excerpt-hellip\"> [\u2026]<\/span><\/p>\n","protected":false},"featured_media":0,"template":"","meta":{"_monsterinsights_skip_tracking":false,"_monsterinsights_sitenote_active":false,"_monsterinsights_sitenote_note":"","_monsterinsights_sitenote_category":0},"product_brand":[],"product_cat":[12540,12291],"product_tag":[],"class_list":{"0":"post-735960","1":"product","2":"type-product","3":"status-publish","5":"product_cat-bilim-kurgu","6":"product_cat-edebiyat","7":"pa_cilt-ciltsiz","8":"pa_tur-kitap","9":"pa_yayinevi-perseus","10":"pa_yazar-alper-bozdag","12":"first","13":"instock","14":"sale","15":"shipping-taxable","16":"purchasable","17":"product-type-simple"},"_links":{"self":[{"href":"https:\/\/roveyayinevi.com.tr\/index.php\/wp-json\/wp\/v2\/product\/735960","targetHints":{"allow":["GET"]}}],"collection":[{"href":"https:\/\/roveyayinevi.com.tr\/index.php\/wp-json\/wp\/v2\/product"}],"about":[{"href":"https:\/\/roveyayinevi.com.tr\/index.php\/wp-json\/wp\/v2\/types\/product"}],"wp:attachment":[{"href":"https:\/\/roveyayinevi.com.tr\/index.php\/wp-json\/wp\/v2\/media?parent=735960"}],"wp:term":[{"taxonomy":"product_brand","embeddable":true,"href":"https:\/\/roveyayinevi.com.tr\/index.php\/wp-json\/wp\/v2\/product_brand?post=735960"},{"taxonomy":"product_cat","embeddable":true,"href":"https:\/\/roveyayinevi.com.tr\/index.php\/wp-json\/wp\/v2\/product_cat?post=735960"},{"taxonomy":"product_tag","embeddable":true,"href":"https:\/\/roveyayinevi.com.tr\/index.php\/wp-json\/wp\/v2\/product_tag?post=735960"}],"curies":[{"name":"wp","href":"https:\/\/api.w.org\/{rel}","templated":true}]}}