{"id":735958,"date":"2025-08-27T22:58:18","date_gmt":"2025-08-27T19:58:18","guid":{"rendered":"https:\/\/roveyayinevi.com.tr\/index.php\/urun\/siirler-inciler-ve-eflatun\/"},"modified":"2026-04-16T02:44:41","modified_gmt":"2026-04-15T23:44:41","slug":"siirler-inciler-ve-eflatun","status":"publish","type":"product","link":"https:\/\/roveyayinevi.com.tr\/index.php\/urun\/siirler-inciler-ve-eflatun\/","title":{"rendered":"\u015eiirler, \u0130nciler ve Eflatun"},"content":{"rendered":"<p>\u201cKald\u0131r ba\u015f\u0131n\u0131, topla cesaretini. Bu karanl\u0131klar, bu ya\u011fmurlar, Hi\u00e7birinin g\u00fcc\u00fc yetmesin, Soldurmaya c\u00fcretini. Eflatun&#8217;dur mahlas\u0131n, K\u0131rm\u0131z\u0131 en yak\u0131\u015fan\u0131n. Mavi de isterdi ye\u015fil de Onlar\u0131 ku\u015fanas\u0131n.\u201d<\/p>\n","protected":false},"excerpt":{"rendered":"<p>\u201cKald\u0131r ba\u015f\u0131n\u0131, topla cesaretini. Bu karanl\u0131klar, bu ya\u011fmurlar, Hi\u00e7birinin g\u00fcc\u00fc yetmesin, Soldurmaya c\u00fcretini. Eflatun&#8217;dur mahlas\u0131n, K\u0131rm\u0131z\u0131 en yak\u0131\u015fan\u0131n. Mavi de isterdi ye\u015fil de Onlar\u0131 ku\u015fanas\u0131n.\u201d<\/p>\n","protected":false},"featured_media":0,"template":"","meta":{"_monsterinsights_skip_tracking":false,"_monsterinsights_sitenote_active":false,"_monsterinsights_sitenote_note":"","_monsterinsights_sitenote_category":0},"product_brand":[],"product_cat":[12291,12509],"product_tag":[],"class_list":{"0":"post-735958","1":"product","2":"type-product","3":"status-publish","5":"product_cat-edebiyat","6":"product_cat-siir","7":"pa_cilt-ciltsiz","8":"pa_tur-kitap","9":"pa_yayinevi-elpis-yayinlari","10":"pa_yazar-b-s-keles","12":"first","13":"instock","14":"sale","15":"shipping-taxable","16":"purchasable","17":"product-type-simple"},"_links":{"self":[{"href":"https:\/\/roveyayinevi.com.tr\/index.php\/wp-json\/wp\/v2\/product\/735958","targetHints":{"allow":["GET"]}}],"collection":[{"href":"https:\/\/roveyayinevi.com.tr\/index.php\/wp-json\/wp\/v2\/product"}],"about":[{"href":"https:\/\/roveyayinevi.com.tr\/index.php\/wp-json\/wp\/v2\/types\/product"}],"wp:attachment":[{"href":"https:\/\/roveyayinevi.com.tr\/index.php\/wp-json\/wp\/v2\/media?parent=735958"}],"wp:term":[{"taxonomy":"product_brand","embeddable":true,"href":"https:\/\/roveyayinevi.com.tr\/index.php\/wp-json\/wp\/v2\/product_brand?post=735958"},{"taxonomy":"product_cat","embeddable":true,"href":"https:\/\/roveyayinevi.com.tr\/index.php\/wp-json\/wp\/v2\/product_cat?post=735958"},{"taxonomy":"product_tag","embeddable":true,"href":"https:\/\/roveyayinevi.com.tr\/index.php\/wp-json\/wp\/v2\/product_tag?post=735958"}],"curies":[{"name":"wp","href":"https:\/\/api.w.org\/{rel}","templated":true}]}}