{"id":735957,"date":"2025-08-27T22:58:16","date_gmt":"2025-08-27T19:58:16","guid":{"rendered":"https:\/\/roveyayinevi.com.tr\/index.php\/urun\/surgun-kralin-laneti\/"},"modified":"2026-04-16T02:44:41","modified_gmt":"2026-04-15T23:44:41","slug":"surgun-kralin-laneti","status":"publish","type":"product","link":"https:\/\/roveyayinevi.com.tr\/index.php\/urun\/surgun-kralin-laneti\/","title":{"rendered":"S\u00fcrg\u00fcn Kral\u2019\u0131n Laneti"},"content":{"rendered":"<p>Zaman\u0131n birinde insanl\u0131\u011f\u0131n ejderhalara kar\u015f\u0131 ba\u015flatt\u0131\u011f\u0131 sava\u015f, \u00fc\u00e7 ejderha taraf\u0131ndan olduk\u00e7a kanl\u0131 bir \u015fekilde bast\u0131r\u0131lm\u0131\u015ft\u0131. Ejderhalar\u0131n amans\u0131z sald\u0131r\u0131lar\u0131 s\u0131ras\u0131nda yery\u00fcz\u00fcn\u00fcn m\u00fchr\u00fc k\u0131r\u0131lm\u0131\u015f ve yeralt\u0131na hapsolan binlerce yarat\u0131k y\u00fczeye \u00e7\u0131km\u0131\u015ft\u0131. \u0130nsanl\u0131\u011f\u0131n neredeyse sonunu getiren bu olay\u0131n \u00fczerinden 1000 y\u0131l ge\u00e7mi\u015fti. Bir adam\u0131n yurdunu terk edip, intikam u\u011fruna tek ba\u015f\u0131na ba\u015flatt\u0131\u011f\u0131 ejderha av\u0131, t\u00fcm d\u00fcnyan\u0131n kaderini de\u011fi\u015ftirecek olaylar zincirini nas\u0131l tetikleyecekti? Ya da 1000 y\u0131l sonra yaln\u0131zca hik\u00e2yelerde, masallarda dilden dile aktar\u0131lan bu korkun\u00e7 yarat\u0131klar\u0131n, bir imparatorlu\u011fu \u201cyeniden\u201d y\u0131kmas\u0131n\u0131 \u00f6nleyebilecekler miydi? D\u00fcnya \u00e7ok yak\u0131nda de\u011fi\u015fecekti. \u0130nsano\u011flu&#8217;nun en b\u00fcy\u00fck tehdidi yeniden harekete ge\u00e7se de hen\u00fcz kimse yakla\u015fan tehdidin fark\u0131nda de\u011fildi. Bir ki\u015fi hari\u00e7&#8230;<\/p>\n","protected":false},"excerpt":{"rendered":"<p>Zaman\u0131n birinde insanl\u0131\u011f\u0131n ejderhalara kar\u015f\u0131 ba\u015flatt\u0131\u011f\u0131 sava\u015f, \u00fc\u00e7 ejderha taraf\u0131ndan olduk\u00e7a kanl\u0131 bir \u015fekilde bast\u0131r\u0131lm\u0131\u015ft\u0131. Ejderhalar\u0131n amans\u0131z sald\u0131r\u0131lar\u0131 s\u0131ras\u0131nda yery\u00fcz\u00fcn\u00fcn m\u00fchr\u00fc k\u0131r\u0131lm\u0131\u015f ve yeralt\u0131na hapsolan binlerce<span class=\"excerpt-hellip\"> [\u2026]<\/span><\/p>\n","protected":false},"featured_media":0,"template":"","meta":{"_monsterinsights_skip_tracking":false,"_monsterinsights_sitenote_active":false,"_monsterinsights_sitenote_note":"","_monsterinsights_sitenote_category":0},"product_brand":[],"product_cat":[12291,14777],"product_tag":[],"class_list":{"0":"post-735957","1":"product","2":"type-product","3":"status-publish","5":"product_cat-edebiyat","6":"product_cat-fantastik","7":"pa_cilt-ciltsiz","8":"pa_tur-kitap","9":"pa_yayinevi-perseus","10":"pa_yazar-furkan-yilmazoglu","12":"first","13":"instock","14":"sale","15":"shipping-taxable","16":"purchasable","17":"product-type-simple"},"_links":{"self":[{"href":"https:\/\/roveyayinevi.com.tr\/index.php\/wp-json\/wp\/v2\/product\/735957","targetHints":{"allow":["GET"]}}],"collection":[{"href":"https:\/\/roveyayinevi.com.tr\/index.php\/wp-json\/wp\/v2\/product"}],"about":[{"href":"https:\/\/roveyayinevi.com.tr\/index.php\/wp-json\/wp\/v2\/types\/product"}],"wp:attachment":[{"href":"https:\/\/roveyayinevi.com.tr\/index.php\/wp-json\/wp\/v2\/media?parent=735957"}],"wp:term":[{"taxonomy":"product_brand","embeddable":true,"href":"https:\/\/roveyayinevi.com.tr\/index.php\/wp-json\/wp\/v2\/product_brand?post=735957"},{"taxonomy":"product_cat","embeddable":true,"href":"https:\/\/roveyayinevi.com.tr\/index.php\/wp-json\/wp\/v2\/product_cat?post=735957"},{"taxonomy":"product_tag","embeddable":true,"href":"https:\/\/roveyayinevi.com.tr\/index.php\/wp-json\/wp\/v2\/product_tag?post=735957"}],"curies":[{"name":"wp","href":"https:\/\/api.w.org\/{rel}","templated":true}]}}