{"id":735954,"date":"2025-08-27T22:58:12","date_gmt":"2025-08-27T19:58:12","guid":{"rendered":"https:\/\/roveyayinevi.com.tr\/index.php\/urun\/buyume-dostu-vergileme\/"},"modified":"2026-04-16T02:44:41","modified_gmt":"2026-04-15T23:44:41","slug":"buyume-dostu-vergileme","status":"publish","type":"product","link":"https:\/\/roveyayinevi.com.tr\/index.php\/urun\/buyume-dostu-vergileme\/","title":{"rendered":"B\u00fcy\u00fcme Dostu Vergileme"},"content":{"rendered":"<p>1.      B\u0130R\u0130NC\u0130 B\u00d6L\u00dcM \u0130KT\u0130SAD\u0130 YAKLA\u015eIMLAR VE EKONOM\u0130K B\u00dcY\u00dcMEN\u0130N D\u0130NAM\u0130KLER\u0130 1.1.   KLAS\u0130K YAKLA\u015eIM 1.2.   KEYNESYEN YAKLA\u015eIM 1.3.   NEOKLAS\u0130K YAKLA\u015eIM 1.4.   ARZ YANLI \u0130KT\u0130SAT YAKLA\u015eIMI 1.5.   \u0130\u00c7SEL B\u00dcY\u00dcME YAKLA\u015eIMLARI 2.      \u0130K\u0130NC\u0130 B\u00d6L\u00dcM VERG\u0130LER\u0130N EKONOM\u0130K B\u00dcY\u00dcMEYE ETK\u0130S\u0130 2.1.   VERG\u0130LER\u0130N EKONOM\u0130K KARARLAR \u00dcZER\u0130NDEK\u0130 ETK\u0130LER\u0130 2.2.   VERG\u0130LER\u0130N \u00dcRET\u0130M D\u00dcZEY\u0130 \u00dcZER\u0130NDEK\u0130 ETK\u0130LER\u0130 2.3.   VERG\u0130LER\u0130N EKONOM\u0130K B\u00dcY\u00dcMEYE ETK\u0130S\u0130NE DA\u0130R AMP\u0130R\u0130K L\u0130TERAT\u00dcR 3.      \u00dc\u00c7\u00dcNC\u00dc B\u00d6L\u00dcM OECD \u00dcLKELER\u0130NDE B\u00dcY\u00dcME ODAKLI VERG\u0130 REFORMLARI 3.1.   B\u00dcY\u00dcME ODAKLI VERG\u0130 REFORM \u00d6NER\u0130LER\u0130 3.2.   OECD \u00dcLKELER\u0130NDE VERG\u0130 GEL\u0130RLER\u0130N\u0130N GEL\u0130\u015e\u0130M\u0130 3.3.   VERG\u0130 YAPISINDAK\u0130 DE\u011e\u0130\u015e\u0130MLER\u0130N B\u00dcY\u00dcME ODAKLI REFORM \u00d6NER\u0130LER\u0130 BAKIMINDAN DE\u011eERLEND\u0130R\u0130LMES\u0130 4.      D\u00d6RD\u00dcNC\u00dc B\u00d6L\u00dcM T\u00dcRK\u0130YE\u2019DE VERG\u0130 GEL\u0130RLER\u0130 VE EKONOM\u0130K B\u00dcY\u00dcME 4.1.   T\u00dcRK\u0130YE\u2019DE VERG\u0130 GEL\u0130RLER\u0130N\u0130N GEL\u0130\u015e\u0130M\u0130 4.2.   T\u00dcRK\u0130YE\u2019DE VERG\u0130LER\u0130N EKONOM\u0130K B\u00dcY\u00dcMEYE ETK\u0130S\u0130NE DA\u0130R AMP\u0130R\u0130K L\u0130TERAT\u00dcR 4.3.   T\u00dcRK\u0130YE\u2019DE VERG\u0130LER VE EKONOM\u0130K B\u00dcY\u00dcME \u0130L\u0130\u015eK\u0130S\u0130NE DA\u0130R UYGULAMA 4.4.   B\u00dcY\u00dcME ODAKLI VERG\u0130 POL\u0130T\u0130KASI \u00d6NER\u0130LER\u0130N\u0130N T\u00dcRK\u0130YE A\u00c7ISINDAN DE\u011eERLEND\u0130R\u0130LMES\u0130  <\/p>\n","protected":false},"excerpt":{"rendered":"<p>1. B\u0130R\u0130NC\u0130 B\u00d6L\u00dcM \u0130KT\u0130SAD\u0130 YAKLA\u015eIMLAR VE EKONOM\u0130K B\u00dcY\u00dcMEN\u0130N D\u0130NAM\u0130KLER\u0130 1.1. KLAS\u0130K YAKLA\u015eIM 1.2. KEYNESYEN YAKLA\u015eIM 1.3. NEOKLAS\u0130K YAKLA\u015eIM 1.4. ARZ YANLI \u0130KT\u0130SAT YAKLA\u015eIMI 1.5. \u0130\u00c7SEL B\u00dcY\u00dcME<span class=\"excerpt-hellip\"> [\u2026]<\/span><\/p>\n","protected":false},"featured_media":0,"template":"","meta":{"_monsterinsights_skip_tracking":false,"_monsterinsights_sitenote_active":false,"_monsterinsights_sitenote_note":"","_monsterinsights_sitenote_category":0},"product_brand":[],"product_cat":[13043,14381],"product_tag":[],"class_list":{"0":"post-735954","1":"product","2":"type-product","3":"status-publish","5":"product_cat-ekonomi","6":"product_cat-isletme-muhasebe-maliye","7":"pa_cilt-ciltsiz","8":"pa_tur-kitap","9":"pa_yayinevi-gazi-kitabevi","10":"pa_yazar-gozde-nalbant-efe","12":"first","13":"instock","14":"sale","15":"shipping-taxable","16":"purchasable","17":"product-type-simple"},"_links":{"self":[{"href":"https:\/\/roveyayinevi.com.tr\/index.php\/wp-json\/wp\/v2\/product\/735954","targetHints":{"allow":["GET"]}}],"collection":[{"href":"https:\/\/roveyayinevi.com.tr\/index.php\/wp-json\/wp\/v2\/product"}],"about":[{"href":"https:\/\/roveyayinevi.com.tr\/index.php\/wp-json\/wp\/v2\/types\/product"}],"wp:attachment":[{"href":"https:\/\/roveyayinevi.com.tr\/index.php\/wp-json\/wp\/v2\/media?parent=735954"}],"wp:term":[{"taxonomy":"product_brand","embeddable":true,"href":"https:\/\/roveyayinevi.com.tr\/index.php\/wp-json\/wp\/v2\/product_brand?post=735954"},{"taxonomy":"product_cat","embeddable":true,"href":"https:\/\/roveyayinevi.com.tr\/index.php\/wp-json\/wp\/v2\/product_cat?post=735954"},{"taxonomy":"product_tag","embeddable":true,"href":"https:\/\/roveyayinevi.com.tr\/index.php\/wp-json\/wp\/v2\/product_tag?post=735954"}],"curies":[{"name":"wp","href":"https:\/\/api.w.org\/{rel}","templated":true}]}}