{"id":735953,"date":"2025-08-27T22:58:11","date_gmt":"2025-08-27T19:58:11","guid":{"rendered":"https:\/\/roveyayinevi.com.tr\/index.php\/urun\/benjamin-disraelinin-genc-ingiltere-trilojisinde-toplumsal-politik-ve-dinsel-sorunlar\/"},"modified":"2026-04-16T02:44:40","modified_gmt":"2026-04-15T23:44:40","slug":"benjamin-disraelinin-genc-ingiltere-trilojisinde-toplumsal-politik-ve-dinsel-sorunlar","status":"publish","type":"product","link":"https:\/\/roveyayinevi.com.tr\/index.php\/urun\/benjamin-disraelinin-genc-ingiltere-trilojisinde-toplumsal-politik-ve-dinsel-sorunlar\/","title":{"rendered":"Benjamin Disraeli&#8217;nin Gen\u00e7 \u0130ngiltere Trilojisinde Toplumsal, Politik ve Dinsel Sorunlar"},"content":{"rendered":"<p>1.      1. B\u00d6L\u00dcM 1.1.   V\u0130KTORYA D\u00d6NEM\u0130 ROMANLARINI \u015eEK\u0130LLEND\u0130REN TOPLUMSAL VE POL\u0130T\u0130K YAPI 1.2.   \u00c7ART\u0130ZM\u2019\u0130 HAZIRLAYAN ETMENLER VE SONU\u00c7LARI 2.      2. B\u00d6L\u00dcM 2.1.   SYBIL: OR THE TWO NATIONS\u2019DA TOPLUMSAL SORUNLAR 2.2.   \u0130K\u0130 ULUS VE ONLARIN YA\u015eAM KO\u015eULLARI 2.3.   A\u015eK, EVL\u0130L\u0130K, A\u0130LE VE AHLAK 2.4.   \u0130K\u0130 ULUSUN SINIF \u00c7ATI\u015eMASI VE YOKSULLARIN YA\u015eADIKLARINA \u0130SYANI 3.      3. B\u00d6L\u00dcM 3.1.   CONINGSBY: OR THE NEW GENERATION\u2019DA POL\u0130T\u0130K SORUNLAR 3.2.   MODERN MUHAFAZAK\u00c2RLIK 3.3.   GEN\u00c7 \u0130NG\u0130LTERE \u00dcLK\u00dcS\u00dc 3.4.   REFORM YASALARI 4.      4. B\u00d6L\u00dcM 4.1.   DISRAELI\u2019N\u0130N ETN\u0130K VE D\u0130NSEL K\u00d6KEN\u0130 4.2.   TANCRED: OR THE NEW CRUSADE\u2019DE YAHUD\u0130L\u0130K OLGUSU YAHUD\u0130L\u0130KTE SINIFSAL AYRIM: SEFARAD VE A\u015eKENAZLAR<\/p>\n","protected":false},"excerpt":{"rendered":"<p>1. 1. B\u00d6L\u00dcM 1.1. V\u0130KTORYA D\u00d6NEM\u0130 ROMANLARINI \u015eEK\u0130LLEND\u0130REN TOPLUMSAL VE POL\u0130T\u0130K YAPI 1.2. \u00c7ART\u0130ZM\u2019\u0130 HAZIRLAYAN ETMENLER VE SONU\u00c7LARI 2. 2. B\u00d6L\u00dcM 2.1. SYBIL: OR THE TWO<span class=\"excerpt-hellip\"> [\u2026]<\/span><\/p>\n","protected":false},"featured_media":0,"template":"","meta":{"_monsterinsights_skip_tracking":false,"_monsterinsights_sitenote_active":false,"_monsterinsights_sitenote_note":"","_monsterinsights_sitenote_category":0},"product_brand":[],"product_cat":[20225,12291],"product_tag":[],"class_list":{"0":"post-735953","1":"product","2":"type-product","3":"status-publish","5":"product_cat-dil-bilim","6":"product_cat-edebiyat","7":"pa_cilt-ciltsiz","8":"pa_tur-kitap","9":"pa_yayinevi-gazi-kitabevi","10":"pa_yazar-sahin-kiziltas","12":"first","13":"instock","14":"sale","15":"shipping-taxable","16":"purchasable","17":"product-type-simple"},"_links":{"self":[{"href":"https:\/\/roveyayinevi.com.tr\/index.php\/wp-json\/wp\/v2\/product\/735953","targetHints":{"allow":["GET"]}}],"collection":[{"href":"https:\/\/roveyayinevi.com.tr\/index.php\/wp-json\/wp\/v2\/product"}],"about":[{"href":"https:\/\/roveyayinevi.com.tr\/index.php\/wp-json\/wp\/v2\/types\/product"}],"wp:attachment":[{"href":"https:\/\/roveyayinevi.com.tr\/index.php\/wp-json\/wp\/v2\/media?parent=735953"}],"wp:term":[{"taxonomy":"product_brand","embeddable":true,"href":"https:\/\/roveyayinevi.com.tr\/index.php\/wp-json\/wp\/v2\/product_brand?post=735953"},{"taxonomy":"product_cat","embeddable":true,"href":"https:\/\/roveyayinevi.com.tr\/index.php\/wp-json\/wp\/v2\/product_cat?post=735953"},{"taxonomy":"product_tag","embeddable":true,"href":"https:\/\/roveyayinevi.com.tr\/index.php\/wp-json\/wp\/v2\/product_tag?post=735953"}],"curies":[{"name":"wp","href":"https:\/\/api.w.org\/{rel}","templated":true}]}}