{"id":735952,"date":"2025-08-27T22:58:10","date_gmt":"2025-08-27T19:58:10","guid":{"rendered":"https:\/\/roveyayinevi.com.tr\/index.php\/urun\/guzel-sanatlar-ve-spor-lisesi-ogrencilerinin-bos-zaman-tutumlarinin-incelenmesi\/"},"modified":"2026-04-16T02:44:40","modified_gmt":"2026-04-15T23:44:40","slug":"guzel-sanatlar-ve-spor-lisesi-ogrencilerinin-bos-zaman-tutumlarinin-incelenmesi","status":"publish","type":"product","link":"https:\/\/roveyayinevi.com.tr\/index.php\/urun\/guzel-sanatlar-ve-spor-lisesi-ogrencilerinin-bos-zaman-tutumlarinin-incelenmesi\/","title":{"rendered":"G\u00fczel Sanatlar ve Spor Lisesi \u00d6\u011frencilerinin Bo\u015f Zaman Tutumlar\u0131n\u0131n \u0130ncelenmesi"},"content":{"rendered":"<p>1.      G\u0130R\u0130\u015e 1.1.   Zaman 1.2.   Serbest Zaman Kavram\u0131 1.3.   Bo\u015f Zaman 1.4.   Rekreasyon (Bo\u015f Zaman De\u011ferlendirme) 1.5.   Spor ve Beden E\u011fitimi Kavram\u0131 1.6.   Tutum Kavram\u0131 1.7.   E\u011fitim 2.      GERE\u00c7 VE Y\u00d6NTEM 2.1.   Ara\u015ft\u0131rman\u0131n Evren ve \u00d6rneklemi 2.2.   Veri Toplama Ara\u00e7lar\u0131 2.3.   \u0130statistiksel De\u011ferlendirmeler 3.      BULGULAR 4.      TARTI\u015eMA VE SONU\u00c7 <\/p>\n","protected":false},"excerpt":{"rendered":"<p>1. G\u0130R\u0130\u015e 1.1. Zaman 1.2. Serbest Zaman Kavram\u0131 1.3. Bo\u015f Zaman 1.4. Rekreasyon (Bo\u015f Zaman De\u011ferlendirme) 1.5. Spor ve Beden E\u011fitimi Kavram\u0131 1.6. Tutum Kavram\u0131 1.7.<span class=\"excerpt-hellip\"> [\u2026]<\/span><\/p>\n","protected":false},"featured_media":0,"template":"","meta":{"_monsterinsights_skip_tracking":false,"_monsterinsights_sitenote_active":false,"_monsterinsights_sitenote_note":"","_monsterinsights_sitenote_category":0},"product_brand":[],"product_cat":[12573,12566],"product_tag":[],"class_list":{"0":"post-735952","1":"product","2":"type-product","3":"status-publish","5":"product_cat-akademik-kitaplar","6":"product_cat-egitim","7":"pa_cilt-ciltsiz","8":"pa_tur-kitap","9":"pa_yayinevi-gazi-kitabevi","10":"pa_yazar-taha-burhan-eyyup-nacar","12":"first","13":"instock","14":"sale","15":"shipping-taxable","16":"purchasable","17":"product-type-simple"},"_links":{"self":[{"href":"https:\/\/roveyayinevi.com.tr\/index.php\/wp-json\/wp\/v2\/product\/735952","targetHints":{"allow":["GET"]}}],"collection":[{"href":"https:\/\/roveyayinevi.com.tr\/index.php\/wp-json\/wp\/v2\/product"}],"about":[{"href":"https:\/\/roveyayinevi.com.tr\/index.php\/wp-json\/wp\/v2\/types\/product"}],"wp:attachment":[{"href":"https:\/\/roveyayinevi.com.tr\/index.php\/wp-json\/wp\/v2\/media?parent=735952"}],"wp:term":[{"taxonomy":"product_brand","embeddable":true,"href":"https:\/\/roveyayinevi.com.tr\/index.php\/wp-json\/wp\/v2\/product_brand?post=735952"},{"taxonomy":"product_cat","embeddable":true,"href":"https:\/\/roveyayinevi.com.tr\/index.php\/wp-json\/wp\/v2\/product_cat?post=735952"},{"taxonomy":"product_tag","embeddable":true,"href":"https:\/\/roveyayinevi.com.tr\/index.php\/wp-json\/wp\/v2\/product_tag?post=735952"}],"curies":[{"name":"wp","href":"https:\/\/api.w.org\/{rel}","templated":true}]}}