{"id":735950,"date":"2025-08-27T22:58:09","date_gmt":"2025-08-27T19:58:09","guid":{"rendered":"https:\/\/roveyayinevi.com.tr\/index.php\/urun\/osmaniye-arastirmalari-ii\/"},"modified":"2026-04-16T02:44:40","modified_gmt":"2026-04-15T23:44:40","slug":"osmaniye-arastirmalari-ii","status":"publish","type":"product","link":"https:\/\/roveyayinevi.com.tr\/index.php\/urun\/osmaniye-arastirmalari-ii\/","title":{"rendered":"Osmaniye Ara\u015ft\u0131rmalar\u0131 II"},"content":{"rendered":"<p>1.      I. B\u00d6L\u00dcM: RUM MEHMET PA\u015eA&#8217;NIN \u0130KBAL\u0130N\u0130 S\u00d6ND\u00dcREN ULA\u015eLI VARSAKLAR 2.      II. B\u00d6L\u00dcM: CU\u0130NET&#8217;E G\u00d6RE CEBEL-\u0130 BEREKET SANCA\u011eI 3.      III. B\u00d6L\u00dcM: 19. Y\u00dcZYILIN \u0130K\u0130NC\u0130 YARISINDA OSMAN\u0130YE KAZ\u00c2SI&#8217;NIN \u0130D\u00c2R\u0130 VE E\u011e\u0130T\u0130M DURUMU 4.      IV. B\u00d6L\u00dcM: SON DEV\u0130R OSMANLI ULEMASINDAN OSMAN\u0130YEL\u0130 B\u0130R M\u00dcFT\u00dc: HASAN EFEND\u0130 5.      V. B\u00d6L\u00dcM: 1909 ADANA ERMEN\u0130 OLAYLARI SONRASI BAH\u00c7E, HASSA VE \u0130SL\u00c2H\u0130YE KAZALARINA YAPILAN YARDIMLAR 6.      VI. B\u00d6L\u00dcM: OSMANLI AR\u015e\u0130V BELGELER\u0130NDE OSMAN\u0130YE HAP\u0130SHANES\u0130 7.      VII. B\u00d6L\u00dcM: M\u00dcTAREKE D\u00d6NEM\u0130NDE CEBEL-\u0130 BEREKET SANCA\u011eI VE SON OSMANLI MECL\u0130S-\u0130 MEBUSAN SE\u00c7\u0130MLER\u0130 8.      VIII. B\u00d6L\u00dcM: T\u00dcRK BA\u011eIMSIZLIK SAVA\u015eINDA OSMAN\u0130YE 9.      IX. B\u00d6L\u00dcM: CEBEL\u0130 BEREKET M\u0130LLETVEK\u0130LLER\u0130 VE MECL\u0130S FAAL\u0130YETLER\u0130 (1920-1933) 10.  X. B\u00d6L\u00dcM: OSMAN\u0130YE \u0130L\u0130 TOPRAKKALE VE D\u00dcZ\u0130\u00c7\u0130 Y\u00d6RES\u0130 DOKUMALARIN MOT\u0130F \u00d6ZELL\u0130KLER\u0130 11.  XI. B\u00d6L\u00dcM: OSMAN\u0130YE HALK K\u00dcLT\u00dcR\u00dcNDE HACCA G\u0130TME <\/p>\n","protected":false},"excerpt":{"rendered":"<p>1. I. B\u00d6L\u00dcM: RUM MEHMET PA\u015eA&#8217;NIN \u0130KBAL\u0130N\u0130 S\u00d6ND\u00dcREN ULA\u015eLI VARSAKLAR 2. II. B\u00d6L\u00dcM: CU\u0130NET&#8217;E G\u00d6RE CEBEL-\u0130 BEREKET SANCA\u011eI 3. III. B\u00d6L\u00dcM: 19. Y\u00dcZYILIN \u0130K\u0130NC\u0130 YARISINDA OSMAN\u0130YE<span class=\"excerpt-hellip\"> [\u2026]<\/span><\/p>\n","protected":false},"featured_media":0,"template":"","meta":{"_monsterinsights_skip_tracking":false,"_monsterinsights_sitenote_active":false,"_monsterinsights_sitenote_note":"","_monsterinsights_sitenote_category":0},"product_brand":[],"product_cat":[13517,12304],"product_tag":[],"class_list":{"0":"post-735950","1":"product","2":"type-product","3":"status-publish","5":"product_cat-osmanli-tarihi","6":"product_cat-tarih","7":"pa_cilt-ciltsiz","8":"pa_tur-kitap","9":"pa_yayinevi-gazi-kitabevi","10":"pa_yazar-ummugulsum-candeger-huriye-emen","12":"first","13":"instock","14":"sale","15":"shipping-taxable","16":"purchasable","17":"product-type-simple"},"_links":{"self":[{"href":"https:\/\/roveyayinevi.com.tr\/index.php\/wp-json\/wp\/v2\/product\/735950","targetHints":{"allow":["GET"]}}],"collection":[{"href":"https:\/\/roveyayinevi.com.tr\/index.php\/wp-json\/wp\/v2\/product"}],"about":[{"href":"https:\/\/roveyayinevi.com.tr\/index.php\/wp-json\/wp\/v2\/types\/product"}],"wp:attachment":[{"href":"https:\/\/roveyayinevi.com.tr\/index.php\/wp-json\/wp\/v2\/media?parent=735950"}],"wp:term":[{"taxonomy":"product_brand","embeddable":true,"href":"https:\/\/roveyayinevi.com.tr\/index.php\/wp-json\/wp\/v2\/product_brand?post=735950"},{"taxonomy":"product_cat","embeddable":true,"href":"https:\/\/roveyayinevi.com.tr\/index.php\/wp-json\/wp\/v2\/product_cat?post=735950"},{"taxonomy":"product_tag","embeddable":true,"href":"https:\/\/roveyayinevi.com.tr\/index.php\/wp-json\/wp\/v2\/product_tag?post=735950"}],"curies":[{"name":"wp","href":"https:\/\/api.w.org\/{rel}","templated":true}]}}