{"id":735949,"date":"2025-08-27T22:58:08","date_gmt":"2025-08-27T19:58:08","guid":{"rendered":"https:\/\/roveyayinevi.com.tr\/index.php\/urun\/kamu-yonetimi-ve-idare-hukuku-cercevesinde-saglik-hizmetleri-ve-saglik-personelinin-disiplin-sorumlulugu\/"},"modified":"2026-04-16T02:44:40","modified_gmt":"2026-04-15T23:44:40","slug":"kamu-yonetimi-ve-idare-hukuku-cercevesinde-saglik-hizmetleri-ve-saglik-personelinin-disiplin-sorumlulugu","status":"publish","type":"product","link":"https:\/\/roveyayinevi.com.tr\/index.php\/urun\/kamu-yonetimi-ve-idare-hukuku-cercevesinde-saglik-hizmetleri-ve-saglik-personelinin-disiplin-sorumlulugu\/","title":{"rendered":"Kamu Y\u00f6netimi ve \u0130dare Hukuku \u00c7er\u00e7evesinde Sa\u011fl\u0131k Hizmetleri ve Sa\u011fl\u0131k Personelinin Disiplin Sorumlulu\u011fu"},"content":{"rendered":"<p>1.      KAMU H\u0130ZMETLER\u0130 A\u00c7ISINDAN SA\u011eLIK H\u0130ZMETLER\u0130 VE TAR\u0130HSEL GEL\u0130\u015e\u0130M\u0130 1.1.   Sa\u011fl\u0131k Hizmetlerinin Genel \u00c7er\u00e7evesi 1.2.   Sa\u011fl\u0131k Hizmetlerinin Tarihsel Geli\u015fimi 2.      SA\u011eLIK H\u0130ZMETLER\u0130N\u0130N KAMU Y\u00d6NET\u0130M\u0130 \u00d6RG\u00dcTLENMES\u0130 2.1.   D\u00fcnya Sa\u011fl\u0131k \u00d6rg\u00fct\u00fc 2.2.   Sa\u011fl\u0131k Bakanl\u0131\u011f\u0131 2.3.   Sa\u011fl\u0131k ve G\u0131da Politikalar\u0131 Kurulu 3.      KAMUDA SA\u011eLIK PERSONEL S\u0130STEM\u0130 3.1.   657 Say\u0131l\u0131 Devlet Memurlar\u0131 Kanunu\u2019na G\u00f6re Sa\u011fl\u0131k Personelinin \u0130stihdam\u0131 3.2.   Kamu Sa\u011fl\u0131k Hizmetlerinde \u0130stihdam Bi\u00e7imleri 3.3.   Sa\u011fl\u0131k Meslek Mensuplar\u0131 ile Sa\u011fl\u0131k Hizmetlerinde \u00c7al\u0131\u015fan Di\u011fer Meslek Mensuplar\u0131n\u0131n \u0130\u015f ve G\u00f6rev Tan\u0131mlar\u0131 4.      KAMU SA\u011eLIK PERSONEL\u0130N\u0130N D\u0130S\u0130PL\u0130N SORUMLULU\u011eU 4.1.   Kamu Sa\u011fl\u0131k Personelinin Disiplin Sorumlulu\u011funun Yasal \u00c7er\u00e7evesi 4.2.   Sa\u011fl\u0131k Bakanl\u0131\u011f\u0131 Disiplin Amirlerine \u0130li\u015fkin D\u00fczenlemeler 4.3.   Kamu Sa\u011fl\u0131k Personelinin Disiplin S\u00fcreci 4.4.   Kamu G\u00f6revlisi Sa\u011fl\u0131k \u00c7al\u0131\u015fanlar\u0131n\u0131n Yarg\u0131lanmas\u0131 4.5.   S\u00f6zle\u015fmeli Sa\u011fl\u0131k Personeli \u00c7er\u00e7evesinde Disiplin Sorumlulu\u011fu 4.6.   Eleman Temininde G\u00fc\u00e7l\u00fck \u00c7ekilen Yerlerde S\u00f6zle\u015fmeli Sa\u011fl\u0131k Personelinin Disiplin Sorumlulu\u011fu 4.7.   Aile Hekimleri ve Aile Sa\u011fl\u0131\u011f\u0131 \u00c7al\u0131\u015fanlar\u0131n\u0131n Disiplin Sorumlulu\u011fu 4.8.   T\u00fcrk Tabipleri Birli\u011fi Mevzuat\u0131 Uyar\u0131nca Disiplin Sorumlulu\u011fu <\/p>\n","protected":false},"excerpt":{"rendered":"<p>1. KAMU H\u0130ZMETLER\u0130 A\u00c7ISINDAN SA\u011eLIK H\u0130ZMETLER\u0130 VE TAR\u0130HSEL GEL\u0130\u015e\u0130M\u0130 1.1. Sa\u011fl\u0131k Hizmetlerinin Genel \u00c7er\u00e7evesi 1.2. Sa\u011fl\u0131k Hizmetlerinin Tarihsel Geli\u015fimi 2. SA\u011eLIK H\u0130ZMETLER\u0130N\u0130N KAMU Y\u00d6NET\u0130M\u0130 \u00d6RG\u00dcTLENMES\u0130 2.1.<span class=\"excerpt-hellip\"> [\u2026]<\/span><\/p>\n","protected":false},"featured_media":0,"template":"","meta":{"_monsterinsights_skip_tracking":false,"_monsterinsights_sitenote_active":false,"_monsterinsights_sitenote_note":"","_monsterinsights_sitenote_category":0},"product_brand":[],"product_cat":[13043,19008],"product_tag":[],"class_list":{"0":"post-735949","1":"product","2":"type-product","3":"status-publish","5":"product_cat-ekonomi","6":"product_cat-yonetim","7":"pa_cilt-ciltsiz","8":"pa_tur-kitap","9":"pa_yayinevi-gazi-kitabevi","10":"pa_yazar-hakan-turan","12":"first","13":"instock","14":"sale","15":"shipping-taxable","16":"purchasable","17":"product-type-simple"},"_links":{"self":[{"href":"https:\/\/roveyayinevi.com.tr\/index.php\/wp-json\/wp\/v2\/product\/735949","targetHints":{"allow":["GET"]}}],"collection":[{"href":"https:\/\/roveyayinevi.com.tr\/index.php\/wp-json\/wp\/v2\/product"}],"about":[{"href":"https:\/\/roveyayinevi.com.tr\/index.php\/wp-json\/wp\/v2\/types\/product"}],"wp:attachment":[{"href":"https:\/\/roveyayinevi.com.tr\/index.php\/wp-json\/wp\/v2\/media?parent=735949"}],"wp:term":[{"taxonomy":"product_brand","embeddable":true,"href":"https:\/\/roveyayinevi.com.tr\/index.php\/wp-json\/wp\/v2\/product_brand?post=735949"},{"taxonomy":"product_cat","embeddable":true,"href":"https:\/\/roveyayinevi.com.tr\/index.php\/wp-json\/wp\/v2\/product_cat?post=735949"},{"taxonomy":"product_tag","embeddable":true,"href":"https:\/\/roveyayinevi.com.tr\/index.php\/wp-json\/wp\/v2\/product_tag?post=735949"}],"curies":[{"name":"wp","href":"https:\/\/api.w.org\/{rel}","templated":true}]}}