{"id":735948,"date":"2025-08-27T22:58:07","date_gmt":"2025-08-27T19:58:07","guid":{"rendered":"https:\/\/roveyayinevi.com.tr\/index.php\/urun\/ka\/"},"modified":"2026-04-16T02:44:40","modified_gmt":"2026-04-15T23:44:40","slug":"ka","status":"publish","type":"product","link":"https:\/\/roveyayinevi.com.tr\/index.php\/urun\/ka\/","title":{"rendered":"KA"},"content":{"rendered":"<p>T\u0131n\u0131s\u0131 yanl\u0131\u015f yere kuytulanm\u0131\u015f a\u015fk bu  Bir yan\u0131 hep i\u015ftahl\u0131 girdap  Bir yan\u0131 efgan\u0131 yan\u0131k zaman   Uzat\u0131lan izin ka\u011f\u0131tlar\u0131 gibi ayr\u0131l\u0131k Ayr\u0131l\u0131k diyorum, kutsanan ayr\u0131l\u0131\u011f\u0131m\u0131z Yol \u00e7amurla\u015f\u0131yor, \u00e7izmelerimizi giyelim <\/p>\n","protected":false},"excerpt":{"rendered":"<p>T\u0131n\u0131s\u0131 yanl\u0131\u015f yere kuytulanm\u0131\u015f a\u015fk bu Bir yan\u0131 hep i\u015ftahl\u0131 girdap Bir yan\u0131 efgan\u0131 yan\u0131k zaman Uzat\u0131lan izin ka\u011f\u0131tlar\u0131 gibi ayr\u0131l\u0131k Ayr\u0131l\u0131k diyorum, kutsanan ayr\u0131l\u0131\u011f\u0131m\u0131z Yol<span class=\"excerpt-hellip\"> [\u2026]<\/span><\/p>\n","protected":false},"featured_media":0,"template":"","meta":{"_monsterinsights_skip_tracking":false,"_monsterinsights_sitenote_active":false,"_monsterinsights_sitenote_note":"","_monsterinsights_sitenote_category":0},"product_brand":[],"product_cat":[12291,12509],"product_tag":[],"class_list":{"0":"post-735948","1":"product","2":"type-product","3":"status-publish","5":"product_cat-edebiyat","6":"product_cat-siir","7":"pa_cilt-ciltsiz","8":"pa_tur-kitap","9":"pa_yayinevi-altinordu-yayinlari","10":"pa_yazar-umit-rona","12":"first","13":"instock","14":"sale","15":"shipping-taxable","16":"purchasable","17":"product-type-simple"},"_links":{"self":[{"href":"https:\/\/roveyayinevi.com.tr\/index.php\/wp-json\/wp\/v2\/product\/735948","targetHints":{"allow":["GET"]}}],"collection":[{"href":"https:\/\/roveyayinevi.com.tr\/index.php\/wp-json\/wp\/v2\/product"}],"about":[{"href":"https:\/\/roveyayinevi.com.tr\/index.php\/wp-json\/wp\/v2\/types\/product"}],"wp:attachment":[{"href":"https:\/\/roveyayinevi.com.tr\/index.php\/wp-json\/wp\/v2\/media?parent=735948"}],"wp:term":[{"taxonomy":"product_brand","embeddable":true,"href":"https:\/\/roveyayinevi.com.tr\/index.php\/wp-json\/wp\/v2\/product_brand?post=735948"},{"taxonomy":"product_cat","embeddable":true,"href":"https:\/\/roveyayinevi.com.tr\/index.php\/wp-json\/wp\/v2\/product_cat?post=735948"},{"taxonomy":"product_tag","embeddable":true,"href":"https:\/\/roveyayinevi.com.tr\/index.php\/wp-json\/wp\/v2\/product_tag?post=735948"}],"curies":[{"name":"wp","href":"https:\/\/api.w.org\/{rel}","templated":true}]}}