{"id":735943,"date":"2025-08-27T22:58:01","date_gmt":"2025-08-27T19:58:01","guid":{"rendered":"https:\/\/roveyayinevi.com.tr\/index.php\/urun\/bu-siir-sana\/"},"modified":"2026-04-16T02:44:40","modified_gmt":"2026-04-15T23:44:40","slug":"bu-siir-sana","status":"publish","type":"product","link":"https:\/\/roveyayinevi.com.tr\/index.php\/urun\/bu-siir-sana\/","title":{"rendered":"Bu \u015eiir Sana"},"content":{"rendered":"<p>\u201cBu \u015eiir Sana\u201d kitab\u0131nda a\u015fk\u0131n her t\u00fcrl\u00fc h\u00e2li anlat\u0131l\u0131yor asl\u0131nda. A\u015fka yeniden \u00e2\u015f\u0131k olup, bazen de sevda ve a\u015fk\u0131n asl\u0131nda siz oldu\u011funuzu fark edeceksiniz. A\u015fk varsa yan\u0131m\u0131zda olan\u0131 bile deli gibi \u00f6zlemiyor muyuz?   Ya da ger\u00e7ek a\u015fk her zaman kavu\u015fma olmayabiliyor. Onu onsuz ya\u015fayabilmek de g\u00fczel de\u011fil mi? Bu kitapta a\u015fk; ya\u015fad\u0131\u011f\u0131n\u0131z ya da ya\u015famak istedi\u011finiz h\u00e2liyle kar\u015f\u0131n\u0131za \u00e7\u0131k\u0131yor. Elinizde tuttu\u011funuz kitap, so\u011fuk k\u0131\u015f ak\u015famlar\u0131nda i\u00e7inizi \u0131s\u0131t\u0131rken, yaz\u0131n da size a\u015fk\u0131 hat\u0131rlatacak. Hepinizi anlatan bir \u015fiir mutlaka vard\u0131r ve o \u015fiir \u015fu an elinizde tuttu\u011funuz kitapta sizin taraf\u0131n\u0131zdan okunmay\u0131 bekliyor. Bu kitapta siz vars\u0131n\u0131z. \u015eiir dedi\u011fin neydi ki                                                                                       Bardaktaki rak\u0131 Kadehteki \u015farap Tabaktaki peynir Avucundaki f\u0131st\u0131k Elindeki kalem k\u00e2\u011f\u0131t \u015eiir dedi\u011fin neydi ki En b\u00fcy\u00fck a\u015fk Ac\u0131lar\u0131 hafifletme yolu Sevinci anlatman\u0131n en g\u00fczel sonu \u015eiir dedi\u011fin neydi ki Sen, ben, a\u015fk Ya da Kahve, deniz, dans\u2026 <\/p>\n","protected":false},"excerpt":{"rendered":"<p>\u201cBu \u015eiir Sana\u201d kitab\u0131nda a\u015fk\u0131n her t\u00fcrl\u00fc h\u00e2li anlat\u0131l\u0131yor asl\u0131nda. A\u015fka yeniden \u00e2\u015f\u0131k olup, bazen de sevda ve a\u015fk\u0131n asl\u0131nda siz oldu\u011funuzu fark edeceksiniz. A\u015fk varsa<span class=\"excerpt-hellip\"> [\u2026]<\/span><\/p>\n","protected":false},"featured_media":0,"template":"","meta":{"_monsterinsights_skip_tracking":false,"_monsterinsights_sitenote_active":false,"_monsterinsights_sitenote_note":"","_monsterinsights_sitenote_category":0},"product_brand":[],"product_cat":[12291,12509],"product_tag":[],"class_list":{"0":"post-735943","1":"product","2":"type-product","3":"status-publish","5":"product_cat-edebiyat","6":"product_cat-siir","7":"pa_cilt-ciltsiz","8":"pa_tur-kitap","9":"pa_yayinevi-servet-yayinevi","10":"pa_yazar-beyhan-gulten-dinckuyucu","12":"first","13":"instock","14":"sale","15":"shipping-taxable","16":"purchasable","17":"product-type-simple"},"_links":{"self":[{"href":"https:\/\/roveyayinevi.com.tr\/index.php\/wp-json\/wp\/v2\/product\/735943","targetHints":{"allow":["GET"]}}],"collection":[{"href":"https:\/\/roveyayinevi.com.tr\/index.php\/wp-json\/wp\/v2\/product"}],"about":[{"href":"https:\/\/roveyayinevi.com.tr\/index.php\/wp-json\/wp\/v2\/types\/product"}],"wp:attachment":[{"href":"https:\/\/roveyayinevi.com.tr\/index.php\/wp-json\/wp\/v2\/media?parent=735943"}],"wp:term":[{"taxonomy":"product_brand","embeddable":true,"href":"https:\/\/roveyayinevi.com.tr\/index.php\/wp-json\/wp\/v2\/product_brand?post=735943"},{"taxonomy":"product_cat","embeddable":true,"href":"https:\/\/roveyayinevi.com.tr\/index.php\/wp-json\/wp\/v2\/product_cat?post=735943"},{"taxonomy":"product_tag","embeddable":true,"href":"https:\/\/roveyayinevi.com.tr\/index.php\/wp-json\/wp\/v2\/product_tag?post=735943"}],"curies":[{"name":"wp","href":"https:\/\/api.w.org\/{rel}","templated":true}]}}