{"id":735941,"date":"2025-08-27T22:57:58","date_gmt":"2025-08-27T19:57:58","guid":{"rendered":"https:\/\/roveyayinevi.com.tr\/index.php\/urun\/korku-ve-titreme-3\/"},"modified":"2026-04-16T02:44:40","modified_gmt":"2026-04-15T23:44:40","slug":"korku-ve-titreme-3","status":"publish","type":"product","link":"https:\/\/roveyayinevi.com.tr\/index.php\/urun\/korku-ve-titreme-3\/","title":{"rendered":"Korku ve Titreme"},"content":{"rendered":"<p>Modern \u0130ran edebiyat\u0131n\u0131n en \u00f6nemli isimlerinden olan Gulam H\u00fcseyin S\u00e2edi, bu kez Korku ve Titreme\u2019yle ger\u00e7ek\u00e7ilikle b\u00fcy\u00fcl\u00fc ger\u00e7ek\u00e7ili\u011fin i\u00e7 i\u00e7e ge\u00e7ti\u011fi bamba\u015fka bir iklime g\u00f6t\u00fcr\u00fcyor okuru. Bal\u0131k\u00e7\u0131l\u0131kla ge\u00e7inen k\u00fc\u00e7\u00fck bir k\u0131y\u0131 k\u00f6y\u00fcnde ya\u015fanan gizemli olaylar yer al\u0131yor Korku ve Titreme\u2019de. Deniz k\u00fclt\u00fcr\u00fcn\u00fcn ya\u015fam\u0131n\u0131 bi\u00e7imlendirdi\u011fi k\u00f6y halk\u0131 kimi zaman komik, kimi zaman \u00fc\u00e7k\u00e2\u011f\u0131t\u00e7\u0131, kimi zaman da \u00e7ocuk\u00e7a bir safl\u0131kla ama hep cahilce ve korkuyla hareket ediyor. Dura\u011fanl\u0131\u011f\u0131n bile kendince bir tempo yaratt\u0131\u011f\u0131 g\u00fcndelik hayat, sahile demirleyen tuhaf bir gemiyle birlikte de\u011fi\u015ferek adeta d\u00f6n\u00fc\u015f\u00fcm ge\u00e7iriyor.   Korku ve Titreme b\u00fcy\u00fcl\u00fc ger\u00e7ek\u00e7ili\u011fin g\u00fc\u00e7l\u00fc kalemi S\u00e2edi\u2019nin, s\u0131radan diyaloglarla ola\u011fan\u00fcst\u00fc bir atmosfer yaratt\u0131\u011f\u0131, ger\u00e7ekle ger\u00e7ek\u00fcst\u00fc aras\u0131nda gidip gelen \u00f6zg\u00fcn yap\u0131tlar\u0131ndan biri.   O, \u0130ranl\u0131lar i\u00e7in M\u00e1rquez\u2019den \u00f6nceki M\u00e1rquez\u2019dir.-Ahmet \u015eamlu   Gulam H\u00fcseyin S\u00e2edi\u2019nin eserlerinde bi\u00e7em, sans\u00fcr\u00fc ezme mekanizmas\u0131 olarak i\u015flev g\u00f6r\u00fcr. Yazar, mesaj\u0131 \u00f6ylesine zekice iletir ki bir mesaj verildi\u011fi izlenimi yaratmaz. Bu gizlenmi\u015f mesajlar\u0131, eserlerini sans\u00fcrlemek i\u00e7in okuyanlar g\u00f6remedi\u011fi gibi okurlar\u0131 da ald\u0131klar\u0131n\u0131n fark\u0131na varmadan al\u0131rlar.-Reza Beraheni <\/p>\n","protected":false},"excerpt":{"rendered":"<p>Modern \u0130ran edebiyat\u0131n\u0131n en \u00f6nemli isimlerinden olan Gulam H\u00fcseyin S\u00e2edi, bu kez Korku ve Titreme\u2019yle ger\u00e7ek\u00e7ilikle b\u00fcy\u00fcl\u00fc ger\u00e7ek\u00e7ili\u011fin i\u00e7 i\u00e7e ge\u00e7ti\u011fi bamba\u015fka bir iklime g\u00f6t\u00fcr\u00fcyor okuru.<span class=\"excerpt-hellip\"> [\u2026]<\/span><\/p>\n","protected":false},"featured_media":0,"template":"","meta":{"_monsterinsights_skip_tracking":false,"_monsterinsights_sitenote_active":false,"_monsterinsights_sitenote_note":"","_monsterinsights_sitenote_category":0},"product_brand":[],"product_cat":[12291,12711],"product_tag":[],"class_list":{"0":"post-735941","1":"product","2":"type-product","3":"status-publish","5":"product_cat-edebiyat","6":"product_cat-roman-oyku","7":"pa_cilt-ciltsiz","8":"pa_tur-kitap","9":"pa_yayinevi-yapi-kredi-yayinlari","10":"pa_yazar-gulam-huseyin-saedi","12":"first","13":"instock","14":"sale","15":"shipping-taxable","16":"purchasable","17":"product-type-simple"},"_links":{"self":[{"href":"https:\/\/roveyayinevi.com.tr\/index.php\/wp-json\/wp\/v2\/product\/735941","targetHints":{"allow":["GET"]}}],"collection":[{"href":"https:\/\/roveyayinevi.com.tr\/index.php\/wp-json\/wp\/v2\/product"}],"about":[{"href":"https:\/\/roveyayinevi.com.tr\/index.php\/wp-json\/wp\/v2\/types\/product"}],"wp:attachment":[{"href":"https:\/\/roveyayinevi.com.tr\/index.php\/wp-json\/wp\/v2\/media?parent=735941"}],"wp:term":[{"taxonomy":"product_brand","embeddable":true,"href":"https:\/\/roveyayinevi.com.tr\/index.php\/wp-json\/wp\/v2\/product_brand?post=735941"},{"taxonomy":"product_cat","embeddable":true,"href":"https:\/\/roveyayinevi.com.tr\/index.php\/wp-json\/wp\/v2\/product_cat?post=735941"},{"taxonomy":"product_tag","embeddable":true,"href":"https:\/\/roveyayinevi.com.tr\/index.php\/wp-json\/wp\/v2\/product_tag?post=735941"}],"curies":[{"name":"wp","href":"https:\/\/api.w.org\/{rel}","templated":true}]}}