{"id":735935,"date":"2025-08-27T22:57:51","date_gmt":"2025-08-27T19:57:51","guid":{"rendered":"https:\/\/roveyayinevi.com.tr\/index.php\/urun\/gercek-ozgurluk\/"},"modified":"2026-04-05T02:51:26","modified_gmt":"2026-04-04T23:51:26","slug":"gercek-ozgurluk","status":"publish","type":"product","link":"https:\/\/roveyayinevi.com.tr\/index.php\/urun\/gercek-ozgurluk\/","title":{"rendered":"Ger\u00e7ek \u00d6zg\u00fcrl\u00fck"},"content":{"rendered":"<p>YA\u015eAMINDA KEND\u0130S\u0130 OLARAK VAR OLAMAMI\u015e B\u0130R\u0130 DUYGU, D\u00dc\u015e\u00dcNCE VE DAVRANI\u015eLARIYLA YA\u015eAMI \u00d6ZG\u00dcRCE KUCAKLAYAB\u0130L\u0130R M\u0130? \u201cD\u00fcnya bazen kapkaranl\u0131k g\u00f6z\u00fck\u00fcr, insan kendini yapayaln\u0131z ve de\u011fersiz g\u00f6r\u00fcr, bu duygular da ya\u015fam\u0131n bir par\u00e7as\u0131. Bence sizin, sizi anlayacak biriyle konu\u015fmaya ihtiyac\u0131n\u0131z var.\u201d Bu kitap, gen\u00e7lik y\u0131llar\u0131m\u0131 temsil eden \u00fcniversite \u00f6\u011frencisi Timur ile ya\u015fl\u0131l\u0131k y\u0131llar\u0131m\u0131 temsil eden emekli psikoloji profes\u00f6r\u00fc Yakup Bey aras\u0131nda ge\u00e7en sohbetlerden olu\u015fuyor. Sevdi\u011fi k\u0131z\u0131n kendisini \u00f6nemsemedi\u011fini fark etmeyen Timur ona evlilik teklif eder. Sosyoekonomik d\u00fczeyi y\u00fcksek Nesrin kibarca, \u201cSen ben denk de\u011filiz,\u201d mesaj\u0131n\u0131 verir. Tesad\u00fcfen Timur\u2019la kar\u015f\u0131la\u015fan Yakup Bey gencin y\u00fcz\u00fcnden h\u00fczn\u00fcn\u00fc ve yaln\u0131zl\u0131\u011f\u0131n\u0131 anlar ve ona isterse Sahaflar \u00c7ar\u015f\u0131s\u0131\u2019ndaki kitap\u00e7\u0131 d\u00fckk\u00e2n\u0131na gelebilece\u011fini s\u00f6yler. Bulu\u015fmaya ve sohbet etmeye ba\u015flarlar. Bu sohbet i\u00e7inde Timur kendi anlam verme sistemini, de\u011ferler sistemini, ezikli\u011finin kayna\u011f\u0131n\u0131, toplumla, ya\u015famla ili\u015fkisinin temellerini ke\u015ffetmeye ba\u015flayacakt\u0131r. O kar\u015f\u0131la\u015fmadan sonra Yakup Bey\u2019le yapt\u0131\u011f\u0131 sohbetlerde, k\u00fclt\u00fcr robotlu\u011fundan \u015fahsiyet olmaya giden bir \u00f6zg\u00fcrl\u00fck yolculu\u011funa \u00e7\u0131kacakt\u0131r. Bu kitapta, kar\u015f\u0131l\u0131kl\u0131 sayg\u0131 i\u00e7inde olan iki insan\u0131n; ya\u015fam\u0131n\u0131, ili\u015fkilerini, kendi anlam verme sistemini ke\u015ffedi\u015fi yer almaktad\u0131r. Sevgi mi \u00f6zg\u00fcrl\u00fc\u011fe, \u00f6zg\u00fcrl\u00fck m\u00fc sevgiye g\u00f6t\u00fcr\u00fcr? \u0130\u00e7 yaln\u0131zl\u0131\u011f\u0131 g\u00f6zlerinden okunurken sevdi\u011fine evlenme teklif eden, ger\u00e7ek sevgiyi, ger\u00e7ek a\u015fk\u0131 sorgulayan \u00fcniversiteli bir gencin biz bilinci i\u00e7inde ad\u0131m ad\u0131m Ger\u00e7ek \u00d6zg\u00fcrl\u00fck\u2019e var\u0131\u015f\u0131n\u0131n \u00f6yk\u00fcs\u00fc. Kendi yolculu\u011fumuzu yapmak i\u00e7in buraday\u0131z; bu yolculukta kendimiz olabilme cesaretini bulmam\u0131z kolay de\u011fildir ama kendimiz olmadan ya\u015fam\u0131m\u0131zdaki hi\u00e7bir \u015fey anlam\u0131n\u0131 bulamaz. <\/p>\n","protected":false},"excerpt":{"rendered":"<p>YA\u015eAMINDA KEND\u0130S\u0130 OLARAK VAR OLAMAMI\u015e B\u0130R\u0130 DUYGU, D\u00dc\u015e\u00dcNCE VE DAVRANI\u015eLARIYLA YA\u015eAMI \u00d6ZG\u00dcRCE KUCAKLAYAB\u0130L\u0130R M\u0130? \u201cD\u00fcnya bazen kapkaranl\u0131k g\u00f6z\u00fck\u00fcr, insan kendini yapayaln\u0131z ve de\u011fersiz g\u00f6r\u00fcr, bu duygular<span class=\"excerpt-hellip\"> [\u2026]<\/span><\/p>\n","protected":false},"featured_media":0,"template":"","meta":{"_monsterinsights_skip_tracking":false,"_monsterinsights_sitenote_active":false,"_monsterinsights_sitenote_note":"","_monsterinsights_sitenote_category":0},"product_brand":[],"product_cat":[12364,12376],"product_tag":[],"class_list":{"0":"post-735935","1":"product","2":"type-product","3":"status-publish","5":"product_cat-genel-konular","6":"product_cat-kisisel-gelisim","7":"pa_cilt-ciltsiz","8":"pa_tur-kitap","9":"pa_yayinevi-kronik-kitap","10":"pa_yazar-dogan-cuceloglu","12":"first","13":"instock","14":"sale","15":"shipping-taxable","16":"purchasable","17":"product-type-simple"},"_links":{"self":[{"href":"https:\/\/roveyayinevi.com.tr\/index.php\/wp-json\/wp\/v2\/product\/735935","targetHints":{"allow":["GET"]}}],"collection":[{"href":"https:\/\/roveyayinevi.com.tr\/index.php\/wp-json\/wp\/v2\/product"}],"about":[{"href":"https:\/\/roveyayinevi.com.tr\/index.php\/wp-json\/wp\/v2\/types\/product"}],"wp:attachment":[{"href":"https:\/\/roveyayinevi.com.tr\/index.php\/wp-json\/wp\/v2\/media?parent=735935"}],"wp:term":[{"taxonomy":"product_brand","embeddable":true,"href":"https:\/\/roveyayinevi.com.tr\/index.php\/wp-json\/wp\/v2\/product_brand?post=735935"},{"taxonomy":"product_cat","embeddable":true,"href":"https:\/\/roveyayinevi.com.tr\/index.php\/wp-json\/wp\/v2\/product_cat?post=735935"},{"taxonomy":"product_tag","embeddable":true,"href":"https:\/\/roveyayinevi.com.tr\/index.php\/wp-json\/wp\/v2\/product_tag?post=735935"}],"curies":[{"name":"wp","href":"https:\/\/api.w.org\/{rel}","templated":true}]}}