{"id":735933,"date":"2025-08-27T22:57:49","date_gmt":"2025-08-27T19:57:49","guid":{"rendered":"https:\/\/roveyayinevi.com.tr\/index.php\/urun\/kadin-erkek-iliskileri\/"},"modified":"2026-04-16T02:44:39","modified_gmt":"2026-04-15T23:44:39","slug":"kadin-erkek-iliskileri","status":"publish","type":"product","link":"https:\/\/roveyayinevi.com.tr\/index.php\/urun\/kadin-erkek-iliskileri\/","title":{"rendered":"Kad\u0131n Erkek \u0130li\u015fkileri"},"content":{"rendered":"<p>Kad\u0131n-erkek ili\u015fkilerini ele alan say\u0131s\u0131z yay\u0131n ortaya konmu\u015ftur. M. Haluk \u00d6zbay\u2019\u0131n bak\u0131\u015f a\u00e7\u0131s\u0131 sayesinde bu kitap, en \u00f6zg\u00fcn olanlar\u0131 aras\u0131na rahatl\u0131kla girecektir. \u00d6zg\u00fcnl\u00fc\u011f\u00fc destekleyen realite, ortaya olduk\u00e7a ilgin\u00e7 ve okumas\u0131 keyifli bir eser \u00e7\u0131karm\u0131\u015f. Kad\u0131n-erkek ili\u015fkisi \u00fczerine d\u00fc\u015f\u00fcn\u00fcrken, asl\u0131nda \u00e7ok daha genel bir alan\u0131 ele alma gereklili\u011fini, hatta onun evrene sirayet etmi\u015f bir anlam\u0131 oldu\u011funu g\u00f6zler \u00f6n\u00fcne sermi\u015f. Toplumsal rollerimizin olu\u015fumu, a\u015fk tan\u0131m\u0131, ileti\u015fimin \u00f6nemi, kullan\u0131lan dil, duygular&#8230; Bamba\u015fka a\u00e7\u0131lardan ortaya konulmu\u015f. Bilimsel verilerin, bilinenlerin, kan\u0131tlar\u0131n, ili\u015fkiler i\u00e7in de benzer \u015fekilde i\u015fledi\u011fi konusunda ikna edici bir \u00e7al\u0131\u015fma&#8230; Ayn\u0131 \u015fablonu kad\u0131n-erkek ili\u015fkisinde olu\u015fturmak uygundur. Kad\u0131n erke\u011fine, erkek kad\u0131n\u0131na uygun tutum tak\u0131nd\u0131\u011f\u0131nda, g\u00f6ky\u00fcz\u00fcnde yol al\u0131rlar. U\u00e7ak havaya uygun tutum tak\u0131nd\u0131\u011f\u0131nda, hava u\u00e7a\u011f\u0131 havalara u\u00e7urur. \u00c7imento ile, demire ve topra\u011fa uygun tutum tak\u0131n\u0131ld\u0131\u011f\u0131nda inan\u0131lmaz binalar yap\u0131l\u0131r. Erkek kad\u0131n\u0131na, kad\u0131n erke\u011fine uygun tutum tak\u0131nd\u0131\u011f\u0131nda mutlulu\u011fa u\u00e7arlar. Uygun tutum, ustalar\u0131n deste\u011fi olmadan sa\u011flanamaz; kad\u0131n ve erkek mutlulu\u011fa u\u00e7amaz. <\/p>\n","protected":false},"excerpt":{"rendered":"<p>Kad\u0131n-erkek ili\u015fkilerini ele alan say\u0131s\u0131z yay\u0131n ortaya konmu\u015ftur. M. Haluk \u00d6zbay\u2019\u0131n bak\u0131\u015f a\u00e7\u0131s\u0131 sayesinde bu kitap, en \u00f6zg\u00fcn olanlar\u0131 aras\u0131na rahatl\u0131kla girecektir. \u00d6zg\u00fcnl\u00fc\u011f\u00fc destekleyen realite, ortaya<span class=\"excerpt-hellip\"> [\u2026]<\/span><\/p>\n","protected":false},"featured_media":0,"template":"","meta":{"_monsterinsights_skip_tracking":false,"_monsterinsights_sitenote_active":false,"_monsterinsights_sitenote_note":"","_monsterinsights_sitenote_category":0},"product_brand":[],"product_cat":[26396,13488],"product_tag":[],"class_list":{"0":"post-735933","1":"product","2":"type-product","3":"status-publish","5":"product_cat-kadin-erkek-iliskileri","6":"product_cat-toplum-ve-insan","7":"pa_cilt-ciltsiz","8":"pa_tur-kitap","9":"pa_yayinevi-luna-yayinlari","10":"pa_yazar-m-haluk-ozbay","12":"first","13":"instock","14":"sale","15":"shipping-taxable","16":"purchasable","17":"product-type-simple"},"_links":{"self":[{"href":"https:\/\/roveyayinevi.com.tr\/index.php\/wp-json\/wp\/v2\/product\/735933","targetHints":{"allow":["GET"]}}],"collection":[{"href":"https:\/\/roveyayinevi.com.tr\/index.php\/wp-json\/wp\/v2\/product"}],"about":[{"href":"https:\/\/roveyayinevi.com.tr\/index.php\/wp-json\/wp\/v2\/types\/product"}],"wp:attachment":[{"href":"https:\/\/roveyayinevi.com.tr\/index.php\/wp-json\/wp\/v2\/media?parent=735933"}],"wp:term":[{"taxonomy":"product_brand","embeddable":true,"href":"https:\/\/roveyayinevi.com.tr\/index.php\/wp-json\/wp\/v2\/product_brand?post=735933"},{"taxonomy":"product_cat","embeddable":true,"href":"https:\/\/roveyayinevi.com.tr\/index.php\/wp-json\/wp\/v2\/product_cat?post=735933"},{"taxonomy":"product_tag","embeddable":true,"href":"https:\/\/roveyayinevi.com.tr\/index.php\/wp-json\/wp\/v2\/product_tag?post=735933"}],"curies":[{"name":"wp","href":"https:\/\/api.w.org\/{rel}","templated":true}]}}