{"id":735932,"date":"2025-08-27T22:57:48","date_gmt":"2025-08-27T19:57:48","guid":{"rendered":"https:\/\/roveyayinevi.com.tr\/index.php\/urun\/norad\/"},"modified":"2026-04-16T02:44:39","modified_gmt":"2026-04-15T23:44:39","slug":"norad","status":"publish","type":"product","link":"https:\/\/roveyayinevi.com.tr\/index.php\/urun\/norad\/","title":{"rendered":"Norad"},"content":{"rendered":"<p>Ak\u0131ldan daha \u00f6nemli \u015feyler var Norad. \u0130yilik, \u015fefkat, nezaket, l\u00fctuf! Bunlarla farkl\u0131l\u0131k yarat\u0131p vah\u015fili\u011fi yenebilir ve akl\u0131 do\u011fru kullanabilmek i\u00e7in uygun ortam\u0131 sa\u011flayabiliriz. Bizce evrenin i\u015fleyi\u015finde bir hata var. Yani biz bu \u015fekilde d\u00fc\u015f\u00fcn\u00fcyoruz. Bu hata vah\u015filik! Evrenin devam\u0131n\u0131 sa\u011flamak i\u00e7in uygulanan bu kusursuz gibi g\u00f6r\u00fcnen y\u00f6ntem, t\u00fcrlerin sava\u015f\u0131, t\u00fcrler medenile\u015ftik\u00e7e sorgulanabilir olmu\u015ftur. Fizyolojik g\u00fcd\u00fcler her zaman ayn\u0131 i\u015ftah\u0131yla yok etmeye devam ediyor evet, ancak bizler bu sava\u015f\u0131 durdurmaya \u00e7al\u0131\u015f\u0131yoruz. Vah\u015fili\u011fi kendi irademizle \u00f6nleyebilirsek bu evrenin i\u015fleyi\u015fine m\u00fcdahale de edebiliriz. Vah\u015fi olmak zorunda de\u011filiz! Eminim insanlar\u0131n i\u00e7inde de bu vah\u015filikten ka\u00e7mak isteyen milyonlar vard\u0131r. Toplu ak\u0131l genele bakarsan ka\u00e7mak istiyor, bunun i\u00e7in \u015fehirler kuruyor ama yine de d\u00fczen, vah\u015fili\u011fi bir \u015fekilde tekrar ortaya \u00e7\u0131kar\u0131yor. Bu y\u00fczden ka\u00e7maya \u00e7al\u0131\u015fmak yerine daha ayd\u0131n bir toplum yaratarak bunu makul bir seviyede kontrol etmeye \u00e7al\u0131\u015fmal\u0131y\u0131z. Sizin gezegeniniz i\u00e7inde de ayd\u0131n insanlar\u0131 bulmal\u0131 ve yeni bir topluluk kurmal\u0131s\u0131n\u0131z. Bir vir\u00fcs gibi o gezgenden di\u011ferine yok ederek gitmenin hi\u00e7bir anlam\u0131 yok. Ya\u015fanacak \u015feyler ayn\u0131! Uyum sa\u011flamal\u0131 ve vah\u015fili\u011fi kontrol alt\u0131nda tutmal\u0131y\u0131z. Teknoloji ile geli\u015fti\u011fini ve medenile\u015fti\u011fini sanmak b\u00fcy\u00fck bir yan\u0131lg\u0131d\u0131r. Do\u011fru kullan\u0131l\u0131r ise teknolojinin faydas\u0131 elbette ki var ancak s\u00f6yle bana, inan\u0131lmaz ak\u0131ll\u0131 robotlar yaratsan\u0131z dahi, onlara s\u00fcper g\u00fc\u00e7ler y\u00fckleseniz dahi elde edebilece\u011finiz nedir? D\u00f6ng\u00fc yine ayn\u0131d\u0131r. Onlar ham madde aramayacaklar m\u0131, onlar yeni teknolojiler \u00fcretmeyecekler mi? Ya\u015fam zaten bize s\u00fcper makineler vermiyor mu Norad? Her \u015fey \u00f6n\u00fcm\u00fczde, binlerce y\u0131l sonra eri\u015febilece\u011finiz teknoloji \u00f6n\u00fcm\u00fczde! Bir bebekten daha teknolojik ne yaratabilirsin! Ondan \u00f6te s\u00fcper makine var m\u0131d\u0131r? \u0130\u015fte bu y\u00fczden e\u011fitebildi\u011fimiz kadar \u00e7ok \u00e7ocuk e\u011fitmeliyiz, onlar\u0131 ba\u015f\u0131bo\u015f b\u0131rakmamal\u0131y\u0131z, karanl\u0131k, ayd\u0131nl\u0131k olana kadar bu u\u011furda sava\u015f vermeliyiz.<\/p>\n","protected":false},"excerpt":{"rendered":"<p>Ak\u0131ldan daha \u00f6nemli \u015feyler var Norad. \u0130yilik, \u015fefkat, nezaket, l\u00fctuf! Bunlarla farkl\u0131l\u0131k yarat\u0131p vah\u015fili\u011fi yenebilir ve akl\u0131 do\u011fru kullanabilmek i\u00e7in uygun ortam\u0131 sa\u011flayabiliriz. Bizce evrenin i\u015fleyi\u015finde<span class=\"excerpt-hellip\"> [\u2026]<\/span><\/p>\n","protected":false},"featured_media":0,"template":"","meta":{"_monsterinsights_skip_tracking":false,"_monsterinsights_sitenote_active":false,"_monsterinsights_sitenote_note":"","_monsterinsights_sitenote_category":0},"product_brand":[],"product_cat":[12540,12291],"product_tag":[],"class_list":{"0":"post-735932","1":"product","2":"type-product","3":"status-publish","5":"product_cat-bilim-kurgu","6":"product_cat-edebiyat","7":"pa_cilt-ciltsiz","8":"pa_tur-kitap","9":"pa_yayinevi-luna-yayinlari","10":"pa_yazar-mehmet-canpolat","12":"first","13":"instock","14":"sale","15":"shipping-taxable","16":"purchasable","17":"product-type-simple"},"_links":{"self":[{"href":"https:\/\/roveyayinevi.com.tr\/index.php\/wp-json\/wp\/v2\/product\/735932","targetHints":{"allow":["GET"]}}],"collection":[{"href":"https:\/\/roveyayinevi.com.tr\/index.php\/wp-json\/wp\/v2\/product"}],"about":[{"href":"https:\/\/roveyayinevi.com.tr\/index.php\/wp-json\/wp\/v2\/types\/product"}],"wp:attachment":[{"href":"https:\/\/roveyayinevi.com.tr\/index.php\/wp-json\/wp\/v2\/media?parent=735932"}],"wp:term":[{"taxonomy":"product_brand","embeddable":true,"href":"https:\/\/roveyayinevi.com.tr\/index.php\/wp-json\/wp\/v2\/product_brand?post=735932"},{"taxonomy":"product_cat","embeddable":true,"href":"https:\/\/roveyayinevi.com.tr\/index.php\/wp-json\/wp\/v2\/product_cat?post=735932"},{"taxonomy":"product_tag","embeddable":true,"href":"https:\/\/roveyayinevi.com.tr\/index.php\/wp-json\/wp\/v2\/product_tag?post=735932"}],"curies":[{"name":"wp","href":"https:\/\/api.w.org\/{rel}","templated":true}]}}