{"id":735931,"date":"2025-08-27T22:57:47","date_gmt":"2025-08-27T19:57:47","guid":{"rendered":"https:\/\/roveyayinevi.com.tr\/index.php\/urun\/istemek\/"},"modified":"2026-04-08T02:53:38","modified_gmt":"2026-04-07T23:53:38","slug":"istemek","status":"publish","type":"product","link":"https:\/\/roveyayinevi.com.tr\/index.php\/urun\/istemek\/","title":{"rendered":"\u0130stemek"},"content":{"rendered":"<p>D\u00fcnya arzular\u0131m\u0131z\u0131n \u00e7evresinde mi d\u00f6n\u00fcyor? \u00d6yleyse, arzular\u0131m\u0131z kimlerin \u00e7evresinde d\u00f6n\u00fcyor, evrenimiz kimlerin etraf\u0131nda kurulu? Luke Burgis son kitab\u0131 \u0130stemek\u2019te Girard\u2019\u0131n mimetik arzu teorisini g\u00fcndelik hayata ve i\u015f hayat\u0131na uygulayarak bizi y\u00f6neten gizli g\u00fc\u00e7lerin foyas\u0131n\u0131 meydana \u00e7\u0131kar\u0131yor. Girard\u2019a ve Burgis\u2019e g\u00f6re, taklit yoluyla i\u015fleyen mimetik teorinin arkas\u0131ndaki g\u00fc\u00e7, arzular\u0131m\u0131z ve \u00f6zellikle de i\u00e7g\u00fcd\u00fcsel ihtiya\u00e7lar\u0131m\u0131zd\u0131r. Ba\u015fkalar\u0131n\u0131n sahip oldu\u011fu veya ba\u015fkalar\u0131n\u0131n istedi\u011fi \u015feyleri isteriz.  Giri\u015fim, e\u011fitim, klasik felsefe ve teoloji birikimlerinden yararlanan Burgis k\u00f6r\u00fc k\u00f6r\u00fcne istemeyi bilin\u00e7li istemeye d\u00f6n\u00fc\u015ft\u00fcrmenin, k\u0131skan\u00e7l\u0131k tuza\u011f\u0131na d\u00fc\u015fmemenin, arzular\u0131m\u0131z\u0131 do\u011fru \u015feyleri istemek ve kendimizi ba\u015ftan yaratmak i\u00e7in kullanman\u0131n yolunu g\u00f6steriyor bizlere. Hayat\u0131m\u0131zda dizginleri ele almak, modadan ve trendlerden ba\u011f\u0131ms\u0131zl\u0131\u011f\u0131m\u0131z\u0131 ilan etmek, hem i\u015fimizde hem de ya\u015famlar\u0131m\u0131zda anlam bulmak m\u00fcmk\u00fcn. Gelece\u011fi arzular\u0131m\u0131z bi\u00e7imlendirecek. \u0130stemek\u2019te Luke Burgis bizlere daha iyi bir gelecek kurman\u0131n yolunu g\u00f6steriyor. <\/p>\n","protected":false},"excerpt":{"rendered":"<p>D\u00fcnya arzular\u0131m\u0131z\u0131n \u00e7evresinde mi d\u00f6n\u00fcyor? \u00d6yleyse, arzular\u0131m\u0131z kimlerin \u00e7evresinde d\u00f6n\u00fcyor, evrenimiz kimlerin etraf\u0131nda kurulu? Luke Burgis son kitab\u0131 \u0130stemek\u2019te Girard\u2019\u0131n mimetik arzu teorisini g\u00fcndelik hayata ve<span class=\"excerpt-hellip\"> [\u2026]<\/span><\/p>\n","protected":false},"featured_media":0,"template":"","meta":{"_monsterinsights_skip_tracking":false,"_monsterinsights_sitenote_active":false,"_monsterinsights_sitenote_note":"","_monsterinsights_sitenote_category":0},"product_brand":[],"product_cat":[12364,12376],"product_tag":[],"class_list":{"0":"post-735931","1":"product","2":"type-product","3":"status-publish","5":"product_cat-genel-konular","6":"product_cat-kisisel-gelisim","7":"pa_cilt-ciltsiz","8":"pa_tur-kitap","9":"pa_yayinevi-mediacat-kitaplari","10":"pa_yazar-luke-burgis","12":"first","13":"instock","14":"sale","15":"shipping-taxable","16":"purchasable","17":"product-type-simple"},"_links":{"self":[{"href":"https:\/\/roveyayinevi.com.tr\/index.php\/wp-json\/wp\/v2\/product\/735931","targetHints":{"allow":["GET"]}}],"collection":[{"href":"https:\/\/roveyayinevi.com.tr\/index.php\/wp-json\/wp\/v2\/product"}],"about":[{"href":"https:\/\/roveyayinevi.com.tr\/index.php\/wp-json\/wp\/v2\/types\/product"}],"wp:attachment":[{"href":"https:\/\/roveyayinevi.com.tr\/index.php\/wp-json\/wp\/v2\/media?parent=735931"}],"wp:term":[{"taxonomy":"product_brand","embeddable":true,"href":"https:\/\/roveyayinevi.com.tr\/index.php\/wp-json\/wp\/v2\/product_brand?post=735931"},{"taxonomy":"product_cat","embeddable":true,"href":"https:\/\/roveyayinevi.com.tr\/index.php\/wp-json\/wp\/v2\/product_cat?post=735931"},{"taxonomy":"product_tag","embeddable":true,"href":"https:\/\/roveyayinevi.com.tr\/index.php\/wp-json\/wp\/v2\/product_tag?post=735931"}],"curies":[{"name":"wp","href":"https:\/\/api.w.org\/{rel}","templated":true}]}}