{"id":735930,"date":"2025-08-27T22:57:46","date_gmt":"2025-08-27T19:57:46","guid":{"rendered":"https:\/\/roveyayinevi.com.tr\/index.php\/urun\/noise-gurultu\/"},"modified":"2026-04-15T02:57:35","modified_gmt":"2026-04-14T23:57:35","slug":"noise-gurultu","status":"publish","type":"product","link":"https:\/\/roveyayinevi.com.tr\/index.php\/urun\/noise-gurultu\/","title":{"rendered":"Noise (G\u00fcr\u00fclt\u00fc)"},"content":{"rendered":"<p>G\u00fcn\u00fcm\u00fczde akl\u0131m\u0131z\u0131 toparlay\u0131p bir i\u015fe odaklanmak \u00e7ok zor. Ak\u0131ll\u0131 telefonlar, tabletler, ak\u0131ll\u0131 saatler her an dikkatimizin ve ilgimizin pe\u015finde. Mesajlar, e-postalar, bildirimler ya\u011fmur gibi ya\u011f\u0131yor. Dikkat da\u011f\u0131n\u0131kl\u0131\u011f\u0131 \u00e7a\u011f\u0131m\u0131z\u0131n vebas\u0131 ve \u00e7ocuk yeti\u015ftirme \u015feklimizi, y\u00f6neticilik becerilerimizi, i\u015f performans\u0131m\u0131z\u0131 etkiliyor. Joseph McCormack G\u00fcr\u00fclt\u00fc kitab\u0131nda bu kuru g\u00fcr\u00fclt\u00fc ortam\u0131nda hayatta kalmak ve ba\u015far\u0131l\u0131 bir lider olmak i\u00e7in yap\u0131lmas\u0131 gerekenleri anlat\u0131yor. O u\u011fuldayan g\u00fcr\u00fclt\u00fcn\u00fcn i\u00e7inde \u00f6nemli olanlar\u0131 g\u00f6rmenin ve onlara odaklanman\u0131n hayati bir beceri oldu\u011funun alt\u0131n\u0131 \u00e7iziyor. McCormack\u2019\u0131n kitab\u0131 oda\u011f\u0131m\u0131z\u0131 geli\u015ftirmek i\u00e7in gerekli teknikleri; ABD Ordusu, Harley Davidson ve Mastercard gibi kurumlarda verilen odaklanma e\u011fitimlerinin \u00f6z\u00fcn\u00fc, modern teknolojinin do\u011fru kullan\u0131ld\u0131\u011f\u0131nda nas\u0131l daha iyi odaklanmam\u0131z\u0131 sa\u011flayabilece\u011fini, \u00e7a\u011f\u0131m\u0131zda ak\u0131l sa\u011fl\u0131\u011f\u0131m\u0131z\u0131 ve i\u00e7 huzurumuzu koruman\u0131n yollar\u0131n\u0131 pratik bir rehber format\u0131nda sunuyor. G\u00fcr\u00fclt\u00fc hem g\u00fcndelik ya\u015famda i\u00e7 huzurunu korumak hem de liderlik becerilerini geli\u015ftirmek isteyenler i\u00e7in de\u011ferli bir kaynak. <\/p>\n","protected":false},"excerpt":{"rendered":"<p>G\u00fcn\u00fcm\u00fczde akl\u0131m\u0131z\u0131 toparlay\u0131p bir i\u015fe odaklanmak \u00e7ok zor. Ak\u0131ll\u0131 telefonlar, tabletler, ak\u0131ll\u0131 saatler her an dikkatimizin ve ilgimizin pe\u015finde. Mesajlar, e-postalar, bildirimler ya\u011fmur gibi ya\u011f\u0131yor. Dikkat<span class=\"excerpt-hellip\"> [\u2026]<\/span><\/p>\n","protected":false},"featured_media":0,"template":"","meta":{"_monsterinsights_skip_tracking":false,"_monsterinsights_sitenote_active":false,"_monsterinsights_sitenote_note":"","_monsterinsights_sitenote_category":0},"product_brand":[],"product_cat":[12364,12376],"product_tag":[],"class_list":{"0":"post-735930","1":"product","2":"type-product","3":"status-publish","5":"product_cat-genel-konular","6":"product_cat-kisisel-gelisim","7":"pa_cilt-ciltsiz","8":"pa_tur-kitap","9":"pa_yayinevi-mediacat-kitaplari","10":"pa_yazar-joseph-mccormack","12":"first","13":"instock","14":"sale","15":"shipping-taxable","16":"purchasable","17":"product-type-simple"},"_links":{"self":[{"href":"https:\/\/roveyayinevi.com.tr\/index.php\/wp-json\/wp\/v2\/product\/735930","targetHints":{"allow":["GET"]}}],"collection":[{"href":"https:\/\/roveyayinevi.com.tr\/index.php\/wp-json\/wp\/v2\/product"}],"about":[{"href":"https:\/\/roveyayinevi.com.tr\/index.php\/wp-json\/wp\/v2\/types\/product"}],"wp:attachment":[{"href":"https:\/\/roveyayinevi.com.tr\/index.php\/wp-json\/wp\/v2\/media?parent=735930"}],"wp:term":[{"taxonomy":"product_brand","embeddable":true,"href":"https:\/\/roveyayinevi.com.tr\/index.php\/wp-json\/wp\/v2\/product_brand?post=735930"},{"taxonomy":"product_cat","embeddable":true,"href":"https:\/\/roveyayinevi.com.tr\/index.php\/wp-json\/wp\/v2\/product_cat?post=735930"},{"taxonomy":"product_tag","embeddable":true,"href":"https:\/\/roveyayinevi.com.tr\/index.php\/wp-json\/wp\/v2\/product_tag?post=735930"}],"curies":[{"name":"wp","href":"https:\/\/api.w.org\/{rel}","templated":true}]}}